{"id":110872,"date":"2026-02-06T00:00:00","date_gmt":"2026-02-06T05:00:00","guid":{"rendered":"http:\/\/gpl-love.com\/es\/producto\/ohio-creative-portfolio-agency-wordpress-theme\/"},"modified":"2026-04-10T11:20:15","modified_gmt":"2026-04-10T16:20:15","slug":"ohio-creative-portfolio-agency-wordpress-theme","status":"publish","type":"product","link":"https:\/\/gpl-love.com\/es\/producto\/ohio-creative-portfolio-agency-wordpress-theme\/","title":{"rendered":"Ohio Creative Portfolio y Agency WordPress Theme 3.6.5"},"content":{"rendered":"<h3>Ohio Creative Portfolio y Agency WordPress Theme Caracteristicas<\/h3>\n<p>La cartera creativa de Ohio y el tema de WordPress de la agencia, reconocido por su versatilidad y modernidad, atiende a las necesidades de profesionales creativos y agencias por igual. Con un dise\u00f1o elegantemente elegante y elegante, este tema est\u00e1 garantizado para impulsar su cartera o agencia a la vanguardia del reino en l\u00ednea. Con una extensa gama de opciones de personalizaci\u00f3n a su disposici\u00f3n, abarca m\u00faltiples dise\u00f1os de p\u00e1gina de inicio, esquemas de color y opciones de fuentes, adapte sin esfuerzo el tema para alinearse perfectamente con su marca e estilo individual. Adem\u00e1s, el tema de Ohio ofrece una variedad de caracter\u00edsticas potentes, como widgets personalizados, integraci\u00f3n con plataformas de redes sociales y un dise\u00f1o receptivo que exuda excelencia en todos los dispositivos. Independientemente de si usted es un dise\u00f1ador, fot\u00f3grafo o agencia creativa, la cartera creativa de Ohio y el tema de WordPress de la agencia demuestran ser la selecci\u00f3n por excelencia para exhibir su trabajo y cautivar a los clientes potenciales en su esfera creativa.<\/p>\n<ul>\n<li>Tema de WordPress dise\u00f1ado profesionalmente para carteras creativas y agencias<\/li>\n<li>Dise\u00f1o moderno y elegante con esquemas de color personalizables<\/li>\n<li>Totalmente receptivo y optimizado para todos los dispositivos<\/li>\n<li>Constructor de p\u00e1gina de arrastre y suelto f\u00e1cil de usar<\/li>\n<li>M\u00faltiples dise\u00f1os y estilos de cartera para elegir<\/li>\n<li>Opciones personalizables de encabezado y pie de p\u00e1gina<\/li>\n<li>Integraci\u00f3n con complementos populares como el Formulario de contacto 7 y Revolution Slider<\/li>\n<li>C\u00f3digo limpio y bien documentado para una f\u00e1cil personalizaci\u00f3n<\/li>\n<li>Funci\u00f3n de importaci\u00f3n de demostraci\u00f3n de un solo clic para una configuraci\u00f3n r\u00e1pida<\/li>\n<li>Equipo de soporte dedicado y actualizaciones regulares para un rendimiento \u00f3ptimo.<\/li>\n<\/ul>\n","protected":false},"excerpt":{"rendered":"<p>El tema de WordPress de la cartera creativa de Ohio y la agencia de WordPress es una herramienta notablemente adaptable y altamente sofisticada espec\u00edficamente dise\u00f1ada para ayudarlo a mostrar su cartera o crear un sitio web impresionante para su agencia. Con una extensa gama de alternativas de personalizaci\u00f3n, que abarca innumerables demostraciones preconstruidas, esquemas de color, dise\u00f1os y fuentes, Ohio, le permite fabricar un sitio web est\u00e9ticamente fascinante que genuinamente incorpora la esencia de su marca. En la naturaleza notablemente receptiva, este tema incorpora un potente constructor de p\u00e1ginas y est\u00e1 meticulosamente optimizado para la optimizaci\u00f3n de motores de b\u00fasqueda, lo que le permite generar grandes cantidades de tr\u00e1fico en su estimado sitio web. No pierda el tiempo y se embarque en su viaje de Ohio hoy, aline\u00e1ndose as\u00ed con las ilustre filas de creativos triunfantes dispersos por todo el mundo.<\/p>\n","protected":false},"featured_media":167094,"comment_status":"open","ping_status":"open","template":"","meta":[],"product_brand":[2337],"product_cat":[1267,1237,1238],"product_tag":[1391],"class_list":{"0":"post-110872","1":"product","2":"type-product","3":"status-publish","4":"has-post-thumbnail","6":"product_brand-themeforest","7":"product_cat-creativo","8":"product_cat-temas","9":"product_cat-wordpress-temas","10":"product_tag-themeforest","11":"member-discount","12":"discount-restricted","14":"first","15":"instock","16":"sale","17":"downloadable","18":"virtual","19":"sold-individually","20":"purchasable","21":"product-type-simple"},"_links":{"self":[{"href":"https:\/\/gpl-love.com\/es\/wp-json\/wp\/v2\/product\/110872","targetHints":{"allow":["GET"]}}],"collection":[{"href":"https:\/\/gpl-love.com\/es\/wp-json\/wp\/v2\/product"}],"about":[{"href":"https:\/\/gpl-love.com\/es\/wp-json\/wp\/v2\/types\/product"}],"replies":[{"embeddable":true,"href":"https:\/\/gpl-love.com\/es\/wp-json\/wp\/v2\/comments?post=110872"}],"wp:featuredmedia":[{"embeddable":true,"href":"https:\/\/gpl-love.com\/es\/wp-json\/wp\/v2\/media\/167094"}],"wp:attachment":[{"href":"https:\/\/gpl-love.com\/es\/wp-json\/wp\/v2\/media?parent=110872"}],"wp:term":[{"taxonomy":"product_brand","embeddable":true,"href":"https:\/\/gpl-love.com\/es\/wp-json\/wp\/v2\/product_brand?post=110872"},{"taxonomy":"product_cat","embeddable":true,"href":"https:\/\/gpl-love.com\/es\/wp-json\/wp\/v2\/product_cat?post=110872"},{"taxonomy":"product_tag","embeddable":true,"href":"https:\/\/gpl-love.com\/es\/wp-json\/wp\/v2\/product_tag?post=110872"}],"curies":[{"name":"wp","href":"https:\/\/api.w.org\/{rel}","templated":true}]}}