{"id":110870,"date":"2025-12-28T00:00:00","date_gmt":"2025-12-28T05:00:00","guid":{"rendered":"http:\/\/gpl-love.com\/es\/producto\/generateblocks-pro-build-better-wordpress-sites-with-generateblocks\/"},"modified":"2026-03-09T07:37:15","modified_gmt":"2026-03-09T12:37:15","slug":"generateblocks-pro-build-better-wordpress-sites-with-generateblocks","status":"publish","type":"product","link":"https:\/\/gpl-love.com\/es\/producto\/generateblocks-pro-build-better-wordpress-sites-with-generateblocks\/","title":{"rendered":"GenerateBlocks Pro Build better WordPress sites with GenerateBlocks 2.5.0"},"content":{"rendered":"<h3>GenerateBlocks Pro Build better WordPress sites with GenerateBlocks Caracteristicas<\/h3>\n<p>GenerateBlocks Pro es un complemento de WordPress altamente eficiente que proporciona una gran cantidad de capacidades para permitir que los constructores de sitios elaboren sin esfuerzo sitios web visualmente cautivadores. Al incorporar una gama integral de herramientas de dise\u00f1o robustas y f\u00e1ciles de usar, GenerateBlocks Pro otorga a los usuarios acceso a una variedad diversa de bloques y plantillas personalizables, facilitando la r\u00e1pida creaci\u00f3n de un sitio web distintivo y pulido. La integraci\u00f3n perfecta de una interfaz de arrastrar y soltar y la incorporaci\u00f3n de caracter\u00edsticas de dise\u00f1o receptivas mejoran a\u00fan m\u00e1s la experiencia del usuario, lo que permite la creaci\u00f3n sin esfuerzo de sitios web visualmente impresionantes que se adaptan perfectamente a cualquier dispositivo. Independientemente de si posee una amplia experiencia en dise\u00f1o web o se est\u00e1 embarcando en este viaje, GenerateBlocks Pro se presenta como la soluci\u00f3n \u00f3ptima para las personas que se esfuerzan por construir sitios excepcionales de WordPress.<\/p>\n<ul>\n<li>Amplia gama de bloques personalizables para dise\u00f1ar dise\u00f1os \u00fanicos para sitios de WordPress<\/li>\n<li>Plantillas predise\u00f1adas disponibles para un proceso de construcci\u00f3n de sitios f\u00e1cil y f\u00e1cil<\/li>\n<li>Bloques de carga livianos y r\u00e1pidos para una velocidad y rendimiento \u00f3ptimos del sitio<\/li>\n<li>Caracter\u00edsticas de edici\u00f3n de bloques mejoradas, que incluyen copiar, pegar y m\u00e1s<\/li>\n<li>Acceso a actualizaciones futuras y nuevas adiciones de bloque con la suscripci\u00f3n a Pro<\/li>\n<li>Compatibilidad con temas populares de WordPress y constructores de p\u00e1ginas<\/li>\n<li>Amable para principiantes con una interfaz simple de arrastrar y soltar, pero tambi\u00e9n ofrece opciones avanzadas para usuarios experimentados<\/li>\n<li>Atenci\u00f3n al cliente excepcional y foro comunitario para la resoluci\u00f3n de problemas e inspiraci\u00f3n.<\/li>\n<\/ul>\n","protected":false},"excerpt":{"rendered":"<p>GenerateBlocks Pro es la soluci\u00f3n preeminente para las personas que buscan construir sin esfuerzo los sitios de WordPress visualmente cautivadores. Con una gran cantidad de funcionalidades avanzadas y una interfaz intuitiva dise\u00f1ada, esta herramienta le permite adaptar los dise\u00f1os, dise\u00f1os y elementos que atienden con precisi\u00f3n sus requisitos \u00fanicos. Independientemente de si posee una amplia experiencia en programaci\u00f3n o se est\u00e1 embarcando en su viaje de desarrollo web, GenerateBlocks Pro proporciona recursos que abarca todo necesarios para impulsar su sitio de WordPress a alturas sin precedentes. Despedirse del irritante enigma de complejidades de codificaci\u00f3n y adoptar el advenimiento de resultados exquisitos y de grado profesional con la ayuda de GenerateBlocks Pro.<\/p>\n","protected":false},"featured_media":166194,"comment_status":"open","ping_status":"open","template":"","meta":[],"product_brand":[2462],"product_cat":[1214,1206,1211],"product_tag":[1698],"class_list":{"0":"post-110870","1":"product","2":"type-product","3":"status-publish","4":"has-post-thumbnail","6":"product_brand-generate-blocks","7":"product_cat-personalizacion","8":"product_cat-plugins","9":"product_cat-wordpress-plugins","10":"product_tag-generate-blocks","11":"member-discount","12":"discount-restricted","14":"first","15":"instock","16":"sale","17":"downloadable","18":"virtual","19":"sold-individually","20":"purchasable","21":"product-type-simple"},"_links":{"self":[{"href":"https:\/\/gpl-love.com\/es\/wp-json\/wp\/v2\/product\/110870","targetHints":{"allow":["GET"]}}],"collection":[{"href":"https:\/\/gpl-love.com\/es\/wp-json\/wp\/v2\/product"}],"about":[{"href":"https:\/\/gpl-love.com\/es\/wp-json\/wp\/v2\/types\/product"}],"replies":[{"embeddable":true,"href":"https:\/\/gpl-love.com\/es\/wp-json\/wp\/v2\/comments?post=110870"}],"wp:featuredmedia":[{"embeddable":true,"href":"https:\/\/gpl-love.com\/es\/wp-json\/wp\/v2\/media\/166194"}],"wp:attachment":[{"href":"https:\/\/gpl-love.com\/es\/wp-json\/wp\/v2\/media?parent=110870"}],"wp:term":[{"taxonomy":"product_brand","embeddable":true,"href":"https:\/\/gpl-love.com\/es\/wp-json\/wp\/v2\/product_brand?post=110870"},{"taxonomy":"product_cat","embeddable":true,"href":"https:\/\/gpl-love.com\/es\/wp-json\/wp\/v2\/product_cat?post=110870"},{"taxonomy":"product_tag","embeddable":true,"href":"https:\/\/gpl-love.com\/es\/wp-json\/wp\/v2\/product_tag?post=110870"}],"curies":[{"name":"wp","href":"https:\/\/api.w.org\/{rel}","templated":true}]}}