{"id":110868,"date":"2026-04-19T00:00:00","date_gmt":"2026-04-19T05:00:00","guid":{"rendered":"http:\/\/gpl-love.com\/es\/producto\/flyingpress-taking-wordpress-to-new-heights\/"},"modified":"2026-04-19T17:15:23","modified_gmt":"2026-04-19T22:15:23","slug":"flyingpress-taking-wordpress-to-new-heights","status":"publish","type":"product","link":"https:\/\/gpl-love.com\/es\/producto\/flyingpress-taking-wordpress-to-new-heights\/","title":{"rendered":"FlyingPress Taking WordPress to new heights 5.4.3"},"content":{"rendered":"<h3>FlyingPress Taking WordPress to new heights Caracteristicas<\/h3>\n<p>Introducir FlyingPress, un innovador complemento de WordPress que elevar\u00e1 su sitio web a niveles sin precedentes. Armado con funcionalidades de vanguardia y optimizaciones robustas, garantiza la carga de la p\u00e1gina de la velocidad del rayo, las clasificaciones de SEO mejoradas y una experiencia de usuario incomparable. Dise\u00f1ado espec\u00edficamente para ajustar el rendimiento de su sitio web, disminuye competentemente los tama\u00f1os de las p\u00e1ginas, minimiza las solicitudes HTTP y capitaliza el almacenamiento en cach\u00e9 del navegador, entre una variedad de otras t\u00e9cnicas de Paramount. Adem\u00e1s, ofrece una sofisticada compresi\u00f3n de im\u00e1genes, capacidades de carga perezosa y generaci\u00f3n cr\u00edtica de CSS, transformando su sitio web en una entidad r\u00e1pida sin esfuerzo en todos los dispositivos imaginables. Independientemente de si usted es un blogger prol\u00edfico o un tenaz emprendedor de comercio electr\u00f3nico, FlyingPress es un complemento esencial de WordPress que impulsar\u00e1 indudablemente su sitio web a alturas desconocidas.<\/p>\n<ul>\n<li>Revolucionario complemento de WordPress dise\u00f1ado para optimizar el rendimiento del sitio web<\/li>\n<li>Utiliza t\u00e9cnicas avanzadas de almacenamiento en cach\u00e9 y minificaci\u00f3n para optimizar los tiempos de carga<\/li>\n<li>Reduce la carga del servidor y mejora la velocidad y la estabilidad del sitio web<\/li>\n<li>Configuraciones y configuraciones personalizables para adaptarse a las necesidades individuales del sitio web<\/li>\n<li>Aumenta el sitio web SEO y mejora la experiencia del usuario<\/li>\n<li>F\u00e1cil de usar e instalar sin necesidad de codificaci\u00f3n<\/li>\n<li>Compatible con temas y complementos populares de WordPress<\/li>\n<li>Actualizaciones regulares y atenci\u00f3n al cliente proporcionadas<\/li>\n<\/ul>\n","protected":false},"excerpt":{"rendered":"<p>FlyingPress es una plataforma sofisticada y robusta que ha sido meticulosamente elaborada para elevar su experiencia de WordPress a niveles sin precedentes. A trav\u00e9s de sus perfectas capacidades de integraci\u00f3n y velocidades asombrosamente r\u00e1pidas, FlyingPress facilita sin esfuerzo la optimizaci\u00f3n de su sitio web, el aumento de sus esfuerzos de SEO y la mejora significativa de la experiencia general del usuario. Del\u00e9itese en las ventajas de la escalabilidad instant\u00e1nea, las medidas de seguridad fortificadas y la gesti\u00f3n de sitios web sin esfuerzo que proporciona FlyingPress.<\/p>\n","protected":false},"featured_media":166126,"comment_status":"open","ping_status":"open","template":"","meta":[],"product_brand":[2457],"product_cat":[1206,1579,1211],"product_tag":[1696],"class_list":{"0":"post-110868","1":"product","2":"type-product","3":"status-publish","4":"has-post-thumbnail","6":"product_brand-flying-press","7":"product_cat-plugins","8":"product_cat-rendimiento","9":"product_cat-wordpress-plugins","10":"product_tag-flying-press","11":"member-discount","12":"discount-restricted","14":"first","15":"instock","16":"sale","17":"downloadable","18":"virtual","19":"sold-individually","20":"purchasable","21":"product-type-simple"},"_links":{"self":[{"href":"https:\/\/gpl-love.com\/es\/wp-json\/wp\/v2\/product\/110868","targetHints":{"allow":["GET"]}}],"collection":[{"href":"https:\/\/gpl-love.com\/es\/wp-json\/wp\/v2\/product"}],"about":[{"href":"https:\/\/gpl-love.com\/es\/wp-json\/wp\/v2\/types\/product"}],"replies":[{"embeddable":true,"href":"https:\/\/gpl-love.com\/es\/wp-json\/wp\/v2\/comments?post=110868"}],"wp:featuredmedia":[{"embeddable":true,"href":"https:\/\/gpl-love.com\/es\/wp-json\/wp\/v2\/media\/166126"}],"wp:attachment":[{"href":"https:\/\/gpl-love.com\/es\/wp-json\/wp\/v2\/media?parent=110868"}],"wp:term":[{"taxonomy":"product_brand","embeddable":true,"href":"https:\/\/gpl-love.com\/es\/wp-json\/wp\/v2\/product_brand?post=110868"},{"taxonomy":"product_cat","embeddable":true,"href":"https:\/\/gpl-love.com\/es\/wp-json\/wp\/v2\/product_cat?post=110868"},{"taxonomy":"product_tag","embeddable":true,"href":"https:\/\/gpl-love.com\/es\/wp-json\/wp\/v2\/product_tag?post=110868"}],"curies":[{"name":"wp","href":"https:\/\/api.w.org\/{rel}","templated":true}]}}