{"id":110866,"date":"2026-04-16T00:00:00","date_gmt":"2026-04-16T05:00:00","guid":{"rendered":"http:\/\/gpl-love.com\/es\/producto\/share-one-drive-onedrive-plugin-for-wordpress\/"},"modified":"2026-04-16T17:16:22","modified_gmt":"2026-04-16T22:16:22","slug":"share-one-drive-onedrive-plugin-for-wordpress","status":"publish","type":"product","link":"https:\/\/gpl-love.com\/es\/producto\/share-one-drive-onedrive-plugin-for-wordpress\/","title":{"rendered":"Share-one-Drive OneDrive plugin para WordPress 3.5.3"},"content":{"rendered":"<h3>Share-one-Drive OneDrive plugin para WordPress Caracteristicas<\/h3>\n<p>Share-One-Drive, un complemento OneDrive muy robusto espec\u00edficamente dise\u00f1ado para sitios web de WordPress, presenta una oportunidad excepcional para incorporar sin esfuerzo su cuenta OnEdrive en su sitio web, facilitando as\u00ed una experiencia de intercambio y colaboraci\u00f3n sin esfuerzo entre sus estimados miembros del equipo y clientes valiosos. El complemento no solo le otorga la capacidad de cargar directamente, descargar y administrar archivos desde su tablero de WordPress, sino que tambi\u00e9n ofrece una soluci\u00f3n segura y confiable para el almacenamiento y distribuci\u00f3n de datos confidenciales. Independientemente de si usted es un blogger dedicado, un desarrollador web experimentado o un propietario de un negocio exigente, la indispensabilidad de compartir una conducci\u00f3n como una herramienta invaluable para optimizar su flujo de trabajo y mejorar su productividad general no puede exagerarse.<\/p>\n<ul>\n<li>Integra la funcionalidad onedrive sin problemas en WordPress<\/li>\n<li>Proporciona a los usuarios la capacidad de compartir archivos y carpetas almacenadas en OneDrive directamente desde su sitio de WordPress<\/li>\n<li>Permite una f\u00e1cil colaboraci\u00f3n y administraci\u00f3n de archivos entre usuarios de WordPress y usuarios de OneDrive<\/li>\n<li>Incluye opciones personalizables para compartir archivos y control de acceso<\/li>\n<li>Agiliza el flujo de trabajo para aquellos que usan con frecuencia WordPress y OneDrive<\/li>\n<li>Aumenta la productividad al eliminar la necesidad de cambiar entre plataformas para acceder y compartir archivos<\/li>\n<li>Compatible con m\u00faltiples versiones de WordPress y OneDrive para mayor flexibilidad<\/li>\n<li>Proporciona una conexi\u00f3n segura y confiable entre WordPress y OneDrive para compartir archivos y administraci\u00f3n<\/li>\n<li>Simplifica el proceso de integrar archivos de OneDrive en p\u00e1ginas y publicaciones de WordPress<\/li>\n<li>Ofrece un excelente soporte y documentaci\u00f3n para que los usuarios garanticen un proceso de integraci\u00f3n sin problemas.<\/li>\n<\/ul>\n","protected":false},"excerpt":{"rendered":"<p>El complemento ONEDRive Share-One Drive para WordPress es una herramienta excepcionalmente poderosa que ofrece la capacidad conveniente para administrar y compartir eficientemente sus archivos de almacenamiento en la nube directamente desde su sitio web de WordPress, proporcionando conveniencia incomparable y funcionalidad optimizada. Al utilizar este complemento, tiene la capacidad sin esfuerzo para cargar sin esfuerzo, organizar efectivamente y compartir los archivos sin problemas con sus estimados usuarios, todo desde los l\u00edmites de su tablero de WordPress, eliminando la necesidad de una navegaci\u00f3n ardua entre varias plataformas. Ya sea que su objetivo implique el intercambio de documentos imperativos, las fotos cautivadoras o los videos cautivadores, el complemento Share-One Drive acelera y simplifica el proceso de transferir sus archivos a la nube, haci\u00e9ndolos accesibles a sus destinatarios previstos. Con su interfaz inmaculada e intuitiva navegable y su extensa gama de caracter\u00edsticas dise\u00f1adas para abordar de manera integral sus necesidades, este complemento elimina expertamente las complejidades onerosas t\u00edpicamente asociadas con la administraci\u00f3n de sus archivos de almacenamiento en la nube, lo que le permite concentrarse diligentemente en los asuntos que realmente garantizan su atenci\u00f3n y su atenci\u00f3n y su atenci\u00f3n y su atenci\u00f3n y su atenci\u00f3n. dedicaci\u00f3n.<\/p>\n","protected":false},"featured_media":167467,"comment_status":"open","ping_status":"closed","template":"","meta":[],"product_brand":[2339],"product_cat":[1214,1206,1211],"product_tag":[1256],"class_list":{"0":"post-110866","1":"product","2":"type-product","3":"status-publish","4":"has-post-thumbnail","6":"product_brand-codecanyon","7":"product_cat-personalizacion","8":"product_cat-plugins","9":"product_cat-wordpress-plugins","10":"product_tag-codecanyon","11":"member-discount","12":"discount-restricted","14":"first","15":"instock","16":"sale","17":"downloadable","18":"virtual","19":"sold-individually","20":"purchasable","21":"product-type-simple"},"_links":{"self":[{"href":"https:\/\/gpl-love.com\/es\/wp-json\/wp\/v2\/product\/110866","targetHints":{"allow":["GET"]}}],"collection":[{"href":"https:\/\/gpl-love.com\/es\/wp-json\/wp\/v2\/product"}],"about":[{"href":"https:\/\/gpl-love.com\/es\/wp-json\/wp\/v2\/types\/product"}],"replies":[{"embeddable":true,"href":"https:\/\/gpl-love.com\/es\/wp-json\/wp\/v2\/comments?post=110866"}],"wp:featuredmedia":[{"embeddable":true,"href":"https:\/\/gpl-love.com\/es\/wp-json\/wp\/v2\/media\/167467"}],"wp:attachment":[{"href":"https:\/\/gpl-love.com\/es\/wp-json\/wp\/v2\/media?parent=110866"}],"wp:term":[{"taxonomy":"product_brand","embeddable":true,"href":"https:\/\/gpl-love.com\/es\/wp-json\/wp\/v2\/product_brand?post=110866"},{"taxonomy":"product_cat","embeddable":true,"href":"https:\/\/gpl-love.com\/es\/wp-json\/wp\/v2\/product_cat?post=110866"},{"taxonomy":"product_tag","embeddable":true,"href":"https:\/\/gpl-love.com\/es\/wp-json\/wp\/v2\/product_tag?post=110866"}],"curies":[{"name":"wp","href":"https:\/\/api.w.org\/{rel}","templated":true}]}}