{"id":110864,"date":"2026-03-02T00:00:00","date_gmt":"2026-03-02T05:00:00","guid":{"rendered":"http:\/\/gpl-love.com\/es\/producto\/woocommerce-wallet\/"},"modified":"2026-03-09T08:26:29","modified_gmt":"2026-03-09T13:26:29","slug":"woocommerce-wallet","status":"publish","type":"product","link":"https:\/\/gpl-love.com\/es\/producto\/woocommerce-wallet\/","title":{"rendered":"WooCommerce Wallet 5.8.0"},"content":{"rendered":"<h3>WooCommerce Wallet Caracteristicas<\/h3>\n<p>WooCommerce Wallet, un complemento extremadamente confiable y f\u00e1cil de usar, otorga a los clientes la capacidad de preservar sus cr\u00e9ditos y emplearlos para las pr\u00f3ximas compras. Los clientes reciben la comodidad de administrar sus fondos, examinando su historial de transacciones y reponiendo su saldo por medio de diversos m\u00e9todos de pago. El complemento se integra sin problemas con WooCommerce, lo que brinda a los clientes el privilegio de emplear su saldo de billetera para una fracci\u00f3n o el pago completo durante el proceso de pago. No solo eso, este notable complemento otorga a los propietarios de tiendas la flexibilidad de configurar limitaciones de billetera, consentir a los clientes leales con cr\u00e9ditos suplementarios y m\u00e1s. En esencia, WooCommerce Wallet extiende una soluci\u00f3n de pago notablemente conveniente e inexpugnable para los compradores en l\u00ednea, todo el tiempo ayudando a los propietarios de tiendas a reforzar la lealtad del cliente y conducir las ventas aumentadas.<\/p>\n<ul>\n<li>Permite a los clientes almacenar y usar fondos en una billetera virtual en su sitio de WooCommerce<\/li>\n<li>Admite m\u00faltiples m\u00e9todos de pago, incluidas tarjetas de cr\u00e9dito y criptomonedas<\/li>\n<li>Habilita transacciones r\u00e1pidas y seguras con tarifas m\u00ednimas de procesamiento de pagos<\/li>\n<li>Ofrece a los clientes una experiencia de pago conveniente y perfecta, lo que lleva a una mayor ventas y satisfacci\u00f3n del cliente.<\/li>\n<li>Proporciona a los comerciantes una forma simple de administrar y rastrear transacciones de billetera, incluidos dep\u00f3sitos, retiros y reembolsos<\/li>\n<li>Puede integrarse con complementos y extensiones de terceros para la funcionalidad ampliada y las opciones de personalizaci\u00f3n<\/li>\n<li>Incluye configuraciones de billetera personalizables, historial de transacciones y funciones de gesti\u00f3n de equilibrio para clientes y comerciantes<\/li>\n<li>Ofrece una soluci\u00f3n confiable y escalable para empresas de todos los tama\u00f1os, desde peque\u00f1as tiendas hasta grandes plataformas de comercio electr\u00f3nico.<\/li>\n<\/ul>\n","protected":false},"excerpt":{"rendered":"<p>La billetera de entrada WooCommerce surge como un m\u00e9todo excepcionalmente eficiente y altamente seguro para manejar de manera efectiva sus pagos en l\u00ednea. Mediante este ingenioso complemento, posee la capacidad sin esfuerzo para monitorear meticulosamente sus saldos de billetera, complementar sin problemas los fondos y consumar transacciones inexpugnables directamente desde su cuenta de WooCommerce. Adem\u00e1s, esta billetera superlativa otorga a los clientes la notable capacidad de retener de forma segura y sin esfuerzo sus recursos financieros con el fin de las compras posteriores. Con una interfaz que es de naturaleza f\u00e1cil de usar, mientras que simult\u00e1neamente fortifica con una variedad de caracter\u00edsticas de seguridad robustas, este complemento fundamental es resuelta como un activo indispensable para los propietarios de emporio virtuales que buscan racionalizar y optimizar ardientemente su proceso de pagos.<\/p>\n","protected":false},"featured_media":168307,"comment_status":"open","ping_status":"open","template":"","meta":[],"product_brand":[2339],"product_cat":[1207,1426,1206],"product_tag":[1256],"class_list":{"0":"post-110864","1":"product","2":"type-product","3":"status-publish","4":"has-post-thumbnail","6":"product_brand-codecanyon","7":"product_cat-comercio-electronico-plugins","8":"product_cat-pago-comercio-electronico-plugins","9":"product_cat-plugins","10":"product_tag-codecanyon","11":"member-discount","12":"discount-restricted","14":"first","15":"instock","16":"sale","17":"downloadable","18":"virtual","19":"sold-individually","20":"purchasable","21":"product-type-simple"},"_links":{"self":[{"href":"https:\/\/gpl-love.com\/es\/wp-json\/wp\/v2\/product\/110864","targetHints":{"allow":["GET"]}}],"collection":[{"href":"https:\/\/gpl-love.com\/es\/wp-json\/wp\/v2\/product"}],"about":[{"href":"https:\/\/gpl-love.com\/es\/wp-json\/wp\/v2\/types\/product"}],"replies":[{"embeddable":true,"href":"https:\/\/gpl-love.com\/es\/wp-json\/wp\/v2\/comments?post=110864"}],"wp:featuredmedia":[{"embeddable":true,"href":"https:\/\/gpl-love.com\/es\/wp-json\/wp\/v2\/media\/168307"}],"wp:attachment":[{"href":"https:\/\/gpl-love.com\/es\/wp-json\/wp\/v2\/media?parent=110864"}],"wp:term":[{"taxonomy":"product_brand","embeddable":true,"href":"https:\/\/gpl-love.com\/es\/wp-json\/wp\/v2\/product_brand?post=110864"},{"taxonomy":"product_cat","embeddable":true,"href":"https:\/\/gpl-love.com\/es\/wp-json\/wp\/v2\/product_cat?post=110864"},{"taxonomy":"product_tag","embeddable":true,"href":"https:\/\/gpl-love.com\/es\/wp-json\/wp\/v2\/product_tag?post=110864"}],"curies":[{"name":"wp","href":"https:\/\/api.w.org\/{rel}","templated":true}]}}