{"id":110860,"date":"2026-02-23T00:00:00","date_gmt":"2026-02-23T05:00:00","guid":{"rendered":"http:\/\/gpl-love.com\/es\/producto\/tin-canny-reporting-for-learndash\/"},"modified":"2026-04-10T11:28:49","modified_gmt":"2026-04-10T16:28:49","slug":"tin-canny-reporting-for-learndash","status":"publish","type":"product","link":"https:\/\/gpl-love.com\/es\/producto\/tin-canny-reporting-for-learndash\/","title":{"rendered":"Tin Canny Reporting para LearnDash 5.1.1"},"content":{"rendered":"<h3>Tin Canny Reporting para LearnDash Caracteristicas<\/h3>\n<p>El informe de Tin Canny para LearnDash es un sistema de gesti\u00f3n de aprendizaje extremadamente vers\u00e1til, repleto de una gama integral de herramientas de informes, que satisface las necesidades exigentes de los instructores de cursos y los administradores por igual. En virtud de las capacidades inherentes de este software, los usuarios est\u00e1n facultados para rastrear y monitorear meticulosamente el progreso, el compromiso y el rendimiento de los alumnos en una amplia gama de cursos y m\u00f3dulos. Adem\u00e1s, los informes de Tin Canny sirven para optimizar la ardua tarea del an\u00e1lisis de datos, lo que permite a los usuarios generar informes de manera amplia que resalte efectivamente las m\u00e9tricas fundamentales y las tendencias discernibles. Adem\u00e1s, la facilidad de uso inherente de este software lo hace integrable sin problemas en plataformas LMS preexistentes. Para resumir sucintamente, los informes de lata cannia para LearnDash emergen como una herramienta excepcional, una que no solo agiliza el proceso de monitoreo del progreso del alumno, sino que tambi\u00e9n mejora significativamente la eficacia de cualquier curso.<\/p>\n<ul>\n<li>Sistema de informes integral para LearnDash LMS<\/li>\n<li>Plantillas de informes personalizables<\/li>\n<li>An\u00e1lisis avanzado y visualizaci\u00f3n de datos<\/li>\n<li>Ideas detalladas sobre el progreso y el compromiso del usuario<\/li>\n<li>Actualizaciones y notificaciones en tiempo real<\/li>\n<li>Programaci\u00f3n automatizada y entrega de informes<\/li>\n<li>Integraci\u00f3n perfecta con LearnDash y otros complementos<\/li>\n<li>Capacidades de exportaci\u00f3n y intercambio de datos optimizadas<\/li>\n<li>Interfaz f\u00e1cil de usar con filtros y funciones de b\u00fasqueda f\u00e1ciles de usar<\/li>\n<li>Seguimiento y monitoreo efectivos de los resultados del aprendizaje y las m\u00e9tricas de rendimiento<\/li>\n<\/ul>\n","protected":false},"excerpt":{"rendered":"<p>Los informes de Tin Canny para LearnDash emergen como un instrumento de informes notablemente potente, asegurando que obtenga acceso a una comprensi\u00f3n notablemente completa sobre el rendimiento de sus cursos de LearnDash. En virtud de sus herramientas f\u00e1ciles de usar, este complemento le ayuda a monitorear meticulosamente el progreso de sus alumnos, junto con la analizaci\u00f3n de sus m\u00e9tricas de rendimiento que abarcan tasas de finalizaci\u00f3n, puntajes de cuestiones y tasas de participaci\u00f3n. Adem\u00e1s, esta herramienta invaluable le permite generar informes personalizados, exportarlos posteriormente y difundir las ideas resultantes entre las partes interesadas fundamentales. Independientemente de si funciona como entrenador, instructor o propietario de un negocio, se hace evidente evidentemente que el informe de lata para LearnDash asume el estado de un instrumento indispensable, uno que inevitablemente facilita la optimizaci\u00f3n de la efectividad de la ense\u00f1anza, el desbloqueo de ideas invaluables y En \u00faltima instancia, el logro de resultados superiores.<\/p>\n","protected":false},"featured_media":167829,"comment_status":"open","ping_status":"open","template":"","meta":[],"product_brand":[2485],"product_cat":[1212,1206,1211],"product_tag":[1745],"class_list":{"0":"post-110860","1":"product","2":"type-product","3":"status-publish","4":"has-post-thumbnail","6":"product_brand-uncanny-owl","7":"product_cat-administracion-wordpress-plugins","8":"product_cat-plugins","9":"product_cat-wordpress-plugins","10":"product_tag-uncanny-owl","11":"member-discount","12":"discount-restricted","14":"first","15":"instock","16":"sale","17":"downloadable","18":"virtual","19":"sold-individually","20":"purchasable","21":"product-type-simple"},"_links":{"self":[{"href":"https:\/\/gpl-love.com\/es\/wp-json\/wp\/v2\/product\/110860","targetHints":{"allow":["GET"]}}],"collection":[{"href":"https:\/\/gpl-love.com\/es\/wp-json\/wp\/v2\/product"}],"about":[{"href":"https:\/\/gpl-love.com\/es\/wp-json\/wp\/v2\/types\/product"}],"replies":[{"embeddable":true,"href":"https:\/\/gpl-love.com\/es\/wp-json\/wp\/v2\/comments?post=110860"}],"wp:featuredmedia":[{"embeddable":true,"href":"https:\/\/gpl-love.com\/es\/wp-json\/wp\/v2\/media\/167829"}],"wp:attachment":[{"href":"https:\/\/gpl-love.com\/es\/wp-json\/wp\/v2\/media?parent=110860"}],"wp:term":[{"taxonomy":"product_brand","embeddable":true,"href":"https:\/\/gpl-love.com\/es\/wp-json\/wp\/v2\/product_brand?post=110860"},{"taxonomy":"product_cat","embeddable":true,"href":"https:\/\/gpl-love.com\/es\/wp-json\/wp\/v2\/product_cat?post=110860"},{"taxonomy":"product_tag","embeddable":true,"href":"https:\/\/gpl-love.com\/es\/wp-json\/wp\/v2\/product_tag?post=110860"}],"curies":[{"name":"wp","href":"https:\/\/api.w.org\/{rel}","templated":true}]}}