{"id":110858,"date":"2021-11-06T00:00:00","date_gmt":"2021-11-06T05:00:00","guid":{"rendered":"http:\/\/gpl-love.com\/es\/producto\/coupon-wheel-for-woocommerce-and-wordpress\/"},"modified":"2026-03-09T07:24:49","modified_gmt":"2026-03-09T12:24:49","slug":"coupon-wheel-for-woocommerce-and-wordpress","status":"publish","type":"product","link":"https:\/\/gpl-love.com\/es\/producto\/coupon-wheel-for-woocommerce-and-wordpress\/","title":{"rendered":"Coupon Wheel For WooCommerce y WordPress 3.4.9"},"content":{"rendered":"<h3>Coupon Wheel For WooCommerce y WordPress Caracteristicas<\/h3>\n<p>La rueda de cup\u00f3n para WooCommerce y WordPress sirve como una herramienta altamente eficaz, lo que permite a las empresas en l\u00ednea atraer eficazmente a los clientes novedosos y mejorar sus cifras de ventas. Este complemento excepcional funciona al generar una ruina giratoria interactiva e interactiva con la que los clientes pueden comprometerse para asegurar descuentos o adquirir productos de cortes\u00eda. Lo que realmente distingue a esta rueda de cup\u00f3n es su nivel de personalizaci\u00f3n incomparable, otorgando a los propietarios de tiendas la capacidad de seleccionar personalmente el n\u00famero preciso de rodajas de ruedas, as\u00ed como los tonos vibrantes y las atractivas recompensas que se ofrecer\u00e1n. En t\u00e9rminos de accesibilidad, este complemento se integra perfectamente con las plataformas WooCommerce y WordPress, asegurando un proceso de instalaci\u00f3n y utilizaci\u00f3n directo. Al atraer a los clientes con la posibilidad de ganar premios notables, la rueda de cup\u00f3n para WooCommerce y WordPress fomenta una mayor probabilidad de compras repetidas, al tiempo que inculca simult\u00e1neamente un sentido palpable de urgencia para realizar una compra de inmediato. Dadas estas profundas ventajas, es indiscutible que este complemento se considere una necesidad absoluta para que cualquier tienda en l\u00ednea se esfuerce por aumentar sus cifras de ventas y cultivar una experiencia de cliente atractiva.<\/p>\n<ul>\n<li>Un potente complemento de rueda de cup\u00f3n para WooCommerce y WordPress<\/li>\n<li>Aumente el compromiso con sus clientes ofreciendo ruedas de cup\u00f3n giratorias<\/li>\n<li>Instalaci\u00f3n f\u00e1cil y dise\u00f1o personalizable para que coincida con su sitio web<\/li>\n<li>Personalizar cupones, probabilidad y m\u00e1s para satisfacer sus requisitos comerciales<\/li>\n<li>Todos los principales navegadores apoyados para facilitar el uso<\/li>\n<li>Estad\u00edsticas detalladas para rastrear el rendimiento de su rueda de cup\u00f3n<\/li>\n<li>Dirija los mercados espec\u00edficos con diferentes ofertas de cupones<\/li>\n<li>Dise\u00f1o receptivo para una visualizaci\u00f3n \u00f3ptima en todos los dispositivos<\/li>\n<li>Opci\u00f3n para integrarse con las populares herramientas de marketing por correo electr\u00f3nico para aumentar las conversiones.<\/li>\n<\/ul>\n","protected":false},"excerpt":{"rendered":"<p>Nuestra rueda de cup\u00f3n para WooCommerce y WordPress es la herramienta perfecta para mejorar su negocio en l\u00ednea. Esta caracter\u00edstica innovadora le permitir\u00e1 incorporar una rueda de cup\u00f3n giratoria divertida y atractiva en su sitio web. Dise\u00f1ado espec\u00edficamente para las plataformas WooCommerce y WordPress, este complemento lo ayudar\u00e1 a aumentar la participaci\u00f3n de su cliente y generar m\u00e1s ventas. Con su f\u00e1cil integraci\u00f3n, puede configurar sin esfuerzo la rueda de cup\u00f3n en solo unos pocos clics. The Wheel ofrece una variedad de descuentos y premios, alentando a los clientes a hacer una compra. La rueda de cup\u00f3n tambi\u00e9n viene con una interfaz personalizable, lo que le permite adaptar su aspecto para que coincida con su marca. \u00a1Aumente su negocio en l\u00ednea con nuestra rueda de cup\u00f3n para WooCommerce y WordPress hoy!<\/p>\n","protected":false},"featured_media":165669,"comment_status":"open","ping_status":"open","template":"","meta":[],"product_brand":[2339],"product_cat":[1207,1225,1206],"product_tag":[1256],"class_list":{"0":"post-110858","1":"product","2":"type-product","3":"status-publish","4":"has-post-thumbnail","6":"product_brand-codecanyon","7":"product_cat-comercio-electronico-plugins","8":"product_cat-marketing","9":"product_cat-plugins","10":"product_tag-codecanyon","11":"member-discount","12":"discount-restricted","14":"first","15":"instock","16":"sale","17":"downloadable","18":"virtual","19":"sold-individually","20":"purchasable","21":"product-type-simple"},"_links":{"self":[{"href":"https:\/\/gpl-love.com\/es\/wp-json\/wp\/v2\/product\/110858","targetHints":{"allow":["GET"]}}],"collection":[{"href":"https:\/\/gpl-love.com\/es\/wp-json\/wp\/v2\/product"}],"about":[{"href":"https:\/\/gpl-love.com\/es\/wp-json\/wp\/v2\/types\/product"}],"replies":[{"embeddable":true,"href":"https:\/\/gpl-love.com\/es\/wp-json\/wp\/v2\/comments?post=110858"}],"wp:featuredmedia":[{"embeddable":true,"href":"https:\/\/gpl-love.com\/es\/wp-json\/wp\/v2\/media\/165669"}],"wp:attachment":[{"href":"https:\/\/gpl-love.com\/es\/wp-json\/wp\/v2\/media?parent=110858"}],"wp:term":[{"taxonomy":"product_brand","embeddable":true,"href":"https:\/\/gpl-love.com\/es\/wp-json\/wp\/v2\/product_brand?post=110858"},{"taxonomy":"product_cat","embeddable":true,"href":"https:\/\/gpl-love.com\/es\/wp-json\/wp\/v2\/product_cat?post=110858"},{"taxonomy":"product_tag","embeddable":true,"href":"https:\/\/gpl-love.com\/es\/wp-json\/wp\/v2\/product_tag?post=110858"}],"curies":[{"name":"wp","href":"https:\/\/api.w.org\/{rel}","templated":true}]}}