{"id":110856,"date":"2021-02-24T00:00:00","date_gmt":"2021-02-24T05:00:00","guid":{"rendered":"http:\/\/gpl-love.com\/es\/producto\/reality-real-estate-wordpress-theme\/"},"modified":"2026-04-10T11:22:57","modified_gmt":"2026-04-10T16:22:57","slug":"reality-real-estate-wordpress-theme","status":"publish","type":"product","link":"https:\/\/gpl-love.com\/es\/producto\/reality-real-estate-wordpress-theme\/","title":{"rendered":"Reality Real Estate WordPress Theme 2.5.9"},"content":{"rendered":"<h3>Reality Real Estate WordPress Theme Caracteristicas<\/h3>\n<p>El tema de WordPress Reality Real Estate es una soluci\u00f3n excepcional que satisface las necesidades de agentes inmobiliarios, corredores y agencias que aspiran a exhibir sus propiedades de una manera que exude profesionalismo y ofrece amplias opciones de personalizaci\u00f3n. Este tema incre\u00edblemente vers\u00e1til ha sido meticulosamente elaborado para facilitar la creaci\u00f3n de un sitio web visualmente llamativo que no solo capta la atenci\u00f3n, sino que tambi\u00e9n es f\u00e1cil de manejar. Con una variedad de caracter\u00edsticas y opciones, le permite diferenciarse de sus competidores en una industria que es ferozmente competitiva. Ya sea exhibiendo sus listados de propiedades a trav\u00e9s de galer\u00edas cautivadoras, acentuando atributos cruciales con widgets a medida o incluso dise\u00f1ando b\u00fasquedas de propiedades personalizadas, este tema lo abarca todo. Adem\u00e1s, su dise\u00f1o receptivo y su amplia gama de posibilidades de personalizaci\u00f3n le permiten dise\u00f1ar sin esfuerzo un sitio web que refleje la identidad de su marca y atraiga y convierta efectivamente una mayor cantidad de clientes potenciales. Cuando est\u00e9 buscando un tema de WordPress inmobiliario robusto y vers\u00e1til, su b\u00fasqueda termina con la realidad, ya que surge como la elecci\u00f3n por excelencia para sus requisitos.<\/p>\n<ul>\n<li>Dise\u00f1o moderno y profesional perfecto para sitios web de bienes ra\u00edces<\/li>\n<li>Totalmente receptivo y amigable para los dispositivos m\u00f3viles para una experiencia de usuario perfecta en cualquier dispositivo<\/li>\n<li>Opciones personalizables de encabezado y pie de p\u00e1gina para que coincidan con su marca<\/li>\n<li>Opciones avanzadas de b\u00fasqueda y filtrado para listados de propiedades<\/li>\n<li>Formularios de env\u00edo de propiedades personalizadas para env\u00edos f\u00e1ciles de clientes<\/li>\n<li>Herramientas incorporadas para mostrar perfiles y carteras de agentes<\/li>\n<li>Integraci\u00f3n con Google Maps para una f\u00e1cil visualizaci\u00f3n de ubicaci\u00f3n de propiedades<\/li>\n<li>Opciones para la generaci\u00f3n y gesti\u00f3n de leads con formularios de contacto incorporados y seguimiento de plomo<\/li>\n<li>Dise\u00f1o y c\u00f3digo amigable para SEO para una mejor clasificaci\u00f3n del motor de b\u00fasqueda<\/li>\n<li>Instalaci\u00f3n de demostraci\u00f3n de un solo clic para una f\u00e1cil configuraci\u00f3n y personalizaci\u00f3n<\/li>\n<\/ul>\n","protected":false},"excerpt":{"rendered":"<p>La entrada: el tema de WordPress Reality Real Estate, caracterizado por su est\u00e9tica elegante y moderna, ha sido dise\u00f1ado espec\u00edficamente para los agentes y agencias inmobiliarios exigentes de hoy. Con su dise\u00f1o impecablemente limpio e infinitamente personalizable, este tema le permite exhibir elegantemente su amplia gama de propiedades y servicios de una manera inequ\u00edvocamente profesional y cautivadora. Aprovechando sus capacidades de b\u00fasqueda de vanguardia, este tema facilita sin problemas el descubrimiento objetivo de la propiedad ideal para cada visitante, aumentando as\u00ed el colector de satisfacci\u00f3n del usuario. Adem\u00e1s, la capacidad de respuesta inherente del tema garantiza que su sitio web exudar\u00e1 a gran brillantez en una mir\u00edada de dispositivos, mejorando as\u00ed la experiencia general del usuario. Adem\u00e1s, para acelerar el proceso de desarrollo del sitio web, el tema se acompa\u00f1a de una variedad de plantillas y dise\u00f1os predise\u00f1ados. Por lo tanto, independientemente de si usted es un aspirante a emprendedor inmobiliario o uno existente que busca inyectar vitalidad en su presencia en l\u00ednea, la entrada: el tema de WordPress de bienes ra\u00edces de realidad indiscutiblemente es una elecci\u00f3n inigualable.<\/p>\n","protected":false},"featured_media":167329,"comment_status":"open","ping_status":"open","template":"","meta":[],"product_brand":[2337],"product_cat":[1381,1237,1238],"product_tag":[1391],"class_list":{"0":"post-110856","1":"product","2":"type-product","3":"status-publish","4":"has-post-thumbnail","6":"product_brand-themeforest","7":"product_cat-bienes-raices","8":"product_cat-temas","9":"product_cat-wordpress-temas","10":"product_tag-themeforest","11":"member-discount","12":"discount-restricted","14":"first","15":"instock","16":"sale","17":"downloadable","18":"virtual","19":"sold-individually","20":"purchasable","21":"product-type-simple"},"_links":{"self":[{"href":"https:\/\/gpl-love.com\/es\/wp-json\/wp\/v2\/product\/110856","targetHints":{"allow":["GET"]}}],"collection":[{"href":"https:\/\/gpl-love.com\/es\/wp-json\/wp\/v2\/product"}],"about":[{"href":"https:\/\/gpl-love.com\/es\/wp-json\/wp\/v2\/types\/product"}],"replies":[{"embeddable":true,"href":"https:\/\/gpl-love.com\/es\/wp-json\/wp\/v2\/comments?post=110856"}],"wp:featuredmedia":[{"embeddable":true,"href":"https:\/\/gpl-love.com\/es\/wp-json\/wp\/v2\/media\/167329"}],"wp:attachment":[{"href":"https:\/\/gpl-love.com\/es\/wp-json\/wp\/v2\/media?parent=110856"}],"wp:term":[{"taxonomy":"product_brand","embeddable":true,"href":"https:\/\/gpl-love.com\/es\/wp-json\/wp\/v2\/product_brand?post=110856"},{"taxonomy":"product_cat","embeddable":true,"href":"https:\/\/gpl-love.com\/es\/wp-json\/wp\/v2\/product_cat?post=110856"},{"taxonomy":"product_tag","embeddable":true,"href":"https:\/\/gpl-love.com\/es\/wp-json\/wp\/v2\/product_tag?post=110856"}],"curies":[{"name":"wp","href":"https:\/\/api.w.org\/{rel}","templated":true}]}}