{"id":110852,"date":"2025-07-29T00:00:00","date_gmt":"2025-07-29T05:00:00","guid":{"rendered":"http:\/\/gpl-love.com\/es\/producto\/design-upgrade-pro-for-learndash\/"},"modified":"2026-03-09T07:26:53","modified_gmt":"2026-03-09T12:26:53","slug":"design-upgrade-pro-for-learndash","status":"publish","type":"product","link":"https:\/\/gpl-love.com\/es\/producto\/design-upgrade-pro-for-learndash\/","title":{"rendered":"Design Upgrade Pro para LearnDash 2.29"},"content":{"rendered":"<h3>Design Upgrade Pro para LearnDash Caracteristicas<\/h3>\n<p>El Design Upgrade Pro para LearnDash es un producto de software altamente innovador que ha sido meticulosamente dise\u00f1ado para ofrecer a los creadores de cursos de LearnDash una experiencia de usuario extraordinaria. En virtud de sus sofisticadas opciones de dise\u00f1o, los usuarios pueden personalizar sin esfuerzo la apariencia y el ambiente de sus cursos de LearnDash para alinearse sin problemas con su identidad de marca, creando as\u00ed un aura de profesionalismo. Este producto excepcional cuenta con una amplia gama de caracter\u00edsticas, que abarcan dise\u00f1os de cursos personalizados, esquemas de color y opciones de tipograf\u00eda, facilitando as\u00ed la creaci\u00f3n sin esfuerzo de cursos visualmente cautivadores que involucran activamente a los alumnos. Independientemente de si posee una amplia experiencia en la elaboraci\u00f3n de cursos o es un novato completo en el \u00e1mbito de LearnDash, la actualizaci\u00f3n de dise\u00f1o de forma inequ\u00edvoca representa una inversi\u00f3n encomiable que sin duda lo distinguir\u00e1 de sus compa\u00f1eros y culminar\u00e1 en un viaje educativo enriquecedor para sus estudiantes.<\/p>\n<ul>\n<li>Dise\u00f1o de curso de LearnDash personalizable y de aspecto profesional<\/li>\n<li>Interfaz de arrastre y ca\u00edda f\u00e1cil de usar<\/li>\n<li>Plantillas y temas incorporados para elegir<\/li>\n<li>Compatible con cualquier tema de LearnDash<\/li>\n<li>Capacidad para obtener una vista previa del dise\u00f1o del curso en tiempo real<\/li>\n<li>Opci\u00f3n para guardar y reutilizar dise\u00f1os personalizados<\/li>\n<li>Dise\u00f1o de respuesta m\u00f3vil para una visualizaci\u00f3n \u00f3ptima en cualquier dispositivo<\/li>\n<li>Capacidad de edici\u00f3n visual para el contenido y dise\u00f1o del curso<\/li>\n<li>Mayor de compromiso y tasas de finalizaci\u00f3n del curso con un dise\u00f1o mejorado<\/li>\n<li>Compra \u00fanica con actualizaciones y soporte de por vida.<\/li>\n<\/ul>\n","protected":false},"excerpt":{"rendered":"<p>Experimente un viaje de aprendizaje sin problemas con Design Upgrade Pro para LearnDash, una adici\u00f3n premium a su plataforma de aprendizaje electr\u00f3nico. Esta actualizaci\u00f3n no solo eleva el atractivo est\u00e9tico de sus cursos, sino que tambi\u00e9n mejora la experiencia general del usuario. La actualizaci\u00f3n de dise\u00f1o proporciona una gama de caracter\u00edsticas exclusivas como opciones de personalizaci\u00f3n f\u00e1cil, navegaci\u00f3n mejorada y una interfaz visualmente atractiva. Con el dise\u00f1o de la actualizaci\u00f3n Pro, prep\u00e1rese para aumentar la participaci\u00f3n del usuario y las tasas de finalizaci\u00f3n del curso. Es hora de transformar su plataforma LearnDash y crear un entorno de aprendizaje m\u00e1s interactivo e inmersivo para sus usuarios.<\/p>\n","protected":false},"featured_media":165759,"comment_status":"open","ping_status":"open","template":"","meta":[],"product_brand":[2409],"product_cat":[1214,1206,1211],"product_tag":[1691],"class_list":{"0":"post-110852","1":"product","2":"type-product","3":"status-publish","4":"has-post-thumbnail","6":"product_brand-escape-creative","7":"product_cat-personalizacion","8":"product_cat-plugins","9":"product_cat-wordpress-plugins","10":"product_tag-escape-creative","11":"member-discount","12":"discount-restricted","14":"first","15":"instock","16":"sale","17":"downloadable","18":"virtual","19":"sold-individually","20":"purchasable","21":"product-type-simple"},"_links":{"self":[{"href":"https:\/\/gpl-love.com\/es\/wp-json\/wp\/v2\/product\/110852","targetHints":{"allow":["GET"]}}],"collection":[{"href":"https:\/\/gpl-love.com\/es\/wp-json\/wp\/v2\/product"}],"about":[{"href":"https:\/\/gpl-love.com\/es\/wp-json\/wp\/v2\/types\/product"}],"replies":[{"embeddable":true,"href":"https:\/\/gpl-love.com\/es\/wp-json\/wp\/v2\/comments?post=110852"}],"wp:featuredmedia":[{"embeddable":true,"href":"https:\/\/gpl-love.com\/es\/wp-json\/wp\/v2\/media\/165759"}],"wp:attachment":[{"href":"https:\/\/gpl-love.com\/es\/wp-json\/wp\/v2\/media?parent=110852"}],"wp:term":[{"taxonomy":"product_brand","embeddable":true,"href":"https:\/\/gpl-love.com\/es\/wp-json\/wp\/v2\/product_brand?post=110852"},{"taxonomy":"product_cat","embeddable":true,"href":"https:\/\/gpl-love.com\/es\/wp-json\/wp\/v2\/product_cat?post=110852"},{"taxonomy":"product_tag","embeddable":true,"href":"https:\/\/gpl-love.com\/es\/wp-json\/wp\/v2\/product_tag?post=110852"}],"curies":[{"name":"wp","href":"https:\/\/api.w.org\/{rel}","templated":true}]}}