{"id":110846,"date":"2024-04-23T00:00:00","date_gmt":"2024-04-23T05:00:00","guid":{"rendered":"http:\/\/gpl-love.com\/es\/producto\/nitro-universal-woocommerce-theme-from-ecommerce-experts\/"},"modified":"2026-04-10T11:19:43","modified_gmt":"2026-04-10T16:19:43","slug":"nitro-universal-woocommerce-theme-from-ecommerce-experts","status":"publish","type":"product","link":"https:\/\/gpl-love.com\/es\/producto\/nitro-universal-woocommerce-theme-from-ecommerce-experts\/","title":{"rendered":"Nitro Universal WooCommerce Tema from ecommerce experts 1.7.8"},"content":{"rendered":"<h3>Nitro Universal WooCommerce Tema from ecommerce experts Caracteristicas<\/h3>\n<p>Dise\u00f1ado por desarrolladores experimentados, el tema Nitro Universal WooCommerce es una soluci\u00f3n de comercio electr\u00f3nico altamente capaz y adaptable. Con un dise\u00f1o elegante y contempor\u00e1neo, este tema ofrece amplias opciones de personalizaci\u00f3n para satisfacer los requisitos espec\u00edficos de cualquier tienda en l\u00ednea. Con una compatibilidad perfecta con WooCommerce, la gesti\u00f3n de pedidos, el inventario y los pagos se vuelven muy f\u00e1ciles. Adem\u00e1s, el tema abarca una gran cantidad de caracter\u00edsticas indispensables, que incluye un filtro de productos, una vista r\u00e1pida y una lista de deseos, todo lo cual sirve para elevar la experiencia del usuario y reforzar las tasas de conversi\u00f3n. En resumen, el tema Nitro Universal WooCommerce es una opci\u00f3n confiable y eficiente para las empresas de comercio electr\u00f3nico que buscan elevar su presencia en l\u00ednea a alturas sin precedentes.<\/p>\n<ul>\n<li>Un tema de WooCommerce flexible y personalizable dise\u00f1ado por expertos en comercio electr\u00f3nico<\/li>\n<li>Compatible con WordPress, proporcionando una f\u00e1cil integraci\u00f3n con los sitios web existentes<\/li>\n<li>Cuenta con una variedad de dise\u00f1os predise\u00f1ados y demostraciones para diferentes tipos de tiendas en l\u00ednea<\/li>\n<li>Ofrece un dise\u00f1o receptivo que se ve muy bien en todos los dispositivos, incluidos los dispositivos m\u00f3viles y la tableta.<\/li>\n<li>Incluye un constructor de p\u00e1ginas incorporado para crear dise\u00f1os personalizados sin codificar<\/li>\n<li>Proporciona un excelente rendimiento, con tiempos de carga r\u00e1pidos y c\u00f3digo optimizado para SEO<\/li>\n<li>Incluye un poderoso sistema de men\u00fa para crear men\u00fas personalizados con varios estilos y efectos.<\/li>\n<li>Ofrece opciones de personalizaci\u00f3n f\u00e1ciles a trav\u00e9s de un panel de opciones de temas f\u00e1ciles de usar<\/li>\n<li>Permite una f\u00e1cil integraci\u00f3n con complementos populares de WordPress para una funcionalidad adicional<\/li>\n<li>Ofrece atenci\u00f3n al cliente confiable de los desarrolladores de temas para garantizar una experiencia de tienda en l\u00ednea fluida y exitosa.<\/li>\n<\/ul>\n","protected":false},"excerpt":{"rendered":"<p>El tema Nitro Universal WooCommerce, que ha sido meticulosamente elaborado por especialistas en comercio electr\u00f3nico experimentados, es una soluci\u00f3n formidable y robusta de comercio electr\u00f3nico que tiene como objetivo ayudarlo en la creaci\u00f3n de una tienda en l\u00ednea extraordinariamente impresionante. Con una extensa gama de caracter\u00edsticas ejemplares que incluyen opciones de personalizaci\u00f3n ilimitada, un dise\u00f1o receptivo impecable y una interfaz de usuario extremadamente intuitiva, este tema tiene el potencial de elevar y enriquecer la experiencia de compra general para su estimada clientela, finalmente impulsando y aumentando sus cifras de ventas a alturas sin precedentes. Adem\u00e1s, la integraci\u00f3n perfecta de este tema con WooCommerce garantiza la facilitaci\u00f3n sin esfuerzo de las ventas de productos, la gesti\u00f3n de pedidos y el seguimiento de inventario en tiempo real. \u00a1Emp\u00e1rate en un viaje de posibilidades ilimitadas con el tema nitro y catapulta a tus negocios en l\u00ednea a niveles incomparables de \u00e9xito y prosperidad!<\/p>\n","protected":false},"featured_media":167053,"comment_status":"open","ping_status":"open","template":"","meta":[],"product_brand":[2337],"product_cat":[1263,1264,1237],"product_tag":[1391],"class_list":{"0":"post-110846","1":"product","2":"type-product","3":"status-publish","4":"has-post-thumbnail","6":"product_brand-themeforest","7":"product_cat-comercio-electronico-temas","8":"product_cat-negocio","9":"product_cat-temas","10":"product_tag-themeforest","11":"member-discount","12":"discount-restricted","14":"first","15":"instock","16":"sale","17":"downloadable","18":"virtual","19":"sold-individually","20":"purchasable","21":"product-type-simple"},"_links":{"self":[{"href":"https:\/\/gpl-love.com\/es\/wp-json\/wp\/v2\/product\/110846","targetHints":{"allow":["GET"]}}],"collection":[{"href":"https:\/\/gpl-love.com\/es\/wp-json\/wp\/v2\/product"}],"about":[{"href":"https:\/\/gpl-love.com\/es\/wp-json\/wp\/v2\/types\/product"}],"replies":[{"embeddable":true,"href":"https:\/\/gpl-love.com\/es\/wp-json\/wp\/v2\/comments?post=110846"}],"wp:featuredmedia":[{"embeddable":true,"href":"https:\/\/gpl-love.com\/es\/wp-json\/wp\/v2\/media\/167053"}],"wp:attachment":[{"href":"https:\/\/gpl-love.com\/es\/wp-json\/wp\/v2\/media?parent=110846"}],"wp:term":[{"taxonomy":"product_brand","embeddable":true,"href":"https:\/\/gpl-love.com\/es\/wp-json\/wp\/v2\/product_brand?post=110846"},{"taxonomy":"product_cat","embeddable":true,"href":"https:\/\/gpl-love.com\/es\/wp-json\/wp\/v2\/product_cat?post=110846"},{"taxonomy":"product_tag","embeddable":true,"href":"https:\/\/gpl-love.com\/es\/wp-json\/wp\/v2\/product_tag?post=110846"}],"curies":[{"name":"wp","href":"https:\/\/api.w.org\/{rel}","templated":true}]}}