{"id":110841,"date":"2022-03-22T00:00:00","date_gmt":"2022-03-22T05:00:00","guid":{"rendered":"http:\/\/gpl-love.com\/es\/producto\/terina-multipurpose-elementor-woocommerce-theme\/"},"modified":"2026-04-10T11:27:19","modified_gmt":"2026-04-10T16:27:19","slug":"terina-multipurpose-elementor-woocommerce-theme","status":"publish","type":"product","link":"https:\/\/gpl-love.com\/es\/producto\/terina-multipurpose-elementor-woocommerce-theme\/","title":{"rendered":"Terina Multipurpose Elementor WooCommerce Theme 1.3.1"},"content":{"rendered":"<h3>Terina Multipurpose Elementor WooCommerce Theme Caracteristicas<\/h3>\n<p>El tema de Terina MultipUrpose Elementor WooCommerce es un tema excepcionalmente robusto y adaptable que es exquisitamente adecuado para una amplia gama de tiendas y negocios en l\u00ednea. La funcionalidad incomparable del tema es ejemplificada por su intuitivo creador de p\u00e1ginas de elementor, que le permite adaptar sin esfuerzo su sitio web para que coincida con precisi\u00f3n su identidad de marca \u00fanica y satisfaga efectivamente las necesidades espec\u00edficas de sus estimados clientes. Adem\u00e1s, el tema se integra perfectamente con WooCommerce, la plataforma l\u00edder de comercio electr\u00f3nico, que le presenta una oportunidad perfecta de establecer sin esfuerzo una tienda en l\u00ednea impecable y vender convenientemente sus productos excepcionales directamente desde su prestigioso sitio web. Adem\u00e1s, el tema de WooCommerce de Terina MultipUrpose le brinda el lujo de elegir desde una variedad sustancial de plantillas y dise\u00f1os meticulosamente elaborados o incluso hacer una milla adicional y personalizada dise\u00f1ando una obra maestra est\u00e9tica verdaderamente \u00fanica en su tipo desde cero. Vale la pena se\u00f1alar que el tema ha sido ajustado meticulosamente finos para optimizar la optimizaci\u00f3n de la velocidad y la optimizaci\u00f3n de motores de b\u00fasqueda (SEO), facilitando as\u00ed los tiempos de carga r\u00e1pidas y garantizando la clasificaci\u00f3n de motores de b\u00fasqueda encomiables. En consecuencia, independientemente de si se est\u00e1 embarcando en un viaje emocionante para inaugurar una empresa comercial innovadora o si est\u00e1 revitalizando fervientemente una empresa existente, Terina Multipurpose Elementor WooCommerce tema inequ\u00edvocamente emerge como la elecci\u00f3n por excelencia por excelencia para un sitio web sofisticado, pulido e inequ\u00edvocamente profesional que ese sitio web que seguramente dejar\u00e1 una impresi\u00f3n indeleble en su p\u00fablico objetivo exigente.<\/p>\n<ul>\n<li>Dise\u00f1o totalmente personalizable y vers\u00e1til, compatible con Elementor Page Builder<\/li>\n<li>Construido espec\u00edficamente para WooCommerce, lo que permite una f\u00e1cil creaci\u00f3n y gesti\u00f3n de tiendas en l\u00ednea<\/li>\n<li>Incluye m\u00faltiples dise\u00f1os de p\u00e1gina de inicio y p\u00e1gina interna para elegir<\/li>\n<li>Incluye una variedad de secciones y elementos predise\u00f1ados, como encabezados, pies de p\u00e1gina, listados de productos y m\u00e1s<\/li>\n<li>Compatible con complementos populares, como Slider Revolution y Contact Form 7<\/li>\n<li>Funci\u00f3n de importaci\u00f3n de demostraci\u00f3n de un solo clic para comenzar r\u00e1pidamente con el dise\u00f1o de su sitio web<\/li>\n<li>Dise\u00f1o de respuesta m\u00f3vil para una visualizaci\u00f3n \u00f3ptima en todos los dispositivos<\/li>\n<li>Construido con la optimizaci\u00f3n de SEO en mente para mejorar las clasificaciones de motores de b\u00fasqueda<\/li>\n<li>Actualizaciones peri\u00f3dicas y atenci\u00f3n al cliente para garantizar que su sitio web funcione sin problemas y se mantenga actualizado.<\/li>\n<\/ul>\n","protected":false},"excerpt":{"rendered":"<p>Estamos encantados de presentar el tema de WooCommerce de Terina MultipUrpose Elementor, una soluci\u00f3n de sitio web inigualable adaptada para empresas en l\u00ednea que buscan distinguirse de la competencia. Este tema de vanguardia cuenta con una extensa gama de caracter\u00edsticas dise\u00f1adas para elevar la presencia de su sitio web, que abarca la capacidad de personalizar completamente los dise\u00f1os de p\u00e1ginas, seleccionar entre una multitud de opciones de encabezado y pie de p\u00e1gina, as\u00ed como p\u00e1ginas de construcci\u00f3n sin esfuerzo a trav\u00e9s de una intuici\u00f3n y f\u00e1cil de usar Builder de la p\u00e1gina de arrastrar y soltar. Adem\u00e1s, la inclusi\u00f3n de la funcionalidad integrada de WooCommerce simplifica el proceso de establecer una tienda en l\u00ednea, lo que le permite comenzar r\u00e1pidamente la venta de sus productos estimados. El tema de Terina trasciende las limitaciones convencionales al garantizar su dise\u00f1o y optimizaci\u00f3n receptivos completos para los motores de b\u00fasqueda, garantizando que su sitio web logre una apariencia visualmente impresionante en todos los dispositivos y atrae la atenci\u00f3n que merece leg\u00edtimamente. Con Terina a su disposici\u00f3n, la tarea desalentadora de crear un sitio web profesional y funcional se transforma sin esfuerzo en un esfuerzo perfecto y eficiente en el tiempo.<\/p>\n","protected":false},"featured_media":167696,"comment_status":"open","ping_status":"open","template":"","meta":[],"product_brand":[2337],"product_cat":[1263,1469,1237],"product_tag":[1391],"class_list":{"0":"post-110841","1":"product","2":"type-product","3":"status-publish","4":"has-post-thumbnail","6":"product_brand-themeforest","7":"product_cat-comercio-electronico-temas","8":"product_cat-creativo-comercio-electronico-temas","9":"product_cat-temas","10":"product_tag-themeforest","11":"member-discount","12":"discount-restricted","14":"first","15":"instock","16":"sale","17":"downloadable","18":"virtual","19":"sold-individually","20":"purchasable","21":"product-type-simple"},"_links":{"self":[{"href":"https:\/\/gpl-love.com\/es\/wp-json\/wp\/v2\/product\/110841","targetHints":{"allow":["GET"]}}],"collection":[{"href":"https:\/\/gpl-love.com\/es\/wp-json\/wp\/v2\/product"}],"about":[{"href":"https:\/\/gpl-love.com\/es\/wp-json\/wp\/v2\/types\/product"}],"replies":[{"embeddable":true,"href":"https:\/\/gpl-love.com\/es\/wp-json\/wp\/v2\/comments?post=110841"}],"wp:featuredmedia":[{"embeddable":true,"href":"https:\/\/gpl-love.com\/es\/wp-json\/wp\/v2\/media\/167696"}],"wp:attachment":[{"href":"https:\/\/gpl-love.com\/es\/wp-json\/wp\/v2\/media?parent=110841"}],"wp:term":[{"taxonomy":"product_brand","embeddable":true,"href":"https:\/\/gpl-love.com\/es\/wp-json\/wp\/v2\/product_brand?post=110841"},{"taxonomy":"product_cat","embeddable":true,"href":"https:\/\/gpl-love.com\/es\/wp-json\/wp\/v2\/product_cat?post=110841"},{"taxonomy":"product_tag","embeddable":true,"href":"https:\/\/gpl-love.com\/es\/wp-json\/wp\/v2\/product_tag?post=110841"}],"curies":[{"name":"wp","href":"https:\/\/api.w.org\/{rel}","templated":true}]}}