{"id":110839,"date":"2024-04-19T00:00:00","date_gmt":"2024-04-19T05:00:00","guid":{"rendered":"http:\/\/gpl-love.com\/es\/producto\/wpfomify-social-proof-fomo-marketing-plugin\/"},"modified":"2026-03-09T08:30:43","modified_gmt":"2026-03-09T13:30:43","slug":"wpfomify-social-proof-fomo-marketing-plugin","status":"publish","type":"product","link":"https:\/\/gpl-love.com\/es\/producto\/wpfomify-social-proof-fomo-marketing-plugin\/","title":{"rendered":"WPfomify Social Proof y Fomo Marketing Plugin 2.2.6"},"content":{"rendered":"<h3>WPfomify Social Proof y Fomo Marketing Plugin Caracteristicas<\/h3>\n<p>El complemento WPFomify Social Proof y FOMO Marketing se presenta como un instrumento extraordinario, uno que esencialmente ayuda a las empresas a amplificar las tasas de conversi\u00f3n de sus sitios web. Este notable complemento capitaliza la potencia de la prueba social, exhibiendo efectivamente notificaciones en tiempo real destinadas a incitar a los visitantes a participar en la acci\u00f3n. En particular, este complemento abarca una amplia gama de caracter\u00edsticas, que abarca la capacidad de personalizar los mensajes de notificaci\u00f3n, acceder a las opciones de orientaci\u00f3n avanzada e integrarse sin problemas con las plataformas de marketing prevalecientes. WPFomify es indudablemente un catalizador para establecer confianza y credibilidad con una audiencia determinada, que inevitablemente culmina en el aumento de las ventas y los ingresos. Significativamente, la instalaci\u00f3n y la utilizaci\u00f3n de este complemento es un proceso perfecto, lo que lo convierte en un activo invaluable para cualquier estrategia de marketing. En conclusi\u00f3n, WPFomify es inequ\u00edvocamente una herramienta formidable, una que sin duda faculta a las empresas para reforzar las conversiones y lograr sus objetivos de marketing deseados.<\/p>\n<ul>\n<li>Complemento intuitivo y f\u00e1cil de usar y complemento de marketing FOMO<\/li>\n<li>Aumente las tasas de conversi\u00f3n de su sitio web con notificaciones estrat\u00e9gicamente ubicadas<\/li>\n<li>Elija entre una variedad de tipos de notificaci\u00f3n que incluyen ventas recientes, registros y revisiones<\/li>\n<li>Opciones de visualizaci\u00f3n personalizables para que coincidan con la marca y el estilo de su sitio web<\/li>\n<li>Integrar f\u00e1cilmente con las populares plataformas de marketing por correo electr\u00f3nico y CRM para una comunicaci\u00f3n sin problemas y un seguimiento de datos<\/li>\n<li>Opciones de orientaci\u00f3n din\u00e1mica para mostrar notificaciones a audiencias espec\u00edficas basadas en la ubicaci\u00f3n, fuente de referencia y m\u00e1s<\/li>\n<li>An\u00e1lisis e informes integrales para rastrear el \u00e9xito de sus esfuerzos de marketing FOMO<\/li>\n<\/ul>\n","protected":false},"excerpt":{"rendered":"<p>WPFomify es una prueba social altamente eficiente y robusta y un complemento de marketing FOMO que juega un papel fundamental en la mejora de las tasas de conversi\u00f3n en su sitio web. Al mostrar notificaciones en tiempo real relacionadas con las actividades recientes del cliente, como compras, registros y descargas, wpfomify inculca adeptivamente un profundo sentido de urgencia en los visitantes de su sitio. Lo que distingue a WPFomify es su caracter\u00edstica excepcional de permitirle adaptar la apariencia de estas notificaciones para combinarse sin problemas con el dise\u00f1o general de su sitio web. Adem\u00e1s, WPFomify le permite monitorear y evaluar el rendimiento a trav\u00e9s de sus capacidades anal\u00edticas incorporadas. En esencia, WPFomify es una herramienta indispensable para las empresas que anhelan reforzar sus cifras de ventas y elevar la participaci\u00f3n del usuario.<\/p>\n","protected":false},"featured_media":168488,"comment_status":"open","ping_status":"open","template":"","meta":[],"product_brand":[2646],"product_cat":[1232,1206,1211],"product_tag":[1687],"class_list":{"0":"post-110839","1":"product","2":"type-product","3":"status-publish","4":"has-post-thumbnail","6":"product_brand-wp-fomify","7":"product_cat-marketing-wordpress-plugins","8":"product_cat-plugins","9":"product_cat-wordpress-plugins","10":"product_tag-wp-fomify","11":"member-discount","12":"discount-restricted","14":"first","15":"instock","16":"sale","17":"downloadable","18":"virtual","19":"sold-individually","20":"purchasable","21":"product-type-simple"},"_links":{"self":[{"href":"https:\/\/gpl-love.com\/es\/wp-json\/wp\/v2\/product\/110839","targetHints":{"allow":["GET"]}}],"collection":[{"href":"https:\/\/gpl-love.com\/es\/wp-json\/wp\/v2\/product"}],"about":[{"href":"https:\/\/gpl-love.com\/es\/wp-json\/wp\/v2\/types\/product"}],"replies":[{"embeddable":true,"href":"https:\/\/gpl-love.com\/es\/wp-json\/wp\/v2\/comments?post=110839"}],"wp:featuredmedia":[{"embeddable":true,"href":"https:\/\/gpl-love.com\/es\/wp-json\/wp\/v2\/media\/168488"}],"wp:attachment":[{"href":"https:\/\/gpl-love.com\/es\/wp-json\/wp\/v2\/media?parent=110839"}],"wp:term":[{"taxonomy":"product_brand","embeddable":true,"href":"https:\/\/gpl-love.com\/es\/wp-json\/wp\/v2\/product_brand?post=110839"},{"taxonomy":"product_cat","embeddable":true,"href":"https:\/\/gpl-love.com\/es\/wp-json\/wp\/v2\/product_cat?post=110839"},{"taxonomy":"product_tag","embeddable":true,"href":"https:\/\/gpl-love.com\/es\/wp-json\/wp\/v2\/product_tag?post=110839"}],"curies":[{"name":"wp","href":"https:\/\/api.w.org\/{rel}","templated":true}]}}