{"id":110837,"date":"2021-02-22T00:00:00","date_gmt":"2021-02-22T05:00:00","guid":{"rendered":"http:\/\/gpl-love.com\/es\/producto\/woopress-responsive-ecommerce-wordpress-theme\/"},"modified":"2026-03-13T17:33:13","modified_gmt":"2026-03-13T22:33:13","slug":"woopress-responsive-ecommerce-wordpress-theme","status":"publish","type":"product","link":"https:\/\/gpl-love.com\/es\/producto\/woopress-responsive-ecommerce-wordpress-theme\/","title":{"rendered":"WooPress Responsive Ecommerce WordPress Theme 6.3.2"},"content":{"rendered":"<h3>WooPress Responsive Ecommerce WordPress Theme Caracteristicas<\/h3>\n<p>Woopress, un tema de comercio electr\u00f3nico de WordPress, es reconocido por su excepcional capacidad de respuesta y dinamismo, que son vitales para ayudar a las empresas e individuos a establecer sin esfuerzo poderosas tiendas en l\u00ednea. Este tema cuenta con una amplia gama de opciones personalizables y una interfaz que prioriza la facilidad de uso, asegurando as\u00ed una experiencia de compra perfecta para los clientes, independientemente del dispositivo que est\u00e9n utilizando. Adem\u00e1s, Woopress est\u00e1 equipado con optimizaci\u00f3n de SEO incorporada, opciones de dise\u00f1o m\u00faltiple y herramientas eficientes de gesti\u00f3n de productos, lo que lo convierte en una soluci\u00f3n que abarca todo para aquellos que se esfuerzan por embarcarse en una pr\u00f3spera empresa de tiendas en l\u00ednea o expandir su plataforma de comercio electr\u00f3nico existente. En virtud de su dise\u00f1o inmaculado y caracter\u00edsticas instintivas, Woopress es un activo indispensable para cualquier persona que busque elevar su negocio en l\u00ednea a alturas sin precedentes.<\/p>\n<ul>\n<li>Tema de WordPress de comercio electr\u00f3nico que responde a dispositivos m\u00f3viles dise\u00f1ado para tiendas en l\u00ednea<\/li>\n<li>Ofrece m\u00e1s de 10 dise\u00f1os de tiendas en l\u00ednea preconstruidos para elegir<\/li>\n<li>Integraci\u00f3n de WooCommerce para la funcionalidad de comercio electr\u00f3nico sin problemas<\/li>\n<li>Arrastre y suelte el constructor de p\u00e1ginas para una f\u00e1cil personalizaci\u00f3n<\/li>\n<li>Instalaci\u00f3n de demostraci\u00f3n de un solo clic para una configuraci\u00f3n r\u00e1pida<\/li>\n<li>La compatibilidad de los navegadores cruzados asegura que todos los usuarios puedan acceder a su sitio<\/li>\n<li>SEO optimizado para una mejor clasificaci\u00f3n de motores de b\u00fasqueda<\/li>\n<li>Sliders, galer\u00edas y carruseles de productos incorporados para im\u00e1genes impresionantes<\/li>\n<li>Opciones avanzadas de filtrado de productos para que los clientes encuentren f\u00e1cilmente lo que necesitan<\/li>\n<li>Revisiones de clientes e integraci\u00f3n de calificaciones para pruebas sociales<\/li>\n<li>Soporte multiling\u00fce para audiencias globales.<\/li>\n<\/ul>\n","protected":false},"excerpt":{"rendered":"<p>Woopress, un tema de comercio electr\u00f3nico de WordPress, cuenta con un dise\u00f1o receptivo que exuda elegancia y modernidad, lo que lo convierte en una opci\u00f3n \u00f3ptima para los minoristas en l\u00ednea de moda. Este tema est\u00e1 repleto de una gran cantidad de caracter\u00edsticas impresionantes, que van desde la capacidad de personalizar los dise\u00f1os de la p\u00e1gina de inicio hasta la opci\u00f3n de seleccionar desde una variedad infinita de esquemas de color, sin mencionar a su constructor de p\u00e1ginas f\u00e1cil de usar que simplifica todo el proceso de creaci\u00f3n del sitio web. Adem\u00e1s, Woopress se integra perfectamente con complementos ampliamente utilizados como WooCommerce, WPML y el Formulario de contacto 7, lo que lo convierte en una opci\u00f3n altamente compatible y vers\u00e1til para empresas de todos los tama\u00f1os. Encarnando una mezcla armoniosa de estilo y sustancia, Woopress es una herramienta indispensable para construir una tienda en l\u00ednea pr\u00f3spera y triunfante.<\/p>\n","protected":false},"featured_media":168329,"comment_status":"open","ping_status":"open","template":"","meta":[],"product_brand":[2337],"product_cat":[1263,1264,1237],"product_tag":[1391],"class_list":{"0":"post-110837","1":"product","2":"type-product","3":"status-publish","4":"has-post-thumbnail","6":"product_brand-themeforest","7":"product_cat-comercio-electronico-temas","8":"product_cat-negocio","9":"product_cat-temas","10":"product_tag-themeforest","11":"member-discount","12":"discount-restricted","14":"first","15":"instock","16":"sale","17":"downloadable","18":"virtual","19":"sold-individually","20":"purchasable","21":"product-type-simple"},"_links":{"self":[{"href":"https:\/\/gpl-love.com\/es\/wp-json\/wp\/v2\/product\/110837","targetHints":{"allow":["GET"]}}],"collection":[{"href":"https:\/\/gpl-love.com\/es\/wp-json\/wp\/v2\/product"}],"about":[{"href":"https:\/\/gpl-love.com\/es\/wp-json\/wp\/v2\/types\/product"}],"replies":[{"embeddable":true,"href":"https:\/\/gpl-love.com\/es\/wp-json\/wp\/v2\/comments?post=110837"}],"wp:featuredmedia":[{"embeddable":true,"href":"https:\/\/gpl-love.com\/es\/wp-json\/wp\/v2\/media\/168329"}],"wp:attachment":[{"href":"https:\/\/gpl-love.com\/es\/wp-json\/wp\/v2\/media?parent=110837"}],"wp:term":[{"taxonomy":"product_brand","embeddable":true,"href":"https:\/\/gpl-love.com\/es\/wp-json\/wp\/v2\/product_brand?post=110837"},{"taxonomy":"product_cat","embeddable":true,"href":"https:\/\/gpl-love.com\/es\/wp-json\/wp\/v2\/product_cat?post=110837"},{"taxonomy":"product_tag","embeddable":true,"href":"https:\/\/gpl-love.com\/es\/wp-json\/wp\/v2\/product_tag?post=110837"}],"curies":[{"name":"wp","href":"https:\/\/api.w.org\/{rel}","templated":true}]}}