{"id":110835,"date":"2021-05-11T00:00:00","date_gmt":"2021-05-11T05:00:00","guid":{"rendered":"http:\/\/gpl-love.com\/es\/producto\/bookmify-appointment-booking-wordpress-plugin\/"},"modified":"2026-03-09T07:21:47","modified_gmt":"2026-03-09T12:21:47","slug":"bookmify-appointment-booking-wordpress-plugin","status":"publish","type":"product","link":"https:\/\/gpl-love.com\/es\/producto\/bookmify-appointment-booking-wordpress-plugin\/","title":{"rendered":"Bookmify Appointment Booking WordPress Plugin 1.4.9"},"content":{"rendered":"<h3>Bookmify Appointment Booking WordPress Plugin Caracteristicas<\/h3>\n<p>Bookmify Cita Booking WordPress Plugin es una soluci\u00f3n incre\u00edblemente robusta e notablemente intuitiva para las empresas que necesitan funcionalidad de programaci\u00f3n de citas. Este complemento ofrece la capacidad de adaptar sin esfuerzo sus formularios de reserva, supervisar efectivamente las reservas y aceptar de forma segura los pagos en l\u00ednea. Adem\u00e1s, se integra perfectamente con su sitio de WordPress y proporciona una multitud de caracter\u00edsticas excepcionales, incluidos recordatorios automatizados, notificaciones personalizadas y correos electr\u00f3nicos confirmatorios para reservas. Independientemente de si est\u00e1 operando una empresa modesta o una entidad corporativa sustancial, Bookmify Cita Booking WordPress Plugin sirve como la herramienta ideal para optimizar su proceso de reserva de citas y elevar la satisfacci\u00f3n general de su clientela valorada.<\/p>\n<ul>\n<li>Capacidad para integrar f\u00e1cilmente la funcionalidad de reserva de citas en un sitio web de WordPress<\/li>\n<li>Opciones de reserva altamente personalizables, incluidos los tiempos de duraci\u00f3n y disponibilidad de citas<\/li>\n<li>Notificaciones autom\u00e1ticas por correo electr\u00f3nico tanto para clientes como para administradores<\/li>\n<li>Integraci\u00f3n con Google Calendar para una f\u00e1cil gesti\u00f3n de citas<\/li>\n<li>Opciones de pago flexibles, incluidos PayPal y Stripe<\/li>\n<li>Dise\u00f1o receptivo m\u00f3vil para facilitar la reserva sobre la marcha<\/li>\n<li>Opci\u00f3n para permitir a los clientes reservar citas recurrentes<\/li>\n<li>Panel de backend f\u00e1cil de usar para una f\u00e1cil gesti\u00f3n de citas<\/li>\n<li>Capacidad para configurar diferentes servicios y asignar miembros del personal a cada servicio<\/li>\n<li>Opci\u00f3n para agregar campos personalizados al formulario de reserva para una recopilaci\u00f3n de informaci\u00f3n adicional.<\/li>\n<\/ul>\n","protected":false},"excerpt":{"rendered":"<p>Nuestro complemento Bookmify Cita Booking WordPress ofrece una forma perfecta de administrar su calendario y horario comercial. El complemento se integra sin problemas en su sitio de WordPress, ahorr\u00e1ndole tiempo y esfuerzo al automatizar el proceso de reserva. F\u00e1cilmente accesible desde cualquier dispositivo, Bookmify mejora la experiencia del usuario al permitir a los clientes reservar citas a su conveniencia. Con su interfaz intuitiva, este complemento es f\u00e1cil de configurar y personalizar para satisfacer sus necesidades comerciales espec\u00edficas. Ya sea que tenga un sal\u00f3n, un estudio de fitness o una cl\u00ednica de atenci\u00f3n m\u00e9dica, Bookmify puede mejorar su negocio al racionalizar su proceso de programaci\u00f3n de citas. Adem\u00e1s, est\u00e1 equipado con un sistema de notificaci\u00f3n integral que garantiza que tanto usted como sus clientes nunca se pierdan una cita. Actualice su sitio de WordPress con el complemento de reserva de citas Bookmify y experimente un proceso de programaci\u00f3n de citas sin problemas.<\/p>\n","protected":false},"featured_media":165537,"comment_status":"open","ping_status":"open","template":"","meta":[],"product_brand":[2339],"product_cat":[1214,1206,1211],"product_tag":[1256],"class_list":{"0":"post-110835","1":"product","2":"type-product","3":"status-publish","4":"has-post-thumbnail","6":"product_brand-codecanyon","7":"product_cat-personalizacion","8":"product_cat-plugins","9":"product_cat-wordpress-plugins","10":"product_tag-codecanyon","11":"member-discount","12":"discount-restricted","14":"first","15":"instock","16":"sale","17":"downloadable","18":"virtual","19":"sold-individually","20":"purchasable","21":"product-type-simple"},"_links":{"self":[{"href":"https:\/\/gpl-love.com\/es\/wp-json\/wp\/v2\/product\/110835","targetHints":{"allow":["GET"]}}],"collection":[{"href":"https:\/\/gpl-love.com\/es\/wp-json\/wp\/v2\/product"}],"about":[{"href":"https:\/\/gpl-love.com\/es\/wp-json\/wp\/v2\/types\/product"}],"replies":[{"embeddable":true,"href":"https:\/\/gpl-love.com\/es\/wp-json\/wp\/v2\/comments?post=110835"}],"wp:featuredmedia":[{"embeddable":true,"href":"https:\/\/gpl-love.com\/es\/wp-json\/wp\/v2\/media\/165537"}],"wp:attachment":[{"href":"https:\/\/gpl-love.com\/es\/wp-json\/wp\/v2\/media?parent=110835"}],"wp:term":[{"taxonomy":"product_brand","embeddable":true,"href":"https:\/\/gpl-love.com\/es\/wp-json\/wp\/v2\/product_brand?post=110835"},{"taxonomy":"product_cat","embeddable":true,"href":"https:\/\/gpl-love.com\/es\/wp-json\/wp\/v2\/product_cat?post=110835"},{"taxonomy":"product_tag","embeddable":true,"href":"https:\/\/gpl-love.com\/es\/wp-json\/wp\/v2\/product_tag?post=110835"}],"curies":[{"name":"wp","href":"https:\/\/api.w.org\/{rel}","templated":true}]}}