{"id":110833,"date":"2024-06-03T00:00:00","date_gmt":"2024-06-03T05:00:00","guid":{"rendered":"http:\/\/gpl-love.com\/es\/producto\/woocommerce-worldpay-gateway\/"},"modified":"2026-03-09T08:26:37","modified_gmt":"2026-03-09T13:26:37","slug":"woocommerce-worldpay-gateway","status":"publish","type":"product","link":"https:\/\/gpl-love.com\/es\/producto\/woocommerce-worldpay-gateway\/","title":{"rendered":"WooCommerce WorldPay Gateway 5.4.0"},"content":{"rendered":"<h3>WooCommerce WorldPay Gateway Caracteristicas<\/h3>\n<p>La puerta de entrada WooCommerce WorldPay demuestra ser una soluci\u00f3n de pasarela de pago incre\u00edblemente eficiente y segura, proporcionando a los minoristas en l\u00ednea los medios para aceptar los pagos en l\u00ednea sin esfuerzo de sus clientes. Esta puerta de enlace permite a los comerciantes procesar efectivamente los pagos que se originan en las principales tarjetas de cr\u00e9dito y d\u00e9bito, que abarcan VISA, MasterCard y American Express, entre otros m\u00e9todos de pago ampliamente reconocidos. Adem\u00e1s, el complemento se integra sin problemas con WooCommerce, una plataforma de comercio electr\u00f3nico muy popular, que ofrece una variedad de caracter\u00edsticas impresionantes que incluyen la facilitaci\u00f3n de p\u00e1ginas de pago personalizadas, tokenizaci\u00f3n para garantizar pagos seguros, as\u00ed como ofrecer medidas avanzadas de protecci\u00f3n de fraude. En \u00faltima instancia, la puerta de entrada de WooCommerce WorldPay surge como una opci\u00f3n de pasarela de pago confiable y f\u00e1cil de usar, brindando a las empresas en l\u00ednea la oportunidad de optimizar de manera efectiva sus procedimientos de pago, fomentar la confianza del cliente y finalmente experimentar un aumento en las ventas.<\/p>\n<ul>\n<li>Acepta pagos en l\u00ednea de manera segura y confiable a trav\u00e9s de WorldPay<\/li>\n<li>Admite todas las principales tarjetas de cr\u00e9dito y d\u00e9bito<\/li>\n<li>F\u00e1cil de instalar y configurar en su tienda WooCommerce<\/li>\n<li>Proporciona informes y gesti\u00f3n de transacciones en tiempo real<\/li>\n<li>Ofrece formulario de pago personalizable para que coincida con la marca de su sitio web<\/li>\n<li>Admite pagos y suscripciones recurrentes<\/li>\n<li>Proporciona funciones de detecci\u00f3n y protecci\u00f3n de fraude<\/li>\n<li>Ofrece soporte y actualizaciones para mejoras continuas y correcciones de errores<\/li>\n<\/ul>\n","protected":false},"excerpt":{"rendered":"<p>WooCommerce WorldPay Gateway, un complemento inmensamente robusto, brinda a las empresas la oportunidad de recibir pagos en l\u00ednea de forma segura a trav\u00e9s de WorldPay. Este notable complemento se amalgama sin problemas con su tienda WooCommerce, otorg\u00e1ndole acceso a una variedad de opciones de pago, que abarca pagos de tarjeta de cr\u00e9dito y d\u00e9bito, 3D seguro y una variedad de otros. Gracias a su proceso de configuraci\u00f3n sencillo sin esfuerzo y su interfaz intuitiva, la capacidad de comenzar a aceptar pagos es acelerado. Adem\u00e1s, los extensos mecanismos de detecci\u00f3n de fraude de WorldPay y las caracter\u00edsticas de seguridad avanzadas sirven para brindarle tranquilidad, ya que sus transacciones permanecen salvaguardadas. Eleve su negocio a alturas sin precedentes con la puerta de enlace de WooCommerce WorldPay.<\/p>\n","protected":false},"featured_media":168314,"comment_status":"open","ping_status":"open","template":"","meta":[],"product_brand":[2344],"product_cat":[1207,1426,1206],"product_tag":[1423],"class_list":{"0":"post-110833","1":"product","2":"type-product","3":"status-publish","4":"has-post-thumbnail","6":"product_brand-woocommerce","7":"product_cat-comercio-electronico-plugins","8":"product_cat-pago-comercio-electronico-plugins","9":"product_cat-plugins","10":"product_tag-woocommerce","11":"member-discount","12":"discount-restricted","14":"first","15":"instock","16":"sale","17":"downloadable","18":"virtual","19":"sold-individually","20":"purchasable","21":"product-type-simple"},"_links":{"self":[{"href":"https:\/\/gpl-love.com\/es\/wp-json\/wp\/v2\/product\/110833","targetHints":{"allow":["GET"]}}],"collection":[{"href":"https:\/\/gpl-love.com\/es\/wp-json\/wp\/v2\/product"}],"about":[{"href":"https:\/\/gpl-love.com\/es\/wp-json\/wp\/v2\/types\/product"}],"replies":[{"embeddable":true,"href":"https:\/\/gpl-love.com\/es\/wp-json\/wp\/v2\/comments?post=110833"}],"wp:featuredmedia":[{"embeddable":true,"href":"https:\/\/gpl-love.com\/es\/wp-json\/wp\/v2\/media\/168314"}],"wp:attachment":[{"href":"https:\/\/gpl-love.com\/es\/wp-json\/wp\/v2\/media?parent=110833"}],"wp:term":[{"taxonomy":"product_brand","embeddable":true,"href":"https:\/\/gpl-love.com\/es\/wp-json\/wp\/v2\/product_brand?post=110833"},{"taxonomy":"product_cat","embeddable":true,"href":"https:\/\/gpl-love.com\/es\/wp-json\/wp\/v2\/product_cat?post=110833"},{"taxonomy":"product_tag","embeddable":true,"href":"https:\/\/gpl-love.com\/es\/wp-json\/wp\/v2\/product_tag?post=110833"}],"curies":[{"name":"wp","href":"https:\/\/api.w.org\/{rel}","templated":true}]}}