{"id":110827,"date":"2023-11-10T00:00:00","date_gmt":"2023-11-10T05:00:00","guid":{"rendered":"http:\/\/gpl-love.com\/es\/producto\/epic-news-elements-add-ons-for-elementor-wpbakery-page-builder\/"},"modified":"2026-03-09T07:32:48","modified_gmt":"2026-03-09T12:32:48","slug":"epic-news-elements-add-ons-for-elementor-wpbakery-page-builder","status":"publish","type":"product","link":"https:\/\/gpl-love.com\/es\/producto\/epic-news-elements-add-ons-for-elementor-wpbakery-page-builder\/","title":{"rendered":"Epic News Elements Add-ons para Elementor y WPBakery Page Builder 2.3.8"},"content":{"rendered":"<h3>Epic News Elements Add-ons para Elementor y WPBakery Page Builder Caracteristicas<\/h3>\n<p>Elementos de noticias \u00e9picos complementos para Elementor y Wpbakery Page Builder es un producto esencial e indispensable para las personas que buscan p\u00e1ginas o blogs de noticias extraordinarios de moda, ya que abarca una amplia gama de caracter\u00edsticas notables que incluyen un ticker de noticias, publicaciones, pesta\u00f1as de noticias, noticias. Carrusel, botones de participaci\u00f3n social y una abundancia de otros atributos excepcionales. Adem\u00e1s, vale la pena se\u00f1alar que estos complementos son totalmente compatibles con el creador de p\u00e1ginas de Elementor y Wpbakery, lo que facilita la creaci\u00f3n de p\u00e1ginas de grado profesional desprovisto de la necesidad de cualquier experiencia en codificaci\u00f3n. Al adoptar complementos de elementos de noticias \u00e9picos, la personalizaci\u00f3n de sus p\u00e1ginas de noticias para reflejar el estilo \u00fanico de su marca se convierte en un esfuerzo sin esfuerzo. Adem\u00e1s, su audiencia seguramente ser\u00e1 cautivada y comprometida por el contenido altamente pertinente que entrega. Ya sea que sea un blogger, periodista o propietario de un sitio web de noticias, estos complementos demostrar\u00e1n ser un activo invaluable para construir una p\u00e1gina de noticias visualmente impresionante que sin duda se destaca del resto.<\/p>\n<ul>\n<li>Agrega una amplia gama de elementos de noticias dise\u00f1ados profesionalmente a Elementor y Wpbakery Page Builder<\/li>\n<li>Mejora el dise\u00f1o y el dise\u00f1o general de su sitio web o blog de noticias<\/li>\n<li>Ofrece una interfaz de usuario flexible y personalizable para cambios de dise\u00f1o intuitivos<\/li>\n<li>Proporciona una extensa biblioteca de plantillas y demostraciones prefabricadas para una f\u00e1cil implementaci\u00f3n<\/li>\n<li>Ahorra tiempo y esfuerzo con una f\u00e1cil funcionalidad de arrastrar y soltar<\/li>\n<li>Incluye la integraci\u00f3n del intercambio social para fomentar el compromiso<\/li>\n<li>Ofrece un rendimiento r\u00e1pido y optimizado para una experiencia de usuario perfecta<\/li>\n<li>Ofrece un dise\u00f1o receptivo para una visualizaci\u00f3n \u00f3ptima en cualquier dispositivo<\/li>\n<li>Incluye actualizaciones regulares y soporte para una funcionalidad confiable.<\/li>\n<li>Compatible con WordPress -0 o superior y f\u00e1cil de instalar y usar.<\/li>\n<\/ul>\n","protected":false},"excerpt":{"rendered":"<p>Elementos de noticias \u00e9picos complementos para Elementor y WPbakery Page Builder, siendo un complemento notablemente robusto, le otorga la capacidad de fabricar sitios web de noticias impresionantes sin esfuerzo. Este complemento est\u00e1 equipado con una gran cantidad de widgets y plantillas avanzados, que facilitan la asimilaci\u00f3n sin esfuerzo de las \u00faltimas actualizaciones de noticias, historias de tendencia y mucho m\u00e1s en su sitio web. La integraci\u00f3n perfecta de este complemento con El Elementor y Wpbakery Page Builder le facilitan personalizar estos elementos de acuerdo con el estilo y el dise\u00f1o distintivo de su marca. No importa si usted es periodista, blogger o organizaci\u00f3n de noticias, para los complementos de elementos de noticias \u00e9picos, sin duda, elevar\u00e1 su sitio web de noticias a alturas sin precedentes.<\/p>\n","protected":false},"featured_media":166018,"comment_status":"open","ping_status":"open","template":"","meta":[],"product_brand":[2339],"product_cat":[1214,1206,1211],"product_tag":[1256],"class_list":{"0":"post-110827","1":"product","2":"type-product","3":"status-publish","4":"has-post-thumbnail","6":"product_brand-codecanyon","7":"product_cat-personalizacion","8":"product_cat-plugins","9":"product_cat-wordpress-plugins","10":"product_tag-codecanyon","11":"member-discount","12":"discount-restricted","14":"first","15":"instock","16":"sale","17":"downloadable","18":"virtual","19":"sold-individually","20":"purchasable","21":"product-type-simple"},"_links":{"self":[{"href":"https:\/\/gpl-love.com\/es\/wp-json\/wp\/v2\/product\/110827","targetHints":{"allow":["GET"]}}],"collection":[{"href":"https:\/\/gpl-love.com\/es\/wp-json\/wp\/v2\/product"}],"about":[{"href":"https:\/\/gpl-love.com\/es\/wp-json\/wp\/v2\/types\/product"}],"replies":[{"embeddable":true,"href":"https:\/\/gpl-love.com\/es\/wp-json\/wp\/v2\/comments?post=110827"}],"wp:featuredmedia":[{"embeddable":true,"href":"https:\/\/gpl-love.com\/es\/wp-json\/wp\/v2\/media\/166018"}],"wp:attachment":[{"href":"https:\/\/gpl-love.com\/es\/wp-json\/wp\/v2\/media?parent=110827"}],"wp:term":[{"taxonomy":"product_brand","embeddable":true,"href":"https:\/\/gpl-love.com\/es\/wp-json\/wp\/v2\/product_brand?post=110827"},{"taxonomy":"product_cat","embeddable":true,"href":"https:\/\/gpl-love.com\/es\/wp-json\/wp\/v2\/product_cat?post=110827"},{"taxonomy":"product_tag","embeddable":true,"href":"https:\/\/gpl-love.com\/es\/wp-json\/wp\/v2\/product_tag?post=110827"}],"curies":[{"name":"wp","href":"https:\/\/api.w.org\/{rel}","templated":true}]}}