{"id":110823,"date":"2026-03-25T00:00:00","date_gmt":"2026-03-25T05:00:00","guid":{"rendered":"http:\/\/gpl-love.com\/es\/producto\/sumo-reward-points-woocommerce-reward-system\/"},"modified":"2026-04-10T11:26:36","modified_gmt":"2026-04-10T16:26:36","slug":"sumo-reward-points-woocommerce-reward-system","status":"publish","type":"product","link":"https:\/\/gpl-love.com\/es\/producto\/sumo-reward-points-woocommerce-reward-system\/","title":{"rendered":"Sumo Reward Points WooCommerce Reward System 32.6.0"},"content":{"rendered":"<h3>Sumo Reward Points WooCommerce Reward System Caracteristicas<\/h3>\n<p>SUMO Puntos de recompensa WooCommerce El sistema de recompensas es un programa de recompensas inmensamente potente y altamente adaptable adaptado espec\u00edficamente para las empresas en l\u00ednea. Este sistema de vanguardia y innovador capacita a los comerciantes al proporcionarles la oportunidad de extender los puntos de recompensa a sus estimados clientes, que posteriormente se puede canjear por descuentos atractivos, productos de cortes\u00eda o otros incentivos atractivos. El proceso de instalaci\u00f3n para este complemento es notablemente sencillo, y ofrece una gran cantidad de diversas opciones de personalizaci\u00f3n, lo que permite a los comerciantes ajustar el programa para alinearse perfectamente con sus requisitos \u00fanicos e individualizados. Adem\u00e1s, la soluci\u00f3n de puntos de recompensa SUMO se ha creado meticulosamente para integrarse perfectamente con la plataforma WooCommerce, facilitando as\u00ed un proceso excepcionalmente simplificado y eficiente tanto para comerciantes como para clientes. Al aprovechar las capacidades notables del sistema de recompensas de WooCommerce de Sumo, los comerciantes est\u00e1n dotados de la capacidad de fomentar exponencialmente la lealtad del cliente, aumentar las cifras de ventas y finalmente impulsar el crecimiento de su estimado negocio.<\/p>\n<ul>\n<li>Los puntos de recompensa de Sumo es un sistema de recompensa de WooCommerce que le permite crear un programa de fidelizaci\u00f3n para su tienda en l\u00ednea.<\/li>\n<li>Los clientes acumulan puntos para sus compras, que luego pueden canjear por descuentos u otras recompensas.<\/li>\n<li>Puede establecer la tasa de redenci\u00f3n para los puntos y elegir qu\u00e9 productos o categor\u00edas son elegibles para la acumulaci\u00f3n de puntos.<\/li>\n<li>El sistema tambi\u00e9n incluye opciones para compartir en redes sociales y referencias, lo que permite a los clientes obtener puntos adicionales promocionando su tienda a sus amigos y seguidores.<\/li>\n<li>Puede personalizar la apariencia del programa de recompensas para que coincida con su marca y rastrear el comportamiento y la participaci\u00f3n del cliente a trav\u00e9s de herramientas de an\u00e1lisis incorporadas.<\/li>\n<li>Los puntos de recompensa de Sumo se integra a la perfecci\u00f3n con WooCommerce, lo que facilita la configuraci\u00f3n y la administraci\u00f3n de cualquier minorista en l\u00ednea.<\/li>\n<li>Este sistema es una herramienta poderosa para aumentar la lealtad y el compromiso del cliente, conducir las ventas repetidas y aumentar sus ingresos en l\u00ednea.<\/li>\n<\/ul>\n","protected":false},"excerpt":{"rendered":"<p>Los puntos de recompensa de Sumo, un ingenioso sistema de recompensas de WooCommerce, presenta una soluci\u00f3n formidable para empresas con el objetivo de fomentar la retenci\u00f3n de clientes y aumentar las ventas. Al emplear puntos de recompensa SUMO, puede establecer sin esfuerzo un programa de fidelizaci\u00f3n que exprese gratitud a los clientes al asignar puntos por sus compras o participaci\u00f3n en las actividades deseadas en su plataforma en l\u00ednea. Posteriormente, estos puntos acumulados se pueden intercambiar por descuentos o mercanc\u00edas complementarias, estimulando as\u00ed una sensaci\u00f3n de motivaci\u00f3n en los clientes para patrocinar continuamente su negocio. En particular, este sistema de recompensa de WooCommerce cuenta con altos niveles de adaptabilidad, lo que le permite definir valoraciones de puntos precisos, plazos de vencimiento y otros par\u00e1metros esenciales para alinearse impecablemente con sus requisitos organizacionales \u00fanicos. No pierda tiempo y se embarque en un viaje hacia el cultivo de lealtad del cliente y impulsando las ventas al incorporar los puntos de recompensa SUMO en sus operaciones hoy.<\/p>\n","protected":false},"featured_media":167637,"comment_status":"open","ping_status":"open","template":"","meta":[],"product_brand":[2339],"product_cat":[1207,1225,1206],"product_tag":[1256],"class_list":{"0":"post-110823","1":"product","2":"type-product","3":"status-publish","4":"has-post-thumbnail","6":"product_brand-codecanyon","7":"product_cat-comercio-electronico-plugins","8":"product_cat-marketing","9":"product_cat-plugins","10":"product_tag-codecanyon","11":"member-discount","12":"discount-restricted","14":"first","15":"instock","16":"sale","17":"downloadable","18":"virtual","19":"sold-individually","20":"purchasable","21":"product-type-simple"},"_links":{"self":[{"href":"https:\/\/gpl-love.com\/es\/wp-json\/wp\/v2\/product\/110823","targetHints":{"allow":["GET"]}}],"collection":[{"href":"https:\/\/gpl-love.com\/es\/wp-json\/wp\/v2\/product"}],"about":[{"href":"https:\/\/gpl-love.com\/es\/wp-json\/wp\/v2\/types\/product"}],"replies":[{"embeddable":true,"href":"https:\/\/gpl-love.com\/es\/wp-json\/wp\/v2\/comments?post=110823"}],"wp:featuredmedia":[{"embeddable":true,"href":"https:\/\/gpl-love.com\/es\/wp-json\/wp\/v2\/media\/167637"}],"wp:attachment":[{"href":"https:\/\/gpl-love.com\/es\/wp-json\/wp\/v2\/media?parent=110823"}],"wp:term":[{"taxonomy":"product_brand","embeddable":true,"href":"https:\/\/gpl-love.com\/es\/wp-json\/wp\/v2\/product_brand?post=110823"},{"taxonomy":"product_cat","embeddable":true,"href":"https:\/\/gpl-love.com\/es\/wp-json\/wp\/v2\/product_cat?post=110823"},{"taxonomy":"product_tag","embeddable":true,"href":"https:\/\/gpl-love.com\/es\/wp-json\/wp\/v2\/product_tag?post=110823"}],"curies":[{"name":"wp","href":"https:\/\/api.w.org\/{rel}","templated":true}]}}