{"id":110821,"date":"2025-12-04T00:00:00","date_gmt":"2025-12-04T05:00:00","guid":{"rendered":"http:\/\/gpl-love.com\/es\/producto\/wp-table-manager-wordpress-table-editor-plugin\/"},"modified":"2026-03-09T08:30:13","modified_gmt":"2026-03-09T13:30:13","slug":"wp-table-manager-wordpress-table-editor-plugin","status":"publish","type":"product","link":"https:\/\/gpl-love.com\/es\/producto\/wp-table-manager-wordpress-table-editor-plugin\/","title":{"rendered":"WP Table Manager 4.2.1"},"content":{"rendered":"<h3>WP Table Manager Caracteristicas<\/h3>\n<p>WP Table Manager es un complemento muy robusto y eficiente que ha sido dise\u00f1ado espec\u00edficamente para satisfacer las necesidades de los usuarios de WordPress que buscan administrar y organizar efectivamente los datos en sus sitios web a trav\u00e9s de la utilizaci\u00f3n de tablas f\u00e1ciles de usar. A trav\u00e9s del empleo de este complemento, los usuarios tienen la oportunidad de crear y modificar sin esfuerzo tablas, agregar columnas y filas, as\u00ed como personalizar la est\u00e9tica general de las tablas para alinearse perfectamente con el dise\u00f1o general de sus respectivos sitios web. Adem\u00e1s, WP Table Manager tambi\u00e9n cuenta con una multitud de caracter\u00edsticas avanzadas, que incluyen, entre otros, la clasificaci\u00f3n perfecta, el filtrado y la b\u00fasqueda de los datos contenidos dentro de las tablas, as\u00ed como la capacidad conveniente para importar y exportar datos en una amplia gama de una amplia gama de formatos. Este complemento excepcional es m\u00e1s ideal para individuos y entidades, como bloggers, empresas y sitios web de comercio electr\u00f3nico, que necesitan un medio eficiente para organizar y administrar grandes cantidades de datos en sus respectivos sitios de WordPress. En virtud de WP Table Manager, el proceso de manejo de datos se ha presentado notablemente sin complicaciones y sin problemas.<\/p>\n<ul>\n<li>Interfaz f\u00e1cil de usar para administrar y editar tablas en WordPress<\/li>\n<li>Estilos de mesa personalizables y opciones de formato<\/li>\n<li>Capacidad para importar\/exportar tablas de\/a los archivos CSV y Excel<\/li>\n<li>Opciones de filtrado y clasificaci\u00f3n para una organizaci\u00f3n de datos eficiente<\/li>\n<li>Edici\u00f3n m\u00faltiple de celda y acciones masivas para actualizaciones de tabla m\u00e1s r\u00e1pidas<\/li>\n<li>Tablas receptivas y amigables con los dispositivos m\u00f3viles<\/li>\n<li>Barra de b\u00fasqueda incorporada para la recuperaci\u00f3n de datos r\u00e1pidos<\/li>\n<li>Opci\u00f3n para agregar CSS y JavaScript personalizados para la personalizaci\u00f3n avanzada<\/li>\n<li>Control de acceso de tabla para administrar los permisos de los usuarios<\/li>\n<li>Documentaci\u00f3n integral y atenci\u00f3n al cliente.<\/li>\n<\/ul>\n","protected":false},"excerpt":{"rendered":"<p>WP Table Manager es un complemento WordPress incre\u00edblemente robusto y multifac\u00e9tico que optimiza efectivamente la tarea a menudo complicada de la gesti\u00f3n de la tabla y los gr\u00e1ficos en su sitio web. Este complemento excepcional le permite generar tablas visualmente sorprendentes y altamente adaptables, todo al tiempo que ofrece una amplia gama de opciones de personalizaci\u00f3n, que atiende a diversas preferencias de estilo, adem\u00e1s de otorgarle la capacidad de compartir estas mesas con los visitantes de su sitio web valorados. Adem\u00e1s, este complemento cuenta con una impresionante selecci\u00f3n de caracter\u00edsticas avanzadas, como sincronizaci\u00f3n de datos en tiempo real, capacidades integrales de filtrado y clasificaci\u00f3n, y una interfaz de arrastrar y soltar intuitivamente. Si se encuentra en busca de una soluci\u00f3n realmente notable y f\u00e1cil de usar para optimizar la gesti\u00f3n de la visualizaci\u00f3n de tabla y datos en su sitio de WordPress, no busque m\u00e1s que las capacidades excepcionales de WP Table Manager.<\/p>\n","protected":false},"featured_media":168465,"comment_status":"open","ping_status":"open","template":"","meta":[],"product_brand":[2622],"product_cat":[1214,1206,1211],"product_tag":[1493],"class_list":{"0":"post-110821","1":"product","2":"type-product","3":"status-publish","4":"has-post-thumbnail","6":"product_brand-joomunited","7":"product_cat-personalizacion","8":"product_cat-plugins","9":"product_cat-wordpress-plugins","10":"product_tag-joomunited","11":"member-discount","12":"discount-restricted","14":"first","15":"instock","16":"sale","17":"downloadable","18":"virtual","19":"sold-individually","20":"purchasable","21":"product-type-simple"},"_links":{"self":[{"href":"https:\/\/gpl-love.com\/es\/wp-json\/wp\/v2\/product\/110821","targetHints":{"allow":["GET"]}}],"collection":[{"href":"https:\/\/gpl-love.com\/es\/wp-json\/wp\/v2\/product"}],"about":[{"href":"https:\/\/gpl-love.com\/es\/wp-json\/wp\/v2\/types\/product"}],"replies":[{"embeddable":true,"href":"https:\/\/gpl-love.com\/es\/wp-json\/wp\/v2\/comments?post=110821"}],"wp:featuredmedia":[{"embeddable":true,"href":"https:\/\/gpl-love.com\/es\/wp-json\/wp\/v2\/media\/168465"}],"wp:attachment":[{"href":"https:\/\/gpl-love.com\/es\/wp-json\/wp\/v2\/media?parent=110821"}],"wp:term":[{"taxonomy":"product_brand","embeddable":true,"href":"https:\/\/gpl-love.com\/es\/wp-json\/wp\/v2\/product_brand?post=110821"},{"taxonomy":"product_cat","embeddable":true,"href":"https:\/\/gpl-love.com\/es\/wp-json\/wp\/v2\/product_cat?post=110821"},{"taxonomy":"product_tag","embeddable":true,"href":"https:\/\/gpl-love.com\/es\/wp-json\/wp\/v2\/product_tag?post=110821"}],"curies":[{"name":"wp","href":"https:\/\/api.w.org\/{rel}","templated":true}]}}