{"id":110819,"date":"2021-02-23T00:00:00","date_gmt":"2021-02-23T05:00:00","guid":{"rendered":"http:\/\/gpl-love.com\/es\/producto\/phpsocial-social-network-platform-scripts\/"},"modified":"2026-04-10T11:21:33","modified_gmt":"2026-04-10T16:21:33","slug":"phpsocial-social-network-platform-scripts","status":"publish","type":"product","link":"https:\/\/gpl-love.com\/es\/producto\/phpsocial-social-network-platform-scripts\/","title":{"rendered":"phpSocial Social Network Platform Scripts 6.5.0"},"content":{"rendered":"<h3>phpSocial Social Network Platform Scripts Caracteristicas<\/h3>\n<p>Los scripts de la plataforma de redes sociales PhpSocial ofrecen una soluci\u00f3n integral y abarrotable para las personas que buscan establecer su propio sitio web de redes sociales. Con una variedad de caracter\u00edsticas que facilitan la creaci\u00f3n de perfiles de usuario, el establecimiento de conexiones con amigos, la publicaci\u00f3n de actualizaciones y mucho m\u00e1s, esta plataforma proporciona un paquete con todo incluido que equipa a los usuarios con todo lo necesario para construir una comunidad en l\u00ednea pr\u00f3spera. Lo que distingue a estos scripts es el hecho de que est\u00e1n compuestos en PHP, un lenguaje de programaci\u00f3n famoso por su facilidad de personalizaci\u00f3n e integraci\u00f3n con otras tecnolog\u00edas web de vanguardia. Adem\u00e1s, la plataforma ha sido dise\u00f1ada meticulosamente para garantizar la escalabilidad y la seguridad, asegurando as\u00ed el crecimiento y la prosperidad no perturbados de su red social al tiempo que salvaguardan los datos de los usuarios invaluables que alberga. Independientemente de si aspira a erigir una comunidad de nicho a peque\u00f1a escala o una red social en expansi\u00f3n y grandiosa, los guiones de la plataforma de redes sociales Phpsocial son la soluci\u00f3n por excelencia para el establecimiento exitoso de una comunidad en l\u00ednea.<\/p>\n<ul>\n<li>Una plataforma integral de red social que se puede instalar f\u00e1cilmente en un servidor web que ejecuta PHP y MySQL.<\/li>\n<li>Viene con una interfaz f\u00e1cil de usar que le permite crear perfiles, conectarse con amigos, publicar actualizaciones y unir grupos.<\/li>\n<li>Cuenta con un sistema de mensajer\u00eda que permite a los usuarios enviar mensajes privados a sus amigos, as\u00ed como un sistema de notificaci\u00f3n que lo alerta cuando alguien responde a sus publicaciones.<\/li>\n<li>Admite contenido multimedia, como fotos, videos y audio, lo que permite a los usuarios compartir su creatividad con el mundo.<\/li>\n<li>Proporciona configuraciones de privacidad avanzadas que permiten a los usuarios controlar qui\u00e9n puede ver su contenido y qui\u00e9n puede interactuar con ellos.<\/li>\n<li>Ofrece opciones de personalizaci\u00f3n f\u00e1ciles que le permiten cambiar el aspecto de su plataforma de red social para que coincida con su marca y visi\u00f3n.<\/li>\n<li>Incluye potentes herramientas administrativas que facilitan la administraci\u00f3n de la plataforma, el contenido moderado de los usuarios y la configuraci\u00f3n de campa\u00f1as publicitarias.<\/li>\n<li>Actualizado regularmente con nuevas funciones y correcciones de errores para garantizar una experiencia sin problemas y sin problemas tanto para usuarios como para administradores.<\/li>\n<\/ul>\n","protected":false},"excerpt":{"rendered":"<p>PhpSocial es una plataforma de redes sociales extremadamente integral meticulosamente dise\u00f1ada para proporcionar a los usuarios una multitud de herramientas que son indispensables para establecer y moldear efectivamente una red social totalmente funcionada y personalizada. Gracias a su interfaz altamente intuitiva y su dise\u00f1o modular meticulosamente dise\u00f1ado, esta plataforma es accesible y f\u00e1cil de usar para absolutamente cualquier persona que busque crear una comunidad en l\u00ednea exclusiva y distintiva, independientemente de su nivel de competencia t\u00e9cnica. Con una variedad de caracter\u00edsticas robustas y de vanguardia que incluyen, entre otros, perfiles de usuarios, grupos, capacidades de mensajer\u00eda y muchos otros, PhpSocial sirve como la mejor panacea para empresas, organizaciones e individuos que anhelan ampliar su alcance y cautivarse a su p\u00fablico objetivo a trav\u00e9s de medios novedosos y estimulantes.<\/p>\n","protected":false},"featured_media":167213,"comment_status":"open","ping_status":"open","template":"","meta":[],"product_brand":[2339],"product_cat":[1325,1206,1211],"product_tag":[1256],"class_list":{"0":"post-110819","1":"product","2":"type-product","3":"status-publish","4":"has-post-thumbnail","6":"product_brand-codecanyon","7":"product_cat-afiliacion","8":"product_cat-plugins","9":"product_cat-wordpress-plugins","10":"product_tag-codecanyon","11":"member-discount","12":"discount-restricted","14":"first","15":"instock","16":"sale","17":"downloadable","18":"virtual","19":"sold-individually","20":"purchasable","21":"product-type-simple"},"_links":{"self":[{"href":"https:\/\/gpl-love.com\/es\/wp-json\/wp\/v2\/product\/110819","targetHints":{"allow":["GET"]}}],"collection":[{"href":"https:\/\/gpl-love.com\/es\/wp-json\/wp\/v2\/product"}],"about":[{"href":"https:\/\/gpl-love.com\/es\/wp-json\/wp\/v2\/types\/product"}],"replies":[{"embeddable":true,"href":"https:\/\/gpl-love.com\/es\/wp-json\/wp\/v2\/comments?post=110819"}],"wp:featuredmedia":[{"embeddable":true,"href":"https:\/\/gpl-love.com\/es\/wp-json\/wp\/v2\/media\/167213"}],"wp:attachment":[{"href":"https:\/\/gpl-love.com\/es\/wp-json\/wp\/v2\/media?parent=110819"}],"wp:term":[{"taxonomy":"product_brand","embeddable":true,"href":"https:\/\/gpl-love.com\/es\/wp-json\/wp\/v2\/product_brand?post=110819"},{"taxonomy":"product_cat","embeddable":true,"href":"https:\/\/gpl-love.com\/es\/wp-json\/wp\/v2\/product_cat?post=110819"},{"taxonomy":"product_tag","embeddable":true,"href":"https:\/\/gpl-love.com\/es\/wp-json\/wp\/v2\/product_tag?post=110819"}],"curies":[{"name":"wp","href":"https:\/\/api.w.org\/{rel}","templated":true}]}}