{"id":110815,"date":"2022-06-11T00:00:00","date_gmt":"2022-06-11T05:00:00","guid":{"rendered":"http:\/\/gpl-love.com\/es\/producto\/emallshop-responsive-multipurpose-woocommerce-theme\/"},"modified":"2026-03-13T17:20:25","modified_gmt":"2026-03-13T22:20:25","slug":"emallshop-responsive-multipurpose-woocommerce-theme","status":"publish","type":"product","link":"https:\/\/gpl-love.com\/es\/producto\/emallshop-responsive-multipurpose-woocommerce-theme\/","title":{"rendered":"EmallShop Responsive Multipurpose WooCommerce Theme 2.3.2"},"content":{"rendered":"<h3>EmallShop Responsive Multipurpose WooCommerce Theme Caracteristicas<\/h3>\n<p>Emallshop, un tema de WooCommerce altamente vers\u00e1til, ha sido meticulosamente elaborado para exhibir la capacidad de respuesta y las capacidades multiprop\u00f3sito, lo que es una opci\u00f3n impecable para cualquier tienda en l\u00ednea. Su apariencia elegante y contempor\u00e1nea, junto con sus opciones de dise\u00f1o personalizables, le permite mostrar su variedad de productos de manera profesional y cautivadora. Adem\u00e1s, este tema abarca una gran cantidad de atributos invaluables, incluida una vista previa de productos Swift, funcionalidad de la lista de deseos y filtros de productos, todos los cuales aceleran el proceso de localizaci\u00f3n de art\u00edculos deseados para su estimada clientela. Adem\u00e1s, EmallShop se ha optimizado para mejorar la optimizaci\u00f3n de motores de b\u00fasqueda (SEO) y acelerar los tiempos de carga, asegurando as\u00ed que su sitio web funcione admirablemente y obtenga clasificaciones encomiables en las p\u00e1ginas de resultados de los motores de b\u00fasqueda. Ya sea que su comercio involucre moda, electr\u00f3nica o cualquier cosa que se encuentre en el medio, Emallshop es una elecci\u00f3n ejemplar para su empresa de comercio electr\u00f3nico.<\/p>\n<ul>\n<li>Dise\u00f1o receptivo que se ve muy bien en cualquier dispositivo, como escritorio, tableta y m\u00f3vil<\/li>\n<li>Construido espec\u00edficamente para WooCommerce, lo que permite una integraci\u00f3n f\u00e1cil y perfecta de su tienda en l\u00ednea<\/li>\n<li>M\u00e1s de 20 dise\u00f1os de p\u00e1gina de inicio predise\u00f1ados para elegir<\/li>\n<li>Opciones de personalizaci\u00f3n flexible, que incluyen opciones de color ilimitadas y opciones de fuentes<\/li>\n<li>Incluye un constructor de p\u00e1ginas de arrastrar y soltar para la creaci\u00f3n f\u00e1cil de sitios web<\/li>\n<li>Soporte incorporado para varios idiomas<\/li>\n<li>Documentaci\u00f3n extensa y atenci\u00f3n al cliente para garantizar una experiencia sin problemas<\/li>\n<li>Integraci\u00f3n con complementos populares como el formulario de contacto 7 y WPML<\/li>\n<li>Optimizado para motores de b\u00fasqueda para mejorar la visibilidad y el tr\u00e1fico a su sitio web<\/li>\n<li>Dise\u00f1o limpio y moderno para mejorar la experiencia del usuario e impulsar las ventas.<\/li>\n<\/ul>\n","protected":false},"excerpt":{"rendered":"<p>Emallshop, un tema ejemplar de WooCommerce, ha sido meticulosamente elaborado para ofrecer una plataforma de tiendas en l\u00ednea altamente adaptable y receptiva. Con un dise\u00f1o de vanguardia y elegante, este tema le permite adaptar sin esfuerzo su sitio web para reflejar su identidad de marca y exhibir sin problemas su variedad de productos. Mientras cuenta con una multitud de atributos indispensables, como dise\u00f1os vers\u00e1tiles, capacidades de filtrado avanzadas y visualizaci\u00f3n de productos acelerados, EmallShop garantiza una experiencia f\u00e1cil de usar. Adem\u00e1s, su proceso de instalaci\u00f3n sin esfuerzo garantiza un viaje de venta en l\u00ednea simplificado y altamente eficiente.<\/p>\n","protected":false},"featured_media":165976,"comment_status":"open","ping_status":"open","template":"","meta":[],"product_brand":[2337],"product_cat":[1263,1397,1237],"product_tag":[1391],"class_list":{"0":"post-110815","1":"product","2":"type-product","3":"status-publish","4":"has-post-thumbnail","6":"product_brand-themeforest","7":"product_cat-comercio-electronico-temas","8":"product_cat-de-multiples-fines-comercio-electronico-temas","9":"product_cat-temas","10":"product_tag-themeforest","11":"member-discount","12":"discount-restricted","14":"first","15":"instock","16":"sale","17":"downloadable","18":"virtual","19":"sold-individually","20":"purchasable","21":"product-type-simple"},"_links":{"self":[{"href":"https:\/\/gpl-love.com\/es\/wp-json\/wp\/v2\/product\/110815","targetHints":{"allow":["GET"]}}],"collection":[{"href":"https:\/\/gpl-love.com\/es\/wp-json\/wp\/v2\/product"}],"about":[{"href":"https:\/\/gpl-love.com\/es\/wp-json\/wp\/v2\/types\/product"}],"replies":[{"embeddable":true,"href":"https:\/\/gpl-love.com\/es\/wp-json\/wp\/v2\/comments?post=110815"}],"wp:featuredmedia":[{"embeddable":true,"href":"https:\/\/gpl-love.com\/es\/wp-json\/wp\/v2\/media\/165976"}],"wp:attachment":[{"href":"https:\/\/gpl-love.com\/es\/wp-json\/wp\/v2\/media?parent=110815"}],"wp:term":[{"taxonomy":"product_brand","embeddable":true,"href":"https:\/\/gpl-love.com\/es\/wp-json\/wp\/v2\/product_brand?post=110815"},{"taxonomy":"product_cat","embeddable":true,"href":"https:\/\/gpl-love.com\/es\/wp-json\/wp\/v2\/product_cat?post=110815"},{"taxonomy":"product_tag","embeddable":true,"href":"https:\/\/gpl-love.com\/es\/wp-json\/wp\/v2\/product_tag?post=110815"}],"curies":[{"name":"wp","href":"https:\/\/api.w.org\/{rel}","templated":true}]}}