{"id":110813,"date":"2022-03-17T00:00:00","date_gmt":"2022-03-17T05:00:00","guid":{"rendered":"http:\/\/gpl-love.com\/es\/producto\/miva-business-consulting-wordpress-theme\/"},"modified":"2026-04-10T11:16:46","modified_gmt":"2026-04-10T16:16:46","slug":"miva-business-consulting-wordpress-theme","status":"publish","type":"product","link":"https:\/\/gpl-love.com\/es\/producto\/miva-business-consulting-wordpress-theme\/","title":{"rendered":"Miva Business Consulting WordPress Theme 1.0.3"},"content":{"rendered":"<h3>Miva Business Consulting WordPress Theme Caracteristicas<\/h3>\n<p>El tema de WordPress de Miva Business Consulting, con su abundancia de caracter\u00edsticas beneficiosas y adaptables, sirve como un instrumento excepcional para construir sitios web dise\u00f1ados profesionalmente que se cautivan visualmente para consultores de negocios. Este tema ofrece una multitud de posibilidades de personalizaci\u00f3n, otorgando a los usuarios la capacidad de fabricar sin esfuerzo un sitio web impresionante. Adem\u00e1s, el tema garantiza un dise\u00f1o receptivo, asegurando que su sitio web mantenga su apariencia impecable en cualquier dispositivo. Adem\u00e1s, proporciona una variedad de opciones de personalizaci\u00f3n, lo que brinda a los usuarios la oportunidad de modificar el dise\u00f1o, el esquema de color y la tipograf\u00eda para alinearse con su identidad de marca. Sin lugar a dudas, el tema de WordPress de Miva Business Consulting es una opci\u00f3n ejemplar para los consultores de negocios que buscan aumentar su presencia en l\u00ednea y atraer a una clientela m\u00e1s grande.<\/p>\n<ul>\n<li>Dise\u00f1o profesional y elegante para sitios web de consultor\u00eda de negocios<\/li>\n<li>Totalmente personalizable con creador de p\u00e1ginas de arrastrar y soltar y configuraciones de temas<\/li>\n<li>Incluye m\u00e1s de 10 p\u00e1ginas predise\u00f1adas para una f\u00e1cil configuraci\u00f3n<\/li>\n<li>Receptivo m\u00f3vil en todos los dispositivos<\/li>\n<li>Se integra con complementos populares de WordPress, como yoast y el formulario de contacto 7<\/li>\n<li>Optimizado para SEO y velocidad<\/li>\n<li>Incluye videos tutoriales y documentaci\u00f3n extensa para una f\u00e1cil configuraci\u00f3n y personalizaci\u00f3n.<\/li>\n<li>Actualizaciones regulares y equipo de soporte dedicado<\/li>\n<li>Compatible con la \u00faltima versi\u00f3n de WordPress y que cumplen con GDPR<\/li>\n<li>Ofrece m\u00faltiples dise\u00f1os de encabezado y pie de p\u00e1gina para una mayor personalizaci\u00f3n<\/li>\n<li>Incluye opciones para testimonios, miembros del equipo y logotipos de clientes para mostrar el \u00e9xito de la compa\u00f1\u00eda.<\/li>\n<\/ul>\n","protected":false},"excerpt":{"rendered":"<p>Cuando elige utilizar el tema de WordPress de consultor\u00eda de Miva Business, puede establecer efectivamente la presencia en l\u00ednea de su negocio de consultor\u00eda en poco tiempo. Este notable tema proporciona un dise\u00f1o altamente profesional que se puede ajustar a sus preferencias espec\u00edficas a trav\u00e9s de una amplia gama de opciones de personalizaci\u00f3n, incluida la elecci\u00f3n de colores, fuentes y dise\u00f1o. Adem\u00e1s, el dise\u00f1o receptivo del tema de Miva Business Consulting WordPress garantiza que su sitio web parezca constantemente visualmente atractivo y funcione sin problemas en cualquier dispositivo al que se acceda. Adem\u00e1s de eso, este tema sobresaliente ofrece una variedad de caracter\u00edsticas impresionantes, como widgets personalizados, plantillas de m\u00faltiples p\u00e1ginas y una integraci\u00f3n perfecta con complementos populares, incluidos WooCommerce y el Formulario de contacto 7. Al optar por usar el tema de WordPress de consultor\u00eda de negocios de Miva, puede renunciar a El tedioso proceso de dise\u00f1o de un sitio web desde cero y, en cambio, comienza a establecer su presencia en l\u00ednea de manera r\u00e1pida y eficiente.<\/p>\n","protected":false},"featured_media":166791,"comment_status":"open","ping_status":"open","template":"","meta":[],"product_brand":[2337],"product_cat":[1307,1237,1238],"product_tag":[1391],"class_list":{"0":"post-110813","1":"product","2":"type-product","3":"status-publish","4":"has-post-thumbnail","6":"product_brand-themeforest","7":"product_cat-negocio-wordpress-temas","8":"product_cat-temas","9":"product_cat-wordpress-temas","10":"product_tag-themeforest","11":"member-discount","12":"discount-restricted","14":"first","15":"instock","16":"sale","17":"downloadable","18":"virtual","19":"sold-individually","20":"purchasable","21":"product-type-simple"},"_links":{"self":[{"href":"https:\/\/gpl-love.com\/es\/wp-json\/wp\/v2\/product\/110813","targetHints":{"allow":["GET"]}}],"collection":[{"href":"https:\/\/gpl-love.com\/es\/wp-json\/wp\/v2\/product"}],"about":[{"href":"https:\/\/gpl-love.com\/es\/wp-json\/wp\/v2\/types\/product"}],"replies":[{"embeddable":true,"href":"https:\/\/gpl-love.com\/es\/wp-json\/wp\/v2\/comments?post=110813"}],"wp:featuredmedia":[{"embeddable":true,"href":"https:\/\/gpl-love.com\/es\/wp-json\/wp\/v2\/media\/166791"}],"wp:attachment":[{"href":"https:\/\/gpl-love.com\/es\/wp-json\/wp\/v2\/media?parent=110813"}],"wp:term":[{"taxonomy":"product_brand","embeddable":true,"href":"https:\/\/gpl-love.com\/es\/wp-json\/wp\/v2\/product_brand?post=110813"},{"taxonomy":"product_cat","embeddable":true,"href":"https:\/\/gpl-love.com\/es\/wp-json\/wp\/v2\/product_cat?post=110813"},{"taxonomy":"product_tag","embeddable":true,"href":"https:\/\/gpl-love.com\/es\/wp-json\/wp\/v2\/product_tag?post=110813"}],"curies":[{"name":"wp","href":"https:\/\/api.w.org\/{rel}","templated":true}]}}