{"id":110811,"date":"2022-01-03T00:00:00","date_gmt":"2022-01-03T05:00:00","guid":{"rendered":"http:\/\/gpl-love.com\/es\/producto\/colead-coaching-online-courses-wordpress-theme\/"},"modified":"2026-03-13T17:17:55","modified_gmt":"2026-03-13T22:17:55","slug":"colead-coaching-online-courses-wordpress-theme","status":"publish","type":"product","link":"https:\/\/gpl-love.com\/es\/producto\/colead-coaching-online-courses-wordpress-theme\/","title":{"rendered":"Colead Coaching y Online Courses WordPress Theme 3.5.3"},"content":{"rendered":"<h3>Colead Coaching y Online Courses WordPress Theme Caracteristicas<\/h3>\n<p>El tema de WordPress de Coaching y Coaching Online de Colead, un tema incre\u00edblemente vers\u00e1til y altamente profesional, ha sido meticulosamente elaborado para cumplir con los requisitos diversos y espec\u00edficos de entrenadores y educadores por igual. Este tema no solo es visualmente atractivo, sino que tambi\u00e9n est\u00e1 equipado con una amplia gama de caracter\u00edsticas y herramientas potentes y de vanguardia que facilitan sin esfuerzo la creaci\u00f3n de un sitio web llamativo y visualmente cautivador, uno que est\u00e1 optimizado para satisfacer las necesidades \u00fanicas de coaching y cursos online. Gracias a su dise\u00f1o f\u00e1cil de usar y f\u00e1cilmente navegable, junto con su capacidad de ser personalizado para adaptarse a sus preferencias personales, este tema ofrece una plataforma excepcional sobre la cual puede mostrar efectivamente sus habilidades invaluables y su experiencia inigualable de una manera elegante y elegante y contempor\u00e1neo. Es la soluci\u00f3n definitiva para las personas que aspiran a lanzar un curso en l\u00ednea o proporcionar servicios de coaching, ya que amalgama sin problemas la profesionalidad con el compromiso, asegurando as\u00ed que su sitio web exude un aire de credibilidad y competencia.<\/p>\n<ul>\n<li>Aspecto profesional y moderno para dar una gran primera impresi\u00f3n a los clientes potenciales<\/li>\n<li>Dise\u00f1o totalmente personalizable con funcionalidad de arrastrar y soltar para crear f\u00e1cilmente el dise\u00f1o deseado<\/li>\n<li>Dise\u00f1o receptivo que se ve muy bien en todos los dispositivos, desde escritorio hasta dispositivos m\u00f3viles<\/li>\n<li>Integraci\u00f3n con complementos populares como WooCommerce, BuddyPress y LearnDash para hacer que la administraci\u00f3n de sus cursos en l\u00ednea sea una brisa<\/li>\n<li>Sistema de reserva de citas incorporado que permite a los clientes programar con facilidad y eficiencia<\/li>\n<li>Poderosas herramientas de optimizaci\u00f3n de SEO para ayudar a su sitio web a clasificar m\u00e1s alto en los motores de b\u00fasqueda<\/li>\n<li>Integraci\u00f3n f\u00e1cil con pasarelas de pago populares como PayPal y Stripe para transacciones seguras<\/li>\n<li>Caracter\u00edsticas de membres\u00eda para crear una experiencia m\u00e1s exclusiva y gratificante para sus clientes<\/li>\n<li>Actualizaciones continuas y soporte del equipo de desarrolladores para mantener su sitio web funcionando sin problemas y eficientemente.<\/li>\n<\/ul>\n","protected":false},"excerpt":{"rendered":"<p>Descubra el mundo del aprendizaje digital con el tema de coaching de Colead y los cursos en l\u00ednea de WordPress. Dise\u00f1ado para atender a instituciones educativas, plataformas de aprendizaje electr\u00f3nico y educadores independientes, este tema ofrece una experiencia de aprendizaje en l\u00ednea perfecta. Con una variedad de caracter\u00edsticas como navegaci\u00f3n f\u00e1cil de usar, dise\u00f1os interactivos y dise\u00f1os personalizables, Colead garantiza que su curso en l\u00ednea se destaque entre la multitud. El tema incorpora estructuras amigables con SEO y un dise\u00f1o de respuesta m\u00f3vil, maximizando la visibilidad y accesibilidad de su sitio. Junto con esto, las opciones integradas de pago en l\u00ednea y los sistemas de gesti\u00f3n de cursos se suman a la facilidad de uso. Con Colead, puede crear una plataforma de aprendizaje en l\u00ednea atractiva y eficiente que fomente el conocimiento y el crecimiento.<\/p>\n","protected":false},"featured_media":165644,"comment_status":"open","ping_status":"open","template":"","meta":[],"product_brand":[2337],"product_cat":[1307,1237,1238],"product_tag":[1391],"class_list":{"0":"post-110811","1":"product","2":"type-product","3":"status-publish","4":"has-post-thumbnail","6":"product_brand-themeforest","7":"product_cat-negocio-wordpress-temas","8":"product_cat-temas","9":"product_cat-wordpress-temas","10":"product_tag-themeforest","11":"member-discount","12":"discount-restricted","14":"first","15":"instock","16":"sale","17":"downloadable","18":"virtual","19":"sold-individually","20":"purchasable","21":"product-type-simple"},"_links":{"self":[{"href":"https:\/\/gpl-love.com\/es\/wp-json\/wp\/v2\/product\/110811","targetHints":{"allow":["GET"]}}],"collection":[{"href":"https:\/\/gpl-love.com\/es\/wp-json\/wp\/v2\/product"}],"about":[{"href":"https:\/\/gpl-love.com\/es\/wp-json\/wp\/v2\/types\/product"}],"replies":[{"embeddable":true,"href":"https:\/\/gpl-love.com\/es\/wp-json\/wp\/v2\/comments?post=110811"}],"wp:featuredmedia":[{"embeddable":true,"href":"https:\/\/gpl-love.com\/es\/wp-json\/wp\/v2\/media\/165644"}],"wp:attachment":[{"href":"https:\/\/gpl-love.com\/es\/wp-json\/wp\/v2\/media?parent=110811"}],"wp:term":[{"taxonomy":"product_brand","embeddable":true,"href":"https:\/\/gpl-love.com\/es\/wp-json\/wp\/v2\/product_brand?post=110811"},{"taxonomy":"product_cat","embeddable":true,"href":"https:\/\/gpl-love.com\/es\/wp-json\/wp\/v2\/product_cat?post=110811"},{"taxonomy":"product_tag","embeddable":true,"href":"https:\/\/gpl-love.com\/es\/wp-json\/wp\/v2\/product_tag?post=110811"}],"curies":[{"name":"wp","href":"https:\/\/api.w.org\/{rel}","templated":true}]}}