{"id":110809,"date":"2024-06-11T00:00:00","date_gmt":"2024-06-11T05:00:00","guid":{"rendered":"http:\/\/gpl-love.com\/es\/producto\/skillate-wordpress-elearning-theme\/"},"modified":"2026-04-10T11:24:54","modified_gmt":"2026-04-10T16:24:54","slug":"skillate-wordpress-elearning-theme","status":"publish","type":"product","link":"https:\/\/gpl-love.com\/es\/producto\/skillate-wordpress-elearning-theme\/","title":{"rendered":"Skillate WordPress eLearning Theme 1.3.2"},"content":{"rendered":"<h3>Skillate WordPress eLearning Theme Caracteristicas<\/h3>\n<p>El tema Skillate WordPress Elearning se presenta como la soluci\u00f3n definitiva para las personas en busca de un medio para construir una plataforma en l\u00ednea que atiende al aprendizaje. Est\u00e1 equipado con una interfaz de usuario que es intuitiva y f\u00e1cil de usar, lo que permite una experiencia perfecta. Adem\u00e1s, el dise\u00f1o es personalizable, lo que permite a los usuarios personalizar su plataforma para adaptarse a sus preferencias. Sin embargo, lo que realmente distingue a Skillate son sus caracter\u00edsticas poderosas que contribuyen a la creaci\u00f3n de cursos de eLearning atractivos y efectivos. Adem\u00e1s, este tema es totalmente receptivo y optimizado para dispositivos m\u00f3viles, lo que garantiza que el atractivo visual de su contenido permanezca intacto, independientemente del tama\u00f1o de la pantalla en el que se ve. Adem\u00e1s, Skillate ofrece una gran cantidad de plantillas y dise\u00f1os preconstruidos, racionalizando el proceso de creaci\u00f3n del curso y prestando un toque profesional. Independientemente de si usted es un maestro, entrenador o propietario de un negocio, Skillate surge como la opci\u00f3n indiscutible para la creaci\u00f3n de una experiencia de aprendizaje en l\u00ednea altamente productiva.<\/p>\n<ul>\n<li>Un tema de WordPress de eLearning elegante y profesional, dise\u00f1ado para ayudarlo a crear cursos en l\u00ednea atractivos y efectivos<\/li>\n<li>Dise\u00f1o totalmente personalizable con el creador de p\u00e1ginas de arrastrar y soltar, lo que le permite crear cualquier tipo de estructura de curso que desee<\/li>\n<li>Dise\u00f1o receptivo, asegurando que sus cursos se vean muy bien en cualquier dispositivo, ya sea escritorio, tableta o m\u00f3vil<\/li>\n<li>M\u00faltiples dise\u00f1os y estilos de cursos, incluidos cursos gratuitos y pagados, lo que le permite monetizar su contenido y administrar f\u00e1cilmente los pagos y la inscripci\u00f3n de los estudiantes a trav\u00e9s de la integraci\u00f3n de WooCommerce<\/li>\n<li>Interfaz f\u00e1cil de usar, con navegaci\u00f3n intuitiva y llamadas claras a la acci\u00f3n, ayudando a aumentar la participaci\u00f3n de los estudiantes y fomentar una experiencia de aprendizaje positiva<\/li>\n<li>Integraci\u00f3n de video, lo que le permite incorporar f\u00e1cilmente contenido multimedia en sus cursos y mantener a los estudiantes comprometidos con contenido interactivo<\/li>\n<li>An\u00e1lisis incorporado, que le brinda informaci\u00f3n sobre el rendimiento del curso y la participaci\u00f3n de los estudiantes, lo que le permite rastrear el progreso y tomar decisiones basadas en datos sobre su contenido y estrategia comercial<\/li>\n<li>Dise\u00f1o amigable para SEO, ayudando a sus cursos a clasificarse m\u00e1s en los resultados de los motores de b\u00fasqueda y atraer a m\u00e1s estudiantes potenciales a su plataforma<\/li>\n<li>Documentaci\u00f3n y soporte extenso, asegurando que tenga todo lo que necesita para funcionar de manera r\u00e1pida y f\u00e1cil, incluidos tutoriales de video e instrucciones paso a paso para el uso de cada caracter\u00edstica.<\/li>\n<\/ul>\n","protected":false},"excerpt":{"rendered":"<p>Skillate es un tema excepcional de WordPress de eLearning que ha sido intrincadamente dise\u00f1ado para satisfacer las necesidades de empresas, educadores y proveedores de cursos en l\u00ednea. Con un dise\u00f1o visualmente atractivo y contempor\u00e1neo, Skillate cuenta con una amplia gama de caracter\u00edsticas altamente personalizables, como la capacidad de crear cursos sin esfuerzo, administrar estudiantes, administrar cuestionarios y realizar evaluaciones. El tema en s\u00ed ha sido dise\u00f1ado con la utilizaci\u00f3n de Elementor, un constructor de p\u00e1ginas f\u00e1cil de usar, que facilita la personalizaci\u00f3n y actualizaci\u00f3n perfecta de su sitio web a trav\u00e9s de su funcionalidad intuitiva de arrastrar y soltar. Adem\u00e1s, Skillate se integra sin problemas con WooCommerce, una plataforma de comercio electr\u00f3nico inmensamente popular, lo que le otorga la oportunidad de comercializar y vender eficientemente sus cursos y varios productos digitales directamente desde su sitio web. Ya sea que aspira a impartir una nueva habilidad o aspirar a expandir y elevar su empresa de eLearning, Skillate sirve como el tema de WordPress ideal e indispensable que sin duda lo impulsar\u00e1 hacia el logro exitoso de sus objetivos.<\/p>\n","protected":false},"featured_media":167497,"comment_status":"open","ping_status":"open","template":"","meta":[],"product_brand":[2431],"product_cat":[1307,1237,1238],"product_tag":[1476],"class_list":{"0":"post-110809","1":"product","2":"type-product","3":"status-publish","4":"has-post-thumbnail","6":"product_brand-themeum","7":"product_cat-negocio-wordpress-temas","8":"product_cat-temas","9":"product_cat-wordpress-temas","10":"product_tag-themeum","11":"member-discount","12":"discount-restricted","14":"first","15":"instock","16":"sale","17":"downloadable","18":"virtual","19":"sold-individually","20":"purchasable","21":"product-type-simple"},"_links":{"self":[{"href":"https:\/\/gpl-love.com\/es\/wp-json\/wp\/v2\/product\/110809","targetHints":{"allow":["GET"]}}],"collection":[{"href":"https:\/\/gpl-love.com\/es\/wp-json\/wp\/v2\/product"}],"about":[{"href":"https:\/\/gpl-love.com\/es\/wp-json\/wp\/v2\/types\/product"}],"replies":[{"embeddable":true,"href":"https:\/\/gpl-love.com\/es\/wp-json\/wp\/v2\/comments?post=110809"}],"wp:featuredmedia":[{"embeddable":true,"href":"https:\/\/gpl-love.com\/es\/wp-json\/wp\/v2\/media\/167497"}],"wp:attachment":[{"href":"https:\/\/gpl-love.com\/es\/wp-json\/wp\/v2\/media?parent=110809"}],"wp:term":[{"taxonomy":"product_brand","embeddable":true,"href":"https:\/\/gpl-love.com\/es\/wp-json\/wp\/v2\/product_brand?post=110809"},{"taxonomy":"product_cat","embeddable":true,"href":"https:\/\/gpl-love.com\/es\/wp-json\/wp\/v2\/product_cat?post=110809"},{"taxonomy":"product_tag","embeddable":true,"href":"https:\/\/gpl-love.com\/es\/wp-json\/wp\/v2\/product_tag?post=110809"}],"curies":[{"name":"wp","href":"https:\/\/api.w.org\/{rel}","templated":true}]}}