{"id":110807,"date":"2022-03-12T00:00:00","date_gmt":"2022-03-12T05:00:00","guid":{"rendered":"http:\/\/gpl-love.com\/es\/producto\/cera-intranet-and-community-wordpress-theme\/"},"modified":"2026-03-13T17:17:36","modified_gmt":"2026-03-13T22:17:36","slug":"cera-intranet-and-community-wordpress-theme","status":"publish","type":"product","link":"https:\/\/gpl-love.com\/es\/producto\/cera-intranet-and-community-wordpress-theme\/","title":{"rendered":"Cera Intranet y Community WordPress Theme 1.1.13"},"content":{"rendered":"<h3>Cera Intranet y Community WordPress Theme Caracteristicas<\/h3>\n<p>El tema de WordPress de Cera Intranet y Community se presenta como una soluci\u00f3n integral y multifac\u00e9tica para facilitar el establecimiento y desarrollo de potentes intranets o sitios web de la comunidad. Con una est\u00e9tica visual sofisticada y refinada, junto con una interfaz incre\u00edblemente f\u00e1cil de usar, este tema est\u00e1 hecho a medida para empresas, organizaciones y comunidades en l\u00ednea que anhelan una plataforma digital que estimula efectivamente la participaci\u00f3n de los miembros y nutren la sistemia colectiva. Cera muestra un impresionante repertorio de caracter\u00edsticas, que abarca la personalizaci\u00f3n de los perfiles de usuario, las funcionalidades de mensajer\u00eda y chat sin interrupciones, espacios vibrantes de foro, herramientas meticulosas de gesti\u00f3n de eventos e integraci\u00f3n perfecta con plataformas de redes sociales ampliamente utilizadas. Adem\u00e1s, este tema cuenta con una capacidad de respuesta completa y una adaptabilidad optimizada a diversos dispositivos m\u00f3viles. En consecuencia, los usuarios tienen garantizado una experiencia perfecta e inmersiva, independientemente de las pantallas utilizadas para el compromiso. Al aprovechar el poder transformador de Cera, los usuarios pueden construir sin esfuerzo un dominio virtual altamente profesional y cautivador que no solo solidifica la interconexi\u00f3n de su comunidad, sino que tambi\u00e9n impulsa sus aspiraciones colectivas hacia el triunfo resonante.<\/p>\n<ul>\n<li>Dise\u00f1o moderno y visualmente atractivo<\/li>\n<li>Caracter\u00edsticas incorporadas para crear un sitio web de Intranet o Comunidad<\/li>\n<li>Totalmente personalizable con un panel de opciones f\u00e1ciles de usar<\/li>\n<li>Compatible con complementos populares de WordPress como BuddyPress y BbPress<\/li>\n<li>Dise\u00f1o de respuesta m\u00f3vil para una f\u00e1cil visualizaci\u00f3n en cualquier dispositivo<\/li>\n<li>Opciones de dise\u00f1o m\u00faltiples para p\u00e1ginas de inicio y p\u00e1ginas internas<\/li>\n<li>Incluye una variedad de p\u00e1ginas predise\u00f1adas para una f\u00e1cil configuraci\u00f3n<\/li>\n<li>Opciones integradas de intercambio de redes sociales<\/li>\n<li>Construido con las mejores pr\u00e1cticas de SEO en mente<\/li>\n<li>Soporte y actualizaciones de por vida incluidas con la compra<\/li>\n<\/ul>\n","protected":false},"excerpt":{"rendered":"<p>Sum\u00e9rgete en una comunidad digital vibrante con el tema de Cera Intranet y Community WordPress. Este innovador tema de WordPress ofrece una soluci\u00f3n integral para dise\u00f1ar una plataforma en l\u00ednea atractiva. Con Cera, puede crear una intranet efectiva o construir una comunidad en l\u00ednea floreciente. Dise\u00f1ado con caracter\u00edsticas f\u00e1ciles de usar, CERA ofrece una interfaz f\u00e1cil de navegar y una experiencia de usuario perfecta. Ya sea que sea una peque\u00f1a empresa, una entidad corporativa o una comunidad social, el dise\u00f1o personalizable de CERA garantiza que satisface las necesidades \u00fanicas de cada plataforma. Con su dise\u00f1o receptivo, CERA ofrece un rendimiento \u00f3ptimo en los dispositivos de escritorio y m\u00f3viles. El tema tambi\u00e9n proporciona caracter\u00edsticas de seguridad robustas, asegurando la privacidad y la protecci\u00f3n de los datos. Adem\u00e1s, CERA viene con un proceso de instalaci\u00f3n f\u00e1cil y una excelente atenci\u00f3n al cliente, asegurando que pueda poner en funcionamiento su plataforma en poco tiempo. Experimente el poder de la comunidad con el tema de WordPress de Cera Intranet y Community.<\/p>\n","protected":false},"featured_media":165607,"comment_status":"open","ping_status":"open","template":"","meta":[],"product_brand":[2337],"product_cat":[1267,1237,1238],"product_tag":[1391],"class_list":{"0":"post-110807","1":"product","2":"type-product","3":"status-publish","4":"has-post-thumbnail","6":"product_brand-themeforest","7":"product_cat-creativo","8":"product_cat-temas","9":"product_cat-wordpress-temas","10":"product_tag-themeforest","11":"member-discount","12":"discount-restricted","14":"first","15":"instock","16":"sale","17":"downloadable","18":"virtual","19":"sold-individually","20":"purchasable","21":"product-type-simple"},"_links":{"self":[{"href":"https:\/\/gpl-love.com\/es\/wp-json\/wp\/v2\/product\/110807","targetHints":{"allow":["GET"]}}],"collection":[{"href":"https:\/\/gpl-love.com\/es\/wp-json\/wp\/v2\/product"}],"about":[{"href":"https:\/\/gpl-love.com\/es\/wp-json\/wp\/v2\/types\/product"}],"replies":[{"embeddable":true,"href":"https:\/\/gpl-love.com\/es\/wp-json\/wp\/v2\/comments?post=110807"}],"wp:featuredmedia":[{"embeddable":true,"href":"https:\/\/gpl-love.com\/es\/wp-json\/wp\/v2\/media\/165607"}],"wp:attachment":[{"href":"https:\/\/gpl-love.com\/es\/wp-json\/wp\/v2\/media?parent=110807"}],"wp:term":[{"taxonomy":"product_brand","embeddable":true,"href":"https:\/\/gpl-love.com\/es\/wp-json\/wp\/v2\/product_brand?post=110807"},{"taxonomy":"product_cat","embeddable":true,"href":"https:\/\/gpl-love.com\/es\/wp-json\/wp\/v2\/product_cat?post=110807"},{"taxonomy":"product_tag","embeddable":true,"href":"https:\/\/gpl-love.com\/es\/wp-json\/wp\/v2\/product_tag?post=110807"}],"curies":[{"name":"wp","href":"https:\/\/api.w.org\/{rel}","templated":true}]}}