{"id":110805,"date":"2021-02-23T00:00:00","date_gmt":"2021-02-23T05:00:00","guid":{"rendered":"http:\/\/gpl-love.com\/es\/producto\/dopi-elementor-multipurpose-wordpress-theme\/"},"modified":"2026-03-13T17:19:25","modified_gmt":"2026-03-13T22:19:25","slug":"dopi-elementor-multipurpose-wordpress-theme","status":"publish","type":"product","link":"https:\/\/gpl-love.com\/es\/producto\/dopi-elementor-multipurpose-wordpress-theme\/","title":{"rendered":"Dopi Elementor MultiPurpose WordPress Theme 1.2.3"},"content":{"rendered":"<h3>Dopi Elementor MultiPurpose WordPress Theme Caracteristicas<\/h3>\n<p>El tema de WordPress multiprop\u00f3sito Dopi Elementor es un tema notablemente vers\u00e1til y personalizable, que lo hace ideal para construir cualquier surtido de sitios web. Con la inclusi\u00f3n de su creador de p\u00e1ginas de arrastrar y soltar, Elementor, las personas desprovistas de experiencia en codificaci\u00f3n pueden idear y fabricar p\u00e1ginas sin esfuerzo. El tema abarca una variedad de plantillas de demostraci\u00f3n diversas, todas las cuales se pueden importar sin problemas con un mero clic de un bot\u00f3n, simplificando as\u00ed el proceso de iniciaci\u00f3n. El tema Dopi tambi\u00e9n abarca una variedad de caracter\u00edsticas inmensamente pr\u00e1cticas, incluido un mega men\u00fa, una variedad abundante de opciones de color, as\u00ed como varios estilos para el encabezado y el pie de p\u00e1gina. Adem\u00e1s, este tema ha experimentado una optimizaci\u00f3n espec\u00edficamente con el prop\u00f3sito de mejorar la velocidad y las capacidades de optimizaci\u00f3n de motores de b\u00fasqueda (SEO). Esta optimizaci\u00f3n garantiza que su sitio web se cargar\u00e1 de inmediato y alcance una clasificaci\u00f3n encomiable en las plataformas de motores de b\u00fasqueda. En conclusi\u00f3n, el tema DOPI es una opci\u00f3n ejemplar para las personas que buscan un tema de WordPress maleable y potente.<\/p>\n<ul>\n<li>Tema de WordPress multiprop\u00f3sito altamente personalizable<\/li>\n<li>Interfaz de arrastrar y soltar f\u00e1cil de usar<\/li>\n<li>Viene con m\u00faltiples plantillas predise\u00f1adas para una configuraci\u00f3n r\u00e1pida<\/li>\n<li>El dise\u00f1o receptivo garantiza que su sitio web se vea genial en todos los dispositivos<\/li>\n<li>Opciones m\u00faltiples de encabezado y pie de p\u00e1gina<\/li>\n<li>Tipograf\u00eda personalizable y esquema de color<\/li>\n<li>Integraci\u00f3n con complementos populares como WooCommerce y el Formulario de contacto 7<\/li>\n<li>Importar demostraci\u00f3n de un solo clic para la creaci\u00f3n f\u00e1cil de sitios web<\/li>\n<li>Atenci\u00f3n al cliente dedicada para cualquier pregunta o problema<\/li>\n<li>SEO optimizado para una mejor clasificaci\u00f3n de motores de b\u00fasqueda<\/li>\n<li>Actualizaciones regulares para garantizar la compatibilidad con las \u00faltimas versiones y complementos de WordPress.<\/li>\n<\/ul>\n","protected":false},"excerpt":{"rendered":"<p>El tema de WordPress de MultipurUsose Dopi Elementer es una plantilla vers\u00e1til y altamente personalizable dise\u00f1ada para usuarios de WordPress. DOPI ofrece una gran cantidad de caracter\u00edsticas dise\u00f1adas para que su sitio web se destaque. Este tema es multiprop\u00f3sito, lo que significa que puede usarse para cualquier tipo de sitio web, desde blogs hasta sitios de comercio electr\u00f3nico. Utiliza el Elementor Page Builder, lo que facilita a cualquier persona crear impresionantes p\u00e1ginas web sin ning\u00fan conocimiento de codificaci\u00f3n. Con Dopi, puede personalizar cada elemento de su sitio web para que coincida perfectamente con su marca. Adem\u00e1s, DOPI ofrece una excelente atenci\u00f3n al cliente, asegurando que siempre tenga la ayuda que necesita. Ya sea que sea un desarrollador principiante o un desarrollador web experimentado, el tema de WordPress multiprop\u00f3sito de Dopi Elementor hace que la construcci\u00f3n de sitios web hermosos y profesionales sea muy f\u00e1cil.<\/p>\n","protected":false},"featured_media":165803,"comment_status":"open","ping_status":"open","template":"","meta":[],"product_brand":[2337],"product_cat":[1239,1237,1238],"product_tag":[1391],"class_list":{"0":"post-110805","1":"product","2":"type-product","3":"status-publish","4":"has-post-thumbnail","6":"product_brand-themeforest","7":"product_cat-de-multiples-fines","8":"product_cat-temas","9":"product_cat-wordpress-temas","10":"product_tag-themeforest","11":"member-discount","12":"discount-restricted","14":"first","15":"instock","16":"sale","17":"downloadable","18":"virtual","19":"sold-individually","20":"purchasable","21":"product-type-simple"},"_links":{"self":[{"href":"https:\/\/gpl-love.com\/es\/wp-json\/wp\/v2\/product\/110805","targetHints":{"allow":["GET"]}}],"collection":[{"href":"https:\/\/gpl-love.com\/es\/wp-json\/wp\/v2\/product"}],"about":[{"href":"https:\/\/gpl-love.com\/es\/wp-json\/wp\/v2\/types\/product"}],"replies":[{"embeddable":true,"href":"https:\/\/gpl-love.com\/es\/wp-json\/wp\/v2\/comments?post=110805"}],"wp:featuredmedia":[{"embeddable":true,"href":"https:\/\/gpl-love.com\/es\/wp-json\/wp\/v2\/media\/165803"}],"wp:attachment":[{"href":"https:\/\/gpl-love.com\/es\/wp-json\/wp\/v2\/media?parent=110805"}],"wp:term":[{"taxonomy":"product_brand","embeddable":true,"href":"https:\/\/gpl-love.com\/es\/wp-json\/wp\/v2\/product_brand?post=110805"},{"taxonomy":"product_cat","embeddable":true,"href":"https:\/\/gpl-love.com\/es\/wp-json\/wp\/v2\/product_cat?post=110805"},{"taxonomy":"product_tag","embeddable":true,"href":"https:\/\/gpl-love.com\/es\/wp-json\/wp\/v2\/product_tag?post=110805"}],"curies":[{"name":"wp","href":"https:\/\/api.w.org\/{rel}","templated":true}]}}