{"id":110803,"date":"2022-05-22T00:00:00","date_gmt":"2022-05-22T05:00:00","guid":{"rendered":"http:\/\/gpl-love.com\/es\/producto\/edumax-wordpress-theme-to-build-online-course-portal\/"},"modified":"2026-03-13T17:19:48","modified_gmt":"2026-03-13T22:19:48","slug":"edumax-wordpress-theme-to-build-online-course-portal","status":"publish","type":"product","link":"https:\/\/gpl-love.com\/es\/producto\/edumax-wordpress-theme-to-build-online-course-portal\/","title":{"rendered":"Edumax WordPress Tema To Build Online Course Portal 2.1.0"},"content":{"rendered":"<h3>Edumax WordPress Tema To Build Online Course Portal Caracteristicas<\/h3>\n<p>El tema Edumax WordPress se presenta como un instrumento altamente encomiable que faculta a las personas a construir un portal integral de cursos en l\u00ednea. Este tema multifac\u00e9tico muestra una mir\u00edada de atributos impresionantes, facilitando la creaci\u00f3n perfecta de un sitio web visualmente cautivador y pulido. Con una interfaz intuitiva y f\u00e1cil de usar, los usuarios pueden adaptar sin esfuerzo el dise\u00f1o de su sitio, incorporando una variedad diversa de cursos mientras administran con competencia el avance de sus estudiantes. Adem\u00e1s, este tema cuenta con una optimizaci\u00f3n impecable del motor de b\u00fasqueda, que garantiza una clasificaci\u00f3n prominente dentro de los resultados de b\u00fasqueda. Al adoptar el tema de Edumax WordPress, los educadores pueden ofrecer una expedici\u00f3n de aprendizaje ininterrumpida e inmersiva, fomentando as\u00ed el crecimiento exponencial dentro de su empresa en l\u00ednea.<\/p>\n<ul>\n<li>Tema de WordPress potente y f\u00e1cil de usar dise\u00f1ado para construir portales de cursos en l\u00ednea<\/li>\n<li>Totalmente receptivo y adaptable, asegurando un rendimiento sin problemas en escritorio, tableta o m\u00f3vil<\/li>\n<li>Una amplia gama de plantillas de sitio web prebuilizadas y dise\u00f1os de p\u00e1ginas adaptados a las necesidades de los educadores y alumnos en l\u00ednea<\/li>\n<li>Sistema de gesti\u00f3n de cursos incorporado con caracter\u00edsticas avanzadas como seguimiento de progreso de cursos personalizados, cuestionarios y tareas<\/li>\n<li>Integraci\u00f3n con complementos populares de aprendizaje electr\u00f3nico como LearnDash y WP Courseware<\/li>\n<li>Opciones avanzadas de personalizaci\u00f3n del tema para garantizar que su sitio web se destaque y represente su marca<\/li>\n<li>Integraci\u00f3n perfecta con pasarelas de pago para compras de cursos f\u00e1ciles y seguros<\/li>\n<li>Optimizado para motores de b\u00fasqueda y alta carga de velocidad de p\u00e1gina, asegurando la m\u00e1xima visibilidad y compromiso<\/li>\n<li>Equipo de soporte dedicado disponible para ayudar con cualquier pregunta o problema que pueda encontrar.<\/li>\n<\/ul>\n","protected":false},"excerpt":{"rendered":"<p>Edumax es un tema de WordPress incre\u00edblemente din\u00e1mico y excepcionalmente vers\u00e1til que ha sido elaborado por expertos para ayudarlo a crear sin esfuerzo el portal de cursos en l\u00ednea definitivo que se garantiza cautivar y cautivar a los estudiantes de todos los rincones del mundo. Su interfaz intuitivamente dise\u00f1ada y sus caracter\u00edsticas notablemente f\u00e1ciles de usar funcionan en perfecta armon\u00eda para mostrar sin esfuerzo su extensa variedad de cursos, lo que finalmente resulta en una afluencia sin precedentes de estudiantes ansiosos por adquirir conocimiento de su estimada plataforma. Este tema fenomenalmente personalizable le otorga acceder a una gran cantidad de opciones, que incluye, entre otros, una variedad de diversas posibilidades de dise\u00f1o, herramientas integrales de gesti\u00f3n de cursos, un dise\u00f1o irresistiblemente receptivo y una velocidad optimizada, todas las cuales est\u00e1n meticulosamente adaptadas para proporcionar un sin igual y sin igual. Experiencia de aprendizaje inigualable. Al aprovechar el notable poder de Edumax, podr\u00e1 crear sin esfuerzo y vender lucrativamente sus cursos en l\u00ednea meticulosamente seleccionados, catapultando sin esfuerzo su negocio de aprendizaje electr\u00f3nico a alturas de \u00e9xito sin precedentes en el abrir y cerrar de ojos.<\/p>\n","protected":false},"featured_media":165917,"comment_status":"open","ping_status":"open","template":"","meta":[],"product_brand":[2431],"product_cat":[1307,1237,1238],"product_tag":[1476],"class_list":{"0":"post-110803","1":"product","2":"type-product","3":"status-publish","4":"has-post-thumbnail","6":"product_brand-themeum","7":"product_cat-negocio-wordpress-temas","8":"product_cat-temas","9":"product_cat-wordpress-temas","10":"product_tag-themeum","11":"member-discount","12":"discount-restricted","14":"first","15":"instock","16":"sale","17":"downloadable","18":"virtual","19":"sold-individually","20":"purchasable","21":"product-type-simple"},"_links":{"self":[{"href":"https:\/\/gpl-love.com\/es\/wp-json\/wp\/v2\/product\/110803","targetHints":{"allow":["GET"]}}],"collection":[{"href":"https:\/\/gpl-love.com\/es\/wp-json\/wp\/v2\/product"}],"about":[{"href":"https:\/\/gpl-love.com\/es\/wp-json\/wp\/v2\/types\/product"}],"replies":[{"embeddable":true,"href":"https:\/\/gpl-love.com\/es\/wp-json\/wp\/v2\/comments?post=110803"}],"wp:featuredmedia":[{"embeddable":true,"href":"https:\/\/gpl-love.com\/es\/wp-json\/wp\/v2\/media\/165917"}],"wp:attachment":[{"href":"https:\/\/gpl-love.com\/es\/wp-json\/wp\/v2\/media?parent=110803"}],"wp:term":[{"taxonomy":"product_brand","embeddable":true,"href":"https:\/\/gpl-love.com\/es\/wp-json\/wp\/v2\/product_brand?post=110803"},{"taxonomy":"product_cat","embeddable":true,"href":"https:\/\/gpl-love.com\/es\/wp-json\/wp\/v2\/product_cat?post=110803"},{"taxonomy":"product_tag","embeddable":true,"href":"https:\/\/gpl-love.com\/es\/wp-json\/wp\/v2\/product_tag?post=110803"}],"curies":[{"name":"wp","href":"https:\/\/api.w.org\/{rel}","templated":true}]}}