{"id":110801,"date":"2026-04-18T00:00:00","date_gmt":"2026-04-18T05:00:00","guid":{"rendered":"http:\/\/gpl-love.com\/es\/producto\/bulk-table-editor-for-woocommerce\/"},"modified":"2026-04-18T17:15:20","modified_gmt":"2026-04-18T22:15:20","slug":"bulk-table-editor-for-woocommerce","status":"publish","type":"product","link":"https:\/\/gpl-love.com\/es\/producto\/bulk-table-editor-for-woocommerce\/","title":{"rendered":"Bulk Table Editor para WooCommerce 2.6.7"},"content":{"rendered":"<h3>Bulk Table Editor para WooCommerce Caracteristicas<\/h3>\n<p>El editor de la mesa a granel para WooCommerce es una herramienta inmensamente poderosa y robusta que ha sido dise\u00f1ada por expertos con el prop\u00f3sito expreso de simplificar y optimizar la tarea a menudo ardua de administrar los datos de productos dentro de su tienda de WooCommerce. Al utilizar esta herramienta, se encontrar\u00e1 capaz de editar y actualizar sin esfuerzo grandes cantidades de informaci\u00f3n del producto de una sola vez, negando as\u00ed la necesidad de mano de obra manual innecesaria y le ahorra simult\u00e1neamente una inmensa cantidad de tiempo y esfuerzo. Este notable editor le brinda la capacidad sin precedentes para incorporar r\u00e1pidamente adiciones, deleciones o modificaciones a la informaci\u00f3n de su producto, que abarca una amplia gama de elementos como precios, atributos, niveles de acciones y una variedad de otros detalles pertinentes. Adem\u00e1s, le otorga acceder a una amplia gama de caracter\u00edsticas avanzadas que est\u00e1n preparadas y listas para elevar su nivel de productividad a alturas previamente insondables. Por ejemplo, podr\u00e1 filtrar y clasificar de manera efectiva sus productos con una facilidad sin igual, lo que le permite ubicar sin esfuerzo los art\u00edculos precisos que busca. Adem\u00e1s, puede obtener una vista previa de los cambios que haya realizado antes de aplicarlos, lo que le brinda una oportunidad muy necesaria para evaluar el impacto potencial de sus alteraciones. Adem\u00e1s, tambi\u00e9n podr\u00e1 programar convenientemente actualizaciones autom\u00e1ticas, asegurando que los datos de su producto sigan siendo consistentemente precisos y actualizados sin ninguna intervenci\u00f3n innecesaria de su parte. Independientemente de si es un propietario de una peque\u00f1a empresa incondicional o un tit\u00e1n de la industria dentro de una gran empresa, una cosa permanece muy clara: el editor de mesa a granel para WooCommerce es una herramienta indispensable y absolutamente esencial que sin duda revolucionar\u00e1 la manera en que gestiona la forma en que gestiona y mantenga sus invaluables datos de productos, todo mientras lo hace con un nivel incomparable de eficiencia y eficacia.<\/p>\n<ul>\n<li>Editar sin esfuerzo grandes cantidades de productos en WooCommerce<\/li>\n<li>Actualizar r\u00e1pidamente los precios, los niveles de acciones e informaci\u00f3n del producto<\/li>\n<li>Filtrar productos basados \u200b\u200ben atributos como categor\u00eda, etiquetas y sku<\/li>\n<li>Exportar e importar datos hacia y desde hojas de c\u00e1lculo para una f\u00e1cil edici\u00f3n<\/li>\n<li>Utilice herramientas de b\u00fasqueda avanzadas para encontrar r\u00e1pidamente productos espec\u00edficos<\/li>\n<li>Editar variaciones de productos con facilidad<\/li>\n<li>Ahorre tiempo mediante las actualizaciones y los cambios<\/li>\n<li>Mejorar la productividad con un proceso de edici\u00f3n simplificado<\/li>\n<li>Garantizar la precisi\u00f3n de los datos con una visi\u00f3n general clara de todos los cambios realizados<\/li>\n<li>Compatible con la \u00faltima versi\u00f3n de WooCommerce para una integraci\u00f3n perfecta<\/li>\n<\/ul>\n","protected":false},"excerpt":{"rendered":"<p>Mejore su experiencia de WooCommerce con nuestro editor de mesa a granel. Esta poderosa herramienta le permite administrar sus productos de WooCommerce a granel, ahorr\u00e1ndole tiempo y esfuerzo. Con la interfaz f\u00e1cil de usar de nuestro editor, puede ajustar f\u00e1cilmente los precios, el stock, las categor\u00edas y m\u00e1s con solo unos pocos clics. Es perfecto para los propietarios de tiendas en l\u00ednea que desean optimizar sus operaciones y aumentar la productividad. El editor de mesa a granel no solo facilita la gesti\u00f3n de su inventario, sino que tambi\u00e9n le ayuda a crear una tienda en l\u00ednea m\u00e1s organizada y eficiente. Pruebe nuestro editor de mesa a granel para WooCommerce hoy y experimente la diferencia.<\/p>\n","protected":false},"featured_media":165576,"comment_status":"open","ping_status":"open","template":"","meta":[],"product_brand":[2344],"product_cat":[1208,1207,1206],"product_tag":[1423],"class_list":{"0":"post-110801","1":"product","2":"type-product","3":"status-publish","4":"has-post-thumbnail","6":"product_brand-woocommerce","7":"product_cat-administracion","8":"product_cat-comercio-electronico-plugins","9":"product_cat-plugins","10":"product_tag-woocommerce","11":"member-discount","12":"discount-restricted","14":"first","15":"instock","16":"sale","17":"downloadable","18":"virtual","19":"sold-individually","20":"purchasable","21":"product-type-simple"},"_links":{"self":[{"href":"https:\/\/gpl-love.com\/es\/wp-json\/wp\/v2\/product\/110801","targetHints":{"allow":["GET"]}}],"collection":[{"href":"https:\/\/gpl-love.com\/es\/wp-json\/wp\/v2\/product"}],"about":[{"href":"https:\/\/gpl-love.com\/es\/wp-json\/wp\/v2\/types\/product"}],"replies":[{"embeddable":true,"href":"https:\/\/gpl-love.com\/es\/wp-json\/wp\/v2\/comments?post=110801"}],"wp:featuredmedia":[{"embeddable":true,"href":"https:\/\/gpl-love.com\/es\/wp-json\/wp\/v2\/media\/165576"}],"wp:attachment":[{"href":"https:\/\/gpl-love.com\/es\/wp-json\/wp\/v2\/media?parent=110801"}],"wp:term":[{"taxonomy":"product_brand","embeddable":true,"href":"https:\/\/gpl-love.com\/es\/wp-json\/wp\/v2\/product_brand?post=110801"},{"taxonomy":"product_cat","embeddable":true,"href":"https:\/\/gpl-love.com\/es\/wp-json\/wp\/v2\/product_cat?post=110801"},{"taxonomy":"product_tag","embeddable":true,"href":"https:\/\/gpl-love.com\/es\/wp-json\/wp\/v2\/product_tag?post=110801"}],"curies":[{"name":"wp","href":"https:\/\/api.w.org\/{rel}","templated":true}]}}