{"id":110799,"date":"2021-02-22T00:00:00","date_gmt":"2021-02-22T05:00:00","guid":{"rendered":"http:\/\/gpl-love.com\/es\/producto\/presso-modern-magazine-newspaper-viral-theme\/"},"modified":"2026-03-13T17:27:41","modified_gmt":"2026-03-13T22:27:41","slug":"presso-modern-magazine-newspaper-viral-theme","status":"publish","type":"product","link":"https:\/\/gpl-love.com\/es\/producto\/presso-modern-magazine-newspaper-viral-theme\/","title":{"rendered":"Presso Modern Magazine Newspaper Viral Theme 3.3.11"},"content":{"rendered":"<h3>Presso Modern Magazine Newspaper Viral Theme Caracteristicas<\/h3>\n<p>El tema Viral de la revista Presso Modern Magazine es un instrumento incre\u00edblemente potente para la creaci\u00f3n de una publicaci\u00f3n en l\u00ednea elegante y cautivadora. Este tema en particular ha sido dise\u00f1ado espec\u00edficamente para ayudar a los editores contempor\u00e1neos a generar contenido viral que puede difundirse sin esfuerzo en varias plataformas de redes sociales. Con su dise\u00f1o simplificado y de vanguardia, el tema Presso garantiza que su contenido mantenga su apariencia impecable en cualquier dispositivo, independientemente de sus especificaciones. Lo que distingue el tema de Presso de sus competidores son su multitud de caracter\u00edsticas impresionantes, como dise\u00f1os personalizables, widgets a medida y un sistema integrado de intercambio de redes sociales. Ya sea que est\u00e9 operando un sitio web de noticias, un blog o una revista en l\u00ednea, el tema viral del peri\u00f3dico de la revista Presso Modern es sin duda la opci\u00f3n \u00f3ptima para aquellos que buscan fabricar una publicaci\u00f3n en l\u00ednea din\u00e1mica y cautivadora.<\/p>\n<ul>\n<li>Un tema de WordPress visualmente impresionante y totalmente receptivo dise\u00f1ado espec\u00edficamente para revistas y peri\u00f3dicos en l\u00ednea<\/li>\n<li>Construido con las \u00faltimas tecnolog\u00edas web como HTML5, CSS3 y JQuery, asegurando un rendimiento r\u00e1pido y confiable<\/li>\n<li>Viene con m\u00faltiples opciones de dise\u00f1o de la p\u00e1gina de inicio para elegir, lo que le permite mostrar su contenido de una manera que mejor se adapte a sus necesidades<\/li>\n<li>Se integra a la perfecci\u00f3n con las plataformas de redes sociales, facilita la compartir sus art\u00edculos e interactuar con su audiencia<\/li>\n<li>Cuenta con un poderoso panel de administraci\u00f3n que le brinda control total sobre cada aspecto de su sitio, desde colores y fuentes hasta roles y permisos de usuario<\/li>\n<li>Incluye soporte para m\u00faltiples ubicaciones de anuncios y Google Adsense, proporcionando un flujo confiable de ingresos para su publicaci\u00f3n<\/li>\n<li>Optimizado para SEO, asegurando que su contenido se clasifique mucho en los resultados de los motores de b\u00fasqueda y atraiga a m\u00e1s lectores<\/li>\n<li>Incluye una variedad de widgets personalizados, como publicaciones populares, \u00edconos de redes sociales y formularios de registro de boletines, ayud\u00e1ndole a hacer crecer su audiencia y aumentar el compromiso<\/li>\n<li>Compatible con complementos populares de WordPress como WooCommerce y Contact Form 7, lo que le brinda a\u00fan m\u00e1s flexibilidad para personalizar su sitio c\u00f3mo lo desea.<\/li>\n<\/ul>\n","protected":false},"excerpt":{"rendered":"<p>El exquisito peri\u00f3dico Viral de la revista Presso Modern Magazine emana un atractivo cautivador, lo que lo convierte en el ep\u00edtome de la perfecci\u00f3n para revistas en l\u00ednea y sitios web de noticias. Este tema est\u00e1 repleto de una gran cantidad de caracter\u00edsticas robustas que son fundamentales para permitirle dise\u00f1ar una publicaci\u00f3n en l\u00ednea impresionante. Poseer una mezcla impecable de una apariencia pr\u00edstina y un dise\u00f1o futurista, Presso garantiza que su contenido se mantenga de cabeza y hombros por encima del resto, cautivando a los lectores y cautiv\u00e1ndolos hasta el final. Se jacta de estar meticulosamente optimizado para SEO, asegurando que su sitio web suba sin esfuerzo las filas de los resultados de los motores de b\u00fasqueda. Adem\u00e1s, este tema atractivo es completamente receptivo en todos los dispositivos, ofreciendo una experiencia de navegaci\u00f3n perfecta para los usuarios de todos los \u00e1mbitos de la vida. La cereza en la parte superior es su facilidad de personalizaci\u00f3n incomparable, lo que le permite adaptar todos los aspectos de su sitio web a su gusto preciso. Con la fuerza indomable que es a prso, podr\u00e1 dise\u00f1ar sin esfuerzo un sitio web que atraer\u00e1 y retendr\u00e1 magn\u00e9ticamente una audiencia expansiva y diversa.<\/p>\n","protected":false},"featured_media":167253,"comment_status":"open","ping_status":"open","template":"","meta":[],"product_brand":[2337],"product_cat":[1245,1237,1238],"product_tag":[1391],"class_list":{"0":"post-110799","1":"product","2":"type-product","3":"status-publish","4":"has-post-thumbnail","6":"product_brand-themeforest","7":"product_cat-blog-revista","8":"product_cat-temas","9":"product_cat-wordpress-temas","10":"product_tag-themeforest","11":"member-discount","12":"discount-restricted","14":"first","15":"instock","16":"sale","17":"downloadable","18":"virtual","19":"sold-individually","20":"purchasable","21":"product-type-simple"},"_links":{"self":[{"href":"https:\/\/gpl-love.com\/es\/wp-json\/wp\/v2\/product\/110799","targetHints":{"allow":["GET"]}}],"collection":[{"href":"https:\/\/gpl-love.com\/es\/wp-json\/wp\/v2\/product"}],"about":[{"href":"https:\/\/gpl-love.com\/es\/wp-json\/wp\/v2\/types\/product"}],"replies":[{"embeddable":true,"href":"https:\/\/gpl-love.com\/es\/wp-json\/wp\/v2\/comments?post=110799"}],"wp:featuredmedia":[{"embeddable":true,"href":"https:\/\/gpl-love.com\/es\/wp-json\/wp\/v2\/media\/167253"}],"wp:attachment":[{"href":"https:\/\/gpl-love.com\/es\/wp-json\/wp\/v2\/media?parent=110799"}],"wp:term":[{"taxonomy":"product_brand","embeddable":true,"href":"https:\/\/gpl-love.com\/es\/wp-json\/wp\/v2\/product_brand?post=110799"},{"taxonomy":"product_cat","embeddable":true,"href":"https:\/\/gpl-love.com\/es\/wp-json\/wp\/v2\/product_cat?post=110799"},{"taxonomy":"product_tag","embeddable":true,"href":"https:\/\/gpl-love.com\/es\/wp-json\/wp\/v2\/product_tag?post=110799"}],"curies":[{"name":"wp","href":"https:\/\/api.w.org\/{rel}","templated":true}]}}