{"id":110797,"date":"2021-11-22T00:00:00","date_gmt":"2021-11-22T05:00:00","guid":{"rendered":"http:\/\/gpl-love.com\/es\/producto\/eventzilla-event-calendar-wordpress-plugin\/"},"modified":"2026-03-09T07:33:43","modified_gmt":"2026-03-09T12:33:43","slug":"eventzilla-event-calendar-wordpress-plugin","status":"publish","type":"product","link":"https:\/\/gpl-love.com\/es\/producto\/eventzilla-event-calendar-wordpress-plugin\/","title":{"rendered":"EventZilla Event Calendar WordPress Plugin 1.5"},"content":{"rendered":"<h3>EventZilla Event Calendar WordPress Plugin Caracteristicas<\/h3>\n<p>El complemento de WordPress de Eventzilla Event WordPress es una herramienta incre\u00edblemente efectiva y eficiente que proporciona capacidades excepcionales para la administraci\u00f3n y la visualizaci\u00f3n de eventos en su sitio web. Este notable complemento le permite generar categor\u00edas de eventos personalizadas sin esfuerzo, administrar listados de eventos de manera efectiva y exhibir sin problemas sus eventos en una vista de calendario visualmente atractiva y extremadamente f\u00e1cil de usar. Adem\u00e1s, este ingenioso complemento facilita la navegaci\u00f3n de los usuarios sin problemas al permitirles buscar convenientemente los pr\u00f3ximos eventos y registrarse r\u00e1pidamente para ellos directamente desde su sitio web. Adem\u00e1s, el notable nivel de personalizaci\u00f3n ofrecido por este complemento garantiza que pueda adaptar y personalizar sin esfuerzo el dise\u00f1o y la funcionalidad para alinearse impecablemente con sus requisitos espec\u00edficos. En consecuencia, el excepcional calendario de eventos de eventzilla WordPress Plugin le permite mejorar sin esfuerzo la promoci\u00f3n de sus eventos y aumentar significativamente la asistencia, lo que le brinda una adici\u00f3n inmensamente valiosa a cualquier sitio web que se encargue de los eventos de alojamiento.<\/p>\n<ul>\n<li>Un complemento de calendario de eventos personalizable para sitios web de WordPress<\/li>\n<li>Permite a los usuarios crear y administrar f\u00e1cilmente eventos, incluida la adici\u00f3n de detalles del evento y fechas.<\/li>\n<li>Ofrece varias opciones de visualizaci\u00f3n, incluida la vista completa del calendario o la vista de la lista<\/li>\n<li>Se integra con las pasarelas de pago populares para la venta f\u00e1cil de los boletos de eventos<\/li>\n<li>Proporciona notificaciones por correo electr\u00f3nico a los asistentes y organizadores de eventos<\/li>\n<li>Permite que los campos personalizados se agregen a los eventos para obtener informaci\u00f3n adicional.<\/li>\n<li>Ofrece funcionalidad de b\u00fasqueda para que los usuarios encuentren f\u00e1cilmente eventos<\/li>\n<li>Ofrece varias opciones de visualizaci\u00f3n, incluida la vista completa del calendario o la vista de la lista<\/li>\n<li>Proporciona un dise\u00f1o receptivo para una visualizaci\u00f3n \u00f3ptima en todos los dispositivos<\/li>\n<li>Incluye un tablero de administraci\u00f3n f\u00e1cil de usar para una f\u00e1cil gesti\u00f3n de eventos.<\/li>\n<\/ul>\n","protected":false},"excerpt":{"rendered":"<p>El complemento de calendario de eventos Eventzilla es una herramienta maravillosa que puede simplificar enormemente el proceso de organizaci\u00f3n de eventos en su sitio de WordPress. Este incre\u00edble complemento ofrece un calendario elegante y altamente adaptable, que no solo facilita la gesti\u00f3n de sus eventos, sino que tambi\u00e9n permite su pantalla perfecta en su sitio. Lo que distingue a este complemento es su capacidad para proporcionar opciones completas de personalizaci\u00f3n, lo que le permite alinear el calendario con su marca e incorporar sin esfuerzo detalles de eventos, como la fecha, la hora, la ubicaci\u00f3n y los detalles de los boletos. Adem\u00e1s, el calendario integra sin problemas RSVP y las funcionalidades de compra de boletos, lo que permite a sus visitantes responder y asegurar convenientemente sus boletos directamente a trav\u00e9s del calendario. Al utilizar EventZilla, puede optimizar efectivamente sus esfuerzos de gesti\u00f3n de eventos, lo que resulta en una experiencia notablemente f\u00e1cil de usar para sus valiosos visitantes.<\/p>\n","protected":false},"featured_media":166059,"comment_status":"open","ping_status":"open","template":"","meta":[],"product_brand":[2339],"product_cat":[1214,1206,1211],"product_tag":[1256],"class_list":{"0":"post-110797","1":"product","2":"type-product","3":"status-publish","4":"has-post-thumbnail","6":"product_brand-codecanyon","7":"product_cat-personalizacion","8":"product_cat-plugins","9":"product_cat-wordpress-plugins","10":"product_tag-codecanyon","11":"member-discount","12":"discount-restricted","14":"first","15":"instock","16":"sale","17":"downloadable","18":"virtual","19":"sold-individually","20":"purchasable","21":"product-type-simple"},"_links":{"self":[{"href":"https:\/\/gpl-love.com\/es\/wp-json\/wp\/v2\/product\/110797","targetHints":{"allow":["GET"]}}],"collection":[{"href":"https:\/\/gpl-love.com\/es\/wp-json\/wp\/v2\/product"}],"about":[{"href":"https:\/\/gpl-love.com\/es\/wp-json\/wp\/v2\/types\/product"}],"replies":[{"embeddable":true,"href":"https:\/\/gpl-love.com\/es\/wp-json\/wp\/v2\/comments?post=110797"}],"wp:featuredmedia":[{"embeddable":true,"href":"https:\/\/gpl-love.com\/es\/wp-json\/wp\/v2\/media\/166059"}],"wp:attachment":[{"href":"https:\/\/gpl-love.com\/es\/wp-json\/wp\/v2\/media?parent=110797"}],"wp:term":[{"taxonomy":"product_brand","embeddable":true,"href":"https:\/\/gpl-love.com\/es\/wp-json\/wp\/v2\/product_brand?post=110797"},{"taxonomy":"product_cat","embeddable":true,"href":"https:\/\/gpl-love.com\/es\/wp-json\/wp\/v2\/product_cat?post=110797"},{"taxonomy":"product_tag","embeddable":true,"href":"https:\/\/gpl-love.com\/es\/wp-json\/wp\/v2\/product_tag?post=110797"}],"curies":[{"name":"wp","href":"https:\/\/api.w.org\/{rel}","templated":true}]}}