{"id":110795,"date":"2026-04-16T00:00:00","date_gmt":"2026-04-16T05:00:00","guid":{"rendered":"http:\/\/gpl-love.com\/es\/producto\/discount-rules-for-woocommerce-pro\/"},"modified":"2026-04-16T17:15:38","modified_gmt":"2026-04-16T22:15:38","slug":"discount-rules-for-woocommerce-pro","status":"publish","type":"product","link":"https:\/\/gpl-love.com\/es\/producto\/discount-rules-for-woocommerce-pro\/","title":{"rendered":"Discount Rules para WooCommerce Pro 2.6.15"},"content":{"rendered":"<h3>Discount Rules para WooCommerce Pro Caracteristicas<\/h3>\n<p>Las reglas de descuento para WooCommerce Pro es un complemento incre\u00edblemente sofisticado que ofrece una amplia gama de caracter\u00edsticas a los propietarios de tiendas, lo que les permite crear y administrar efectivamente reglas de descuento personalizadas para su tienda de WooCommerce. La interfaz del complemento es f\u00e1cil de usar y sus funcionalidades son muy potentes, proporcionando a los propietarios de tiendas una soluci\u00f3n directa para generar descuentos, promociones y otros incentivos destinados a impulsar las ventas y fomentar la lealtad del cliente. Con su amplia gama de configuraciones flexibles y opciones de personalizaci\u00f3n s\u00f3lidas, reglas de descuento para los propietarios de tiendas de WooCommerce Pro otorgan la capacidad de establecer sin esfuerzo reglas de descuento intrincadas. Ya sea que busque proporcionar descuentos basados \u200b\u200ben porcentaje, implementar acuerdos de compra de una sola vez o introducir promociones de env\u00edo gratuitas, este complemento est\u00e1 equipado para satisfacer todas sus necesidades. En consecuencia, si est\u00e1 en busca de una herramienta potente que mejore efectivamente sus ventas y atraiga una base de clientes m\u00e1s grande a su tienda WooCommerce, no hay necesidad de buscar reglas m\u00e1s all\u00e1 de descuento para WooCommerce Pro.<\/p>\n<ul>\n<li>Un complemento premium para WooCommerce que permite a los propietarios de tiendas crear y aplicar reglas de descuento avanzadas<\/li>\n<li>Admite varios tipos de descuento, que incluyen descuento porcentual, descuento fijo, comprar uno Get One GRATIS y m\u00e1s<\/li>\n<li>Interfaz f\u00e1cil de usar que facilita que los usuarios no t\u00e9cnicos creen y apliquen reglas<\/li>\n<li>Ofrece caracter\u00edsticas avanzadas como descuentos condicionales, descuentos programados y descuentos basados \u200b\u200ben carros<\/li>\n<li>Admite reglas de descuento ilimitadas, lo que permite a los propietarios de tiendas ofrecer m\u00e1s incentivos y promociones<\/li>\n<li>Ayuda a aumentar las ventas y la lealtad del cliente alentando a los clientes a realizar compras y regresar a la tienda<\/li>\n<li>Compatible con la \u00faltima versi\u00f3n de WooCommerce y WordPress<\/li>\n<li>Actualizado regularmente con nuevas funciones y mejoras<\/li>\n<li>Viene con una excelente atenci\u00f3n al cliente y documentaci\u00f3n para ayudar a los propietarios de las tiendas a aprovechar al m\u00e1ximo el complemento.<\/li>\n<\/ul>\n","protected":false},"excerpt":{"rendered":"<p>Las reglas de descuento para el complemento WooCommerce Pro revolucionan su mercado en l\u00ednea al empoderarlo con la capacidad de configurar una gran cantidad de reglas de descuento personalizadas. Esta extensi\u00f3n de WooCommerce le permite crear y administrar precios y descuentos din\u00e1micos, mejorando su estrategia de ventas y, en \u00faltima instancia, impulsando m\u00e1s ingresos. Con su interfaz f\u00e1cil de usar, puede establecer descuentos en productos espec\u00edficos, categor\u00edas o en toda su tienda. Adem\u00e1s, le permite establecer reglas condicionales basadas en la cantidad, los roles de los usuarios y m\u00e1s. Ya sea que desee recompensar a los clientes leales, eliminar las acciones de fin de temporada o capitalizar los tiempos de venta m\u00e1ximos, \u00a1las reglas de descuento para WooCommerce Pro lo han cubierto! Aproveche el poder de los precios estrat\u00e9gicos y mant\u00e9ngase por delante de sus competidores. La versi\u00f3n Pro del complemento tambi\u00e9n ofrece soporte premium, asegurando que su tienda en l\u00ednea funcione sin problemas y de manera eficiente. \u00a1Actualice a reglas de descuento para WooCommerce Pro y comience a cosechar los beneficios hoy!<\/p>\n","protected":false},"featured_media":165777,"comment_status":"open","ping_status":"open","template":"","meta":[],"product_brand":[2412],"product_cat":[1208,1207,1206],"product_tag":[1680],"class_list":{"0":"post-110795","1":"product","2":"type-product","3":"status-publish","4":"has-post-thumbnail","6":"product_brand-flycart","7":"product_cat-administracion","8":"product_cat-comercio-electronico-plugins","9":"product_cat-plugins","10":"product_tag-flycart","11":"member-discount","12":"discount-restricted","14":"first","15":"instock","16":"sale","17":"downloadable","18":"virtual","19":"sold-individually","20":"purchasable","21":"product-type-simple"},"_links":{"self":[{"href":"https:\/\/gpl-love.com\/es\/wp-json\/wp\/v2\/product\/110795","targetHints":{"allow":["GET"]}}],"collection":[{"href":"https:\/\/gpl-love.com\/es\/wp-json\/wp\/v2\/product"}],"about":[{"href":"https:\/\/gpl-love.com\/es\/wp-json\/wp\/v2\/types\/product"}],"replies":[{"embeddable":true,"href":"https:\/\/gpl-love.com\/es\/wp-json\/wp\/v2\/comments?post=110795"}],"wp:featuredmedia":[{"embeddable":true,"href":"https:\/\/gpl-love.com\/es\/wp-json\/wp\/v2\/media\/165777"}],"wp:attachment":[{"href":"https:\/\/gpl-love.com\/es\/wp-json\/wp\/v2\/media?parent=110795"}],"wp:term":[{"taxonomy":"product_brand","embeddable":true,"href":"https:\/\/gpl-love.com\/es\/wp-json\/wp\/v2\/product_brand?post=110795"},{"taxonomy":"product_cat","embeddable":true,"href":"https:\/\/gpl-love.com\/es\/wp-json\/wp\/v2\/product_cat?post=110795"},{"taxonomy":"product_tag","embeddable":true,"href":"https:\/\/gpl-love.com\/es\/wp-json\/wp\/v2\/product_tag?post=110795"}],"curies":[{"name":"wp","href":"https:\/\/api.w.org\/{rel}","templated":true}]}}