{"id":110791,"date":"2026-03-03T00:00:00","date_gmt":"2026-03-03T05:00:00","guid":{"rendered":"http:\/\/gpl-love.com\/es\/producto\/page-builder-framework-premium-addon\/"},"modified":"2026-04-10T11:20:41","modified_gmt":"2026-04-10T16:20:41","slug":"page-builder-framework-premium-addon","status":"publish","type":"product","link":"https:\/\/gpl-love.com\/es\/producto\/page-builder-framework-premium-addon\/","title":{"rendered":"Page Builder Framework Premium Addon 2.10.4"},"content":{"rendered":"<h3>Page Builder Framework Premium Addon Caracteristicas<\/h3>\n<p>El complemento de Page Builder Framework Premium es un instrumento excepcionalmente robusto que amplifica la funcionalidad del aclamado tema de WordPress de WordPress de Page Builder. A trav\u00e9s de la utilizaci\u00f3n de este notable complemento, las personas est\u00e1n facultadas para concebir sin esfuerzo p\u00e1ginas web, todas sin necesidad de una sola onza de codificaci\u00f3n o competencia de dise\u00f1o. Exudir una extensa variedad de caracter\u00edsticas de vanguardia, que incluyen plantillas de p\u00e1gina novedosas, un innovador constructor de cabezas y pies de p\u00e1gina, configuraciones de tipograf\u00eda altamente sofisticadas, alternativas CSS hechas a medida y m\u00e1s, esta prodigiosa adici\u00f3n atiende a las necesidades tanto de novatos como de expertos. Con una interfaz intuitivamente navegable, este complemento equipa sin problemas a los usuarios con la capacidad de personalizar sin esfuerzo su sitio web, creando un dominio virtual a medida que se alinea perfectamente con su visi\u00f3n \u00fanica. Atando a las demandas exigentes de aquellos que buscan fabricar sitios web inimitablemente distinguidos de un calibre completamente profesional, este complemento se erige como una soluci\u00f3n inigualable de eficacia incomparable.<\/p>\n<ul>\n<li>Acceso a caracter\u00edsticas premium y complementos para el popular marco de Page Builder<\/li>\n<li>Dise\u00f1os personalizables y opciones de dise\u00f1o para que su sitio web sea \u00fanico<\/li>\n<li>Compatible con constructores de p\u00e1ginas populares como Elementor, Beaver Builder y m\u00e1s<\/li>\n<li>El dise\u00f1o que responde a dispositivos m\u00f3viles garantiza que su sitio web se vea genial en todos los dispositivos<\/li>\n<li>Configuraci\u00f3n de tipograf\u00eda avanzada para un control preciso sobre las fuentes y estilos de su sitio web<\/li>\n<li>Integraci\u00f3n de WooCommerce para la funcionalidad de comercio electr\u00f3nico sin problemas<\/li>\n<li>Secciones de encabezado y pie de p\u00e1gina personalizables para crear un aspecto cohesivo y profesional en todo su sitio web<\/li>\n<li>Acceso a soporte y actualizaciones premium para una experiencia de construcci\u00f3n de sitios web sin preocupaciones.<\/li>\n<\/ul>\n","protected":false},"excerpt":{"rendered":"<p>El complemento Premium de Page Builder Framework cuenta con una variedad de caracter\u00edsticas que no solo lo hacen f\u00e1cil de usar sino tambi\u00e9n altamente personalizable, lo que permite a los desarrolladores del sitio web crear p\u00e1ginas web est\u00e9ticamente sin esfuerzo en un rango de tiempo notablemente corto. Este complemento est\u00e1 equipado con opciones de dise\u00f1o avanzadas, widgets din\u00e1micos y funcionalidad mejorada, todas las cuales se han optimizado meticulosamente para integrarse sin problemas con WordPress y una multitud de constructores de p\u00e1ginas ampliamente utilizados. Se adapta a una amplia gama de usuarios, ya sean desarrolladores independientes, agencias o propietarios de peque\u00f1as empresas, ofreci\u00e9ndoles una soluci\u00f3n impecable para optimizar su proceso de dise\u00f1o de sitios web y elevar su presencia en l\u00ednea. Obtener calificaciones de usuario consistentemente excepcionales y respaldado por un equipo de desarrolladores experimentados que se comprometen ardientemente a mejorar el producto, el complemento premium de Page Builder Framework es una inversi\u00f3n indispensable para aquellos que buscan mantener una ventaja competitiva en el reino ferozmente cuthroat del marketing en l\u00ednea.<\/p>\n","protected":false},"featured_media":167130,"comment_status":"open","ping_status":"open","template":"","meta":[],"product_brand":[2522],"product_cat":[1214,1206,1211],"product_tag":[1676],"class_list":{"0":"post-110791","1":"product","2":"type-product","3":"status-publish","4":"has-post-thumbnail","6":"product_brand-wp-pagebuilder-framework","7":"product_cat-personalizacion","8":"product_cat-plugins","9":"product_cat-wordpress-plugins","10":"product_tag-wp-pagebuilder-framework","11":"member-discount","12":"discount-restricted","14":"first","15":"instock","16":"sale","17":"downloadable","18":"virtual","19":"sold-individually","20":"purchasable","21":"product-type-simple"},"_links":{"self":[{"href":"https:\/\/gpl-love.com\/es\/wp-json\/wp\/v2\/product\/110791","targetHints":{"allow":["GET"]}}],"collection":[{"href":"https:\/\/gpl-love.com\/es\/wp-json\/wp\/v2\/product"}],"about":[{"href":"https:\/\/gpl-love.com\/es\/wp-json\/wp\/v2\/types\/product"}],"replies":[{"embeddable":true,"href":"https:\/\/gpl-love.com\/es\/wp-json\/wp\/v2\/comments?post=110791"}],"wp:featuredmedia":[{"embeddable":true,"href":"https:\/\/gpl-love.com\/es\/wp-json\/wp\/v2\/media\/167130"}],"wp:attachment":[{"href":"https:\/\/gpl-love.com\/es\/wp-json\/wp\/v2\/media?parent=110791"}],"wp:term":[{"taxonomy":"product_brand","embeddable":true,"href":"https:\/\/gpl-love.com\/es\/wp-json\/wp\/v2\/product_brand?post=110791"},{"taxonomy":"product_cat","embeddable":true,"href":"https:\/\/gpl-love.com\/es\/wp-json\/wp\/v2\/product_cat?post=110791"},{"taxonomy":"product_tag","embeddable":true,"href":"https:\/\/gpl-love.com\/es\/wp-json\/wp\/v2\/product_tag?post=110791"}],"curies":[{"name":"wp","href":"https:\/\/api.w.org\/{rel}","templated":true}]}}