{"id":110789,"date":"2025-03-31T00:00:00","date_gmt":"2025-03-31T05:00:00","guid":{"rendered":"http:\/\/gpl-love.com\/es\/producto\/north-responsive-woocommerce-theme\/"},"modified":"2026-04-10T11:19:53","modified_gmt":"2026-04-10T16:19:53","slug":"north-responsive-woocommerce-theme","status":"publish","type":"product","link":"https:\/\/gpl-love.com\/es\/producto\/north-responsive-woocommerce-theme\/","title":{"rendered":"North Responsive WooCommerce Theme 5.7.5"},"content":{"rendered":"<h3>North Responsive WooCommerce Theme Caracteristicas<\/h3>\n<p>El tema de WooCommerce de North Responsive, con un notable nivel de versatilidad y modernidad, sirve como una plataforma excepcional para las empresas de comercio electr\u00f3nico que buscan exhibir su amplia gama de productos de una manera visualmente cautivadora y amigable con el usuario. Gracias a su dise\u00f1o receptivo ingeniosamente dise\u00f1ado, este tema garantiza una experiencia de compra impecablemente perfecta en todos los dispositivos, asegurando la m\u00e1xima conveniencia para los clientes. Adem\u00e1s, este tema ofrece una variedad impresionante de opciones de personalizaci\u00f3n, lo que permite a las empresas personalizar sin esfuerzo la apariencia y el ambiente de su tienda en l\u00ednea para alinearse perfectamente con sus requisitos \u00fanicos. Adem\u00e1s, el tema de WooCommerce de North Responsive se integra perfectamente con varias extensiones de WooCommerce, otorgando a las empresas la mayor flexibilidad para incorporar sin esfuerzo nuevas caracter\u00edsticas y funcionalidades en su tienda en l\u00ednea cada vez que surge la necesidad. Baste decir que este notable tema es inequ\u00edvocamente como una opci\u00f3n extremadamente confiable y altamente eficiente para las empresas de comercio electr\u00f3nico que aspiran a mejorar su presencia en l\u00ednea y elevar exponencialmente sus cifras de ventas.<\/p>\n<ul>\n<li>Dise\u00f1o totalmente receptivo que se ve muy bien en todos los dispositivos<\/li>\n<li>P\u00e1gina de inicio personalizable con m\u00faltiples opciones de dise\u00f1o<\/li>\n<li>Caracter\u00edstica de vista r\u00e1pida del producto para una navegaci\u00f3n f\u00e1cil<\/li>\n<li>Men\u00fa de mega incorporado para una f\u00e1cil navegaci\u00f3n<\/li>\n<li>Opciones personalizables de color y fuente<\/li>\n<li>Complemento de revoluci\u00f3n del control deslizante incluido<\/li>\n<li>Ajax agregar a la funci\u00f3n de carrito para una experiencia de compra perfecta<\/li>\n<li>Opciones de filtrado de productos para una f\u00e1cil b\u00fasqueda<\/li>\n<li>Compatible con complementos de WooCommerce para una funcionalidad adicional<\/li>\n<li>SEO optimizado para mejorar la visibilidad del motor de b\u00fasqueda.<\/li>\n<\/ul>\n","protected":false},"excerpt":{"rendered":"<p>North es un tema de WooCommerce altamente receptivo que ha sido dise\u00f1ado espec\u00edficamente para mejorar la experiencia general de compra para sus estimados clientes. Este tema excepcional muestra un dise\u00f1o verdaderamente inmaculado y contempor\u00e1neo, que no solo es visualmente atractivo, sino que tambi\u00e9n ofrece un tremendo nivel de flexibilidad cuando se trata de personalizaci\u00f3n. Esto significa que tiene la fant\u00e1stica oportunidad de adaptar la apariencia y el ambiente de su tienda en l\u00ednea de una manera que se alinea perfectamente con su identidad de marca \u00fanica. Adem\u00e1s, la capacidad de respuesta de este tema garantiza que su sitio web se adapte impecablemente a cualquier dispositivo desde el que se acceda, ya sea un tel\u00e9fono inteligente, tableta o cualquier otro dispositivo. La gran versatilidad de North no termina all\u00ed, ya que abarca una impresionante variedad de caracter\u00edsticas y herramientas que est\u00e1n espec\u00edficamente dise\u00f1adas para racionalizar y optimizar sus operaciones comerciales en l\u00ednea. Algunos de los aspectos destacados notables incluyen un mega men\u00fa preinstalado, filtros de productos avanzados y una galer\u00eda de productos incre\u00edblemente personalizable. Tenga la seguridad de que este tema notable se ha probado a fondo y es totalmente compatible con todos los principales navegadores, garantizando una experiencia de navegaci\u00f3n perfecta para sus valiosos clientes. Para ayudarlo a\u00fan m\u00e1s a navegar y maximizar todo el potencial de North, este tema tambi\u00e9n viene con documentaci\u00f3n integral y apoyo inquebrantable. Dados todos estos atributos excepcionales, queda muy claro que North es, sin duda, la elecci\u00f3n perfecta para cualquier tienda de comercio electr\u00f3nico con el objetivo de lograr un \u00e9xito y un crecimiento sin precedentes en el mercado en l\u00ednea.<\/p>\n","protected":false},"featured_media":167064,"comment_status":"open","ping_status":"open","template":"","meta":[],"product_brand":[2337],"product_cat":[1263,1264,1237],"product_tag":[1391],"class_list":{"0":"post-110789","1":"product","2":"type-product","3":"status-publish","4":"has-post-thumbnail","6":"product_brand-themeforest","7":"product_cat-comercio-electronico-temas","8":"product_cat-negocio","9":"product_cat-temas","10":"product_tag-themeforest","11":"member-discount","12":"discount-restricted","14":"first","15":"instock","16":"sale","17":"downloadable","18":"virtual","19":"sold-individually","20":"purchasable","21":"product-type-simple"},"_links":{"self":[{"href":"https:\/\/gpl-love.com\/es\/wp-json\/wp\/v2\/product\/110789","targetHints":{"allow":["GET"]}}],"collection":[{"href":"https:\/\/gpl-love.com\/es\/wp-json\/wp\/v2\/product"}],"about":[{"href":"https:\/\/gpl-love.com\/es\/wp-json\/wp\/v2\/types\/product"}],"replies":[{"embeddable":true,"href":"https:\/\/gpl-love.com\/es\/wp-json\/wp\/v2\/comments?post=110789"}],"wp:featuredmedia":[{"embeddable":true,"href":"https:\/\/gpl-love.com\/es\/wp-json\/wp\/v2\/media\/167064"}],"wp:attachment":[{"href":"https:\/\/gpl-love.com\/es\/wp-json\/wp\/v2\/media?parent=110789"}],"wp:term":[{"taxonomy":"product_brand","embeddable":true,"href":"https:\/\/gpl-love.com\/es\/wp-json\/wp\/v2\/product_brand?post=110789"},{"taxonomy":"product_cat","embeddable":true,"href":"https:\/\/gpl-love.com\/es\/wp-json\/wp\/v2\/product_cat?post=110789"},{"taxonomy":"product_tag","embeddable":true,"href":"https:\/\/gpl-love.com\/es\/wp-json\/wp\/v2\/product_tag?post=110789"}],"curies":[{"name":"wp","href":"https:\/\/api.w.org\/{rel}","templated":true}]}}