{"id":110783,"date":"2022-03-12T00:00:00","date_gmt":"2022-03-12T05:00:00","guid":{"rendered":"http:\/\/gpl-love.com\/es\/producto\/bosmarket-flexible-multivendor-woocommerce-wordpress-theme\/"},"modified":"2026-03-13T17:17:00","modified_gmt":"2026-03-13T22:17:00","slug":"bosmarket-flexible-multivendor-woocommerce-wordpress-theme","status":"publish","type":"product","link":"https:\/\/gpl-love.com\/es\/producto\/bosmarket-flexible-multivendor-woocommerce-wordpress-theme\/","title":{"rendered":"BosMarket Flexible Multi Vendor WooCommerce WordPress Theme 2.0.9"},"content":{"rendered":"<h3>BosMarket Flexible Multi Vendor WooCommerce WordPress Theme Caracteristicas<\/h3>\n<p>El tema de WordPress de WordPress de Bosmarket Flexible Multi WooCommerce es una soluci\u00f3n de comercio electr\u00f3nico excepcional que ha sido dise\u00f1ada espec\u00edficamente para las empresas en l\u00ednea con el objetivo de atender a m\u00faltiples proveedores. Con su amplia gama de opciones de personalizaci\u00f3n, este tema puede satisfacer las distintas necesidades de cada tienda en l\u00ednea. Adem\u00e1s, su interfaz f\u00e1cil de usar facilita la navegaci\u00f3n f\u00e1cil a trav\u00e9s de las diversas caracter\u00edsticas que ofrece el tema. Sin embargo, el verdadero destacado de este tema radica en su funcionalidad de m\u00faltiples proveedores, lo que permite a las empresas administrar sin esfuerzo m\u00faltiples proveedores y sus productos. Adem\u00e1s, Bosmarket cuenta con un dise\u00f1o elegante y atractivo, junto con el dise\u00f1o web receptivo y la optimizaci\u00f3n de motores de b\u00fasqueda, asegurando que su tienda en l\u00ednea se destaque y llame la atenci\u00f3n. Por lo tanto, este tema es la opci\u00f3n ideal para las personas que buscan crear una tienda en l\u00ednea profesional y rica en funciones, sin tener que invertir tiempo y esfuerzo excesivos.<\/p>\n<ul>\n<li>Bosmarket es un tema de WordPress de WordPress m\u00faltiple flexible y potente<\/li>\n<li>Le permite crear un mercado en l\u00ednea totalmente funcional y personalizable<\/li>\n<li>Con Bosmarket, puede habilitar m\u00faltiples proveedores para vender sus productos en su sitio web<\/li>\n<li>El tema viene con un creador de dise\u00f1o que le permite personalizar f\u00e1cilmente el aspecto de su sitio web<\/li>\n<li>Bosmarket es totalmente receptivo y se ve muy bien en todos los dispositivos, incluidas las computadoras de escritorio, las tabletas y los tel\u00e9fonos inteligentes.<\/li>\n<li>Incluye todas las caracter\u00edsticas que necesita para crear un mercado exitoso en l\u00ednea, como gesti\u00f3n de productos, gesti\u00f3n de pedidos y gesti\u00f3n de proveedores<\/li>\n<li>El tema es f\u00e1cil de instalar y viene con documentaci\u00f3n detallada y tutoriales de video<\/li>\n<li>Es compatible con complementos populares como WooCommerce, con WooCommerce Multi Vendor y Dokan Multi Vendor<\/li>\n<li>Bosmarket admite m\u00faltiples m\u00e9todos de pago, incluidos PayPal, Stripe y Transferencias bancarias<\/li>\n<li>El tema incluye caracter\u00edsticas de optimizaci\u00f3n de SEO para ayudarlo a mejorar la clasificaci\u00f3n de sus motores de b\u00fasqueda y atraer m\u00e1s clientes.<\/li>\n<\/ul>\n","protected":false},"excerpt":{"rendered":"<p>Presentaci\u00f3n de Bosmarket, un tema de WordPress de WordPress de WooCommerce flexible y din\u00e1mico que es perfecto para cualquier mercado en l\u00ednea. Este tema innovador permite a m\u00faltiples proveedores vender sus productos en una sola plataforma, creando una pr\u00f3spera comunidad en l\u00ednea. Con su dise\u00f1o de vanguardia y caracter\u00edsticas avanzadas, Bosmarket garantiza una experiencia de compra intuitiva y perfecta para sus clientes. Est\u00e1 completamente integrado con WooCommerce, el complemento l\u00edder del comercio electr\u00f3nico del mundo, que permite transacciones seguras y una f\u00e1cil gesti\u00f3n de su tienda en l\u00ednea. Adem\u00e1s, se basa en WordPress, que ofrece una interfaz f\u00e1cil de usar y una gran cantidad de opciones de personalizaci\u00f3n. Ya sea que est\u00e9 vendiendo productos f\u00edsicos o digitales, Bosmarket lo tiene cubierto. \u00a1Experimente la versatilidad y el poder del Bosmarket y lleve su negocio de comercio electr\u00f3nico a nuevas alturas!<\/p>\n","protected":false},"featured_media":165546,"comment_status":"open","ping_status":"open","template":"","meta":[],"product_brand":[2337],"product_cat":[1263,1264,1237],"product_tag":[1391],"class_list":{"0":"post-110783","1":"product","2":"type-product","3":"status-publish","4":"has-post-thumbnail","6":"product_brand-themeforest","7":"product_cat-comercio-electronico-temas","8":"product_cat-negocio","9":"product_cat-temas","10":"product_tag-themeforest","11":"member-discount","12":"discount-restricted","14":"first","15":"instock","16":"sale","17":"downloadable","18":"virtual","19":"sold-individually","20":"purchasable","21":"product-type-simple"},"_links":{"self":[{"href":"https:\/\/gpl-love.com\/es\/wp-json\/wp\/v2\/product\/110783","targetHints":{"allow":["GET"]}}],"collection":[{"href":"https:\/\/gpl-love.com\/es\/wp-json\/wp\/v2\/product"}],"about":[{"href":"https:\/\/gpl-love.com\/es\/wp-json\/wp\/v2\/types\/product"}],"replies":[{"embeddable":true,"href":"https:\/\/gpl-love.com\/es\/wp-json\/wp\/v2\/comments?post=110783"}],"wp:featuredmedia":[{"embeddable":true,"href":"https:\/\/gpl-love.com\/es\/wp-json\/wp\/v2\/media\/165546"}],"wp:attachment":[{"href":"https:\/\/gpl-love.com\/es\/wp-json\/wp\/v2\/media?parent=110783"}],"wp:term":[{"taxonomy":"product_brand","embeddable":true,"href":"https:\/\/gpl-love.com\/es\/wp-json\/wp\/v2\/product_brand?post=110783"},{"taxonomy":"product_cat","embeddable":true,"href":"https:\/\/gpl-love.com\/es\/wp-json\/wp\/v2\/product_cat?post=110783"},{"taxonomy":"product_tag","embeddable":true,"href":"https:\/\/gpl-love.com\/es\/wp-json\/wp\/v2\/product_tag?post=110783"}],"curies":[{"name":"wp","href":"https:\/\/api.w.org\/{rel}","templated":true}]}}