{"id":110781,"date":"2021-02-23T00:00:00","date_gmt":"2021-02-23T05:00:00","guid":{"rendered":"http:\/\/gpl-love.com\/es\/producto\/obour-digital-marketing-agency-wordpress-theme\/"},"modified":"2026-04-10T11:20:00","modified_gmt":"2026-04-10T16:20:00","slug":"obour-digital-marketing-agency-wordpress-theme","status":"publish","type":"product","link":"https:\/\/gpl-love.com\/es\/producto\/obour-digital-marketing-agency-wordpress-theme\/","title":{"rendered":"Obour Digital Marketing Agency WordPress Theme 1.0.0"},"content":{"rendered":"<h3>Obour Digital Marketing Agency WordPress Theme Caracteristicas<\/h3>\n<p>El tema de WordPress de la agencia de marketing digital de Obour, que es una plataforma vers\u00e1til y moderna, ha sido meticulosamente dise\u00f1ado para satisfacer las necesidades de las empresas que operan dentro de la industria del marketing digital, lo que les permite mostrar de manera efectiva su amplia gama de servicios y ofertas. Cuenta con una amplia gama de caracter\u00edsticas avanzadas y opciones de personalizaci\u00f3n, lo que brinda a los usuarios la oportunidad de adaptar intrincadamente su sitio web de acuerdo con sus requisitos espec\u00edficos, independientemente de si est\u00e1n buscando acentuar su competencia en la optimizaci\u00f3n de motores de b\u00fasqueda (SEO), el marketing de redes sociales. , o cualquier otra \u00e1rea especializada de marketing digital. La interfaz f\u00e1cil de usar y el dise\u00f1o receptivo inherente a este tema facilitan la creaci\u00f3n perfecta de una presencia en l\u00ednea altamente profesional e impactante, mientras que las m\u00faltiples plantillas predise\u00f1adas y los dise\u00f1os de p\u00e1ginas ofrecen una base resistente sobre la cual construir una construcci\u00f3n verdaderamente distintiva y cautivadora sitio web. Al aprovechar el poder del tema de WordPress de WordPress de la agencia de marketing digital obur, las empresas pueden establecerse sin esfuerzo como pioneros dentro de sus respectivos campos, lo que atrae sin esfuerzo a un mayor n\u00famero de clientes.<\/p>\n<ul>\n<li>Tema de WordPress de la agencia de marketing digital dise\u00f1ado profesionalmente<\/li>\n<li>Compatible con la \u00faltima versi\u00f3n de WordPress<\/li>\n<li>Dise\u00f1o receptivo para una visualizaci\u00f3n \u00f3ptima sobre escritorio, tableta y dispositivos m\u00f3viles<\/li>\n<li>Opciones de personalizador avanzado para una f\u00e1cil personalizaci\u00f3n de colores, fuentes y dise\u00f1os de temas<\/li>\n<li>9 dise\u00f1os de p\u00e1gina de inicio predise\u00f1ados para una configuraci\u00f3n r\u00e1pida<\/li>\n<li>SEO optimizado para mejorar la clasificaci\u00f3n del motor de b\u00fasqueda<\/li>\n<li>Opciones de tipograf\u00eda avanzada para texto elegante y legible<\/li>\n<li>Opciones m\u00faltiples de encabezado y pie de p\u00e1gina para una marca \u00fanica<\/li>\n<li>Botones de llamada a la acci\u00f3n integrada para una mayor participaci\u00f3n del usuario<\/li>\n<li>Formulario de suscripci\u00f3n de bolet\u00edn incorporado para una f\u00e1cil edificio de la lista de correo electr\u00f3nico<\/li>\n<li>Compatible con complementos populares de WordPress, como WooCommerce y el Formulario de contacto 7<\/li>\n<li>Excelente soporte al cliente y actualizaciones regulares para garantizar la compatibilidad con la \u00faltima versi\u00f3n y complementos de WordPress.<\/li>\n<\/ul>\n","protected":false},"excerpt":{"rendered":"<p>Lleve a su agencia de marketing digital a nuevas alturas utilizando el tema excepcional de oburio de WordPress, meticulosamente elaborado para otorgar a su presencia en l\u00ednea un aire de profesionalismo y encanto contempor\u00e1neo. Con un dise\u00f1o aerodin\u00e1mico y altamente adaptable, este tema le otorga una variedad de opciones personalizables para exhibir de manera efectiva la extensa cartera y los servicios de primer nivel de su empresa. Adem\u00e1s, el tema ha sido perfectamente optimizado para la velocidad definitiva y la optimizaci\u00f3n impecable de los motores de b\u00fasqueda (SEO), garantizando una visibilidad en l\u00ednea incomparable y la generaci\u00f3n de cables valiosos. No pierda tiempo y se embarque en su viaje hacia un \u00e9xito incomparable al aprovechar el poder del obur, impulsando su sitio web a niveles extraordinarios de logros.<\/p>\n","protected":false},"featured_media":167073,"comment_status":"open","ping_status":"open","template":"","meta":[],"product_brand":[2337],"product_cat":[1307,1237,1238],"product_tag":[1391],"class_list":{"0":"post-110781","1":"product","2":"type-product","3":"status-publish","4":"has-post-thumbnail","6":"product_brand-themeforest","7":"product_cat-negocio-wordpress-temas","8":"product_cat-temas","9":"product_cat-wordpress-temas","10":"product_tag-themeforest","11":"member-discount","12":"discount-restricted","14":"first","15":"instock","16":"sale","17":"downloadable","18":"virtual","19":"sold-individually","20":"purchasable","21":"product-type-simple"},"_links":{"self":[{"href":"https:\/\/gpl-love.com\/es\/wp-json\/wp\/v2\/product\/110781","targetHints":{"allow":["GET"]}}],"collection":[{"href":"https:\/\/gpl-love.com\/es\/wp-json\/wp\/v2\/product"}],"about":[{"href":"https:\/\/gpl-love.com\/es\/wp-json\/wp\/v2\/types\/product"}],"replies":[{"embeddable":true,"href":"https:\/\/gpl-love.com\/es\/wp-json\/wp\/v2\/comments?post=110781"}],"wp:featuredmedia":[{"embeddable":true,"href":"https:\/\/gpl-love.com\/es\/wp-json\/wp\/v2\/media\/167073"}],"wp:attachment":[{"href":"https:\/\/gpl-love.com\/es\/wp-json\/wp\/v2\/media?parent=110781"}],"wp:term":[{"taxonomy":"product_brand","embeddable":true,"href":"https:\/\/gpl-love.com\/es\/wp-json\/wp\/v2\/product_brand?post=110781"},{"taxonomy":"product_cat","embeddable":true,"href":"https:\/\/gpl-love.com\/es\/wp-json\/wp\/v2\/product_cat?post=110781"},{"taxonomy":"product_tag","embeddable":true,"href":"https:\/\/gpl-love.com\/es\/wp-json\/wp\/v2\/product_tag?post=110781"}],"curies":[{"name":"wp","href":"https:\/\/api.w.org\/{rel}","templated":true}]}}