{"id":110765,"date":"2025-10-29T00:00:00","date_gmt":"2025-10-29T05:00:00","guid":{"rendered":"http:\/\/gpl-love.com\/es\/producto\/wpbakery-visual-composer-page-builder\/"},"modified":"2026-03-09T08:30:21","modified_gmt":"2026-03-09T13:30:21","slug":"wpbakery-visual-composer-page-builder","status":"publish","type":"product","link":"https:\/\/gpl-love.com\/es\/producto\/wpbakery-visual-composer-page-builder\/","title":{"rendered":"WPBakery Visual Composer Page Builder 8.7.2"},"content":{"rendered":"<h3>WPBakery Visual Composer Page Builder Caracteristicas<\/h3>\n<p>WPBakery Visual Composer Page Builder, una herramienta altamente formidable, proporciona a los usuarios la capacidad de construir sin esfuerzo sitios web impresionantes y funcionales. Al utilizar su interfaz intuitiva de arrastrar y soltar y una amplia gama de elementos predise\u00f1ados, los individuos pueden personalizar sin problemas sus p\u00e1ginas para alinearse perfectamente con sus requisitos individuales. Independientemente de si el usuario tiene como objetivo construir un blog, una plataforma de comercio electr\u00f3nico o una cartera, Wpbakery Visual Composer Page Builder, optimiza efectivamente el proceso de elaboraci\u00f3n de un sitio web elegante y profesional dentro de un plazo m\u00ednimo. Esta herramienta excepcional tambi\u00e9n es convenientemente compatible con una amplia gama de temas de WordPress y extiende el soporte a numerosos complementos de terceros, lo que lo convierte en una opci\u00f3n incre\u00edblemente vers\u00e1til para desarrolladores web y dise\u00f1adores. Independientemente del nivel de competencia de uno, WPBakery Visual Composer Page Builder, sin duda, representa una herramienta indispensable para cualquier persona que busque crear sitios web de primer nivel y altamente receptivos.<\/p>\n<ul>\n<li>Potente creador de p\u00e1ginas de arrastrar y soltar para sitios web de WordPress<\/li>\n<li>Interfaz intuitiva para una f\u00e1cil creaci\u00f3n y personalizaci\u00f3n de p\u00e1ginas<\/li>\n<li>Incluye una biblioteca de elementos y plantillas preconstruidas para un dise\u00f1o r\u00e1pido<\/li>\n<li>El dise\u00f1o receptivo garantiza que las p\u00e1ginas se vean bien en cualquier dispositivo<\/li>\n<li>Compatible con todos los temas y complementos de WordPress<\/li>\n<li>Salida amigable con SEO con c\u00f3digo limpio y marcado est\u00e1ndar<\/li>\n<li>Actualizado regularmente con nuevas funciones y mejoras para mantener su sitio actual y atractivo<\/li>\n<li>Soporte multiling\u00fce para el alcance global y la orientaci\u00f3n de la audiencia<\/li>\n<li>Accesible para dise\u00f1adores y desarrolladores web novatos y experimentados<\/li>\n<li>Documentaci\u00f3n integral y atenci\u00f3n al cliente disponible para la resoluci\u00f3n de problemas y orientaci\u00f3n.<\/li>\n<\/ul>\n","protected":false},"excerpt":{"rendered":"<p>WPBakery Visual Composer Page Builder, aclamado como un complemento robusto e innovador para WordPress, cuenta con una variedad de caracter\u00edsticas que permiten a los usuarios crear y personalizar sin esfuerzo sitios web visualmente cautivadores. Independientemente de si uno posee habilidades rudimentarias o posee una gran experiencia como desarrollador, esta herramienta ofrece una v\u00eda para modificar p\u00e1ginas web exquisitas sin experiencia en codificaci\u00f3n. La interfaz f\u00e1cil de usar combinada con una colecci\u00f3n expansiva de elementos proporciona a las personas la capacidad de generar arreglos intrincados, incorporar animaciones cautivadoras y sitios web receptivos erigidos que exhiben una versatilidad incomparable en una multitud de dispositivos. \u00a1WPBakery Visual Composer Page Builder es, sin duda, el conducto a trav\u00e9s del cual todos los conceptos visuales se pueden transmutar en realidades tangibles!<\/p>\n","protected":false},"featured_media":168471,"comment_status":"open","ping_status":"open","template":"","meta":[],"product_brand":[2644],"product_cat":[1214,1206,1211],"product_tag":[1670],"class_list":{"0":"post-110765","1":"product","2":"type-product","3":"status-publish","4":"has-post-thumbnail","6":"product_brand-wp-bakery","7":"product_cat-personalizacion","8":"product_cat-plugins","9":"product_cat-wordpress-plugins","10":"product_tag-wp-bakery","11":"member-discount","12":"discount-restricted","14":"first","15":"instock","16":"sale","17":"downloadable","18":"virtual","19":"sold-individually","20":"purchasable","21":"product-type-simple"},"_links":{"self":[{"href":"https:\/\/gpl-love.com\/es\/wp-json\/wp\/v2\/product\/110765","targetHints":{"allow":["GET"]}}],"collection":[{"href":"https:\/\/gpl-love.com\/es\/wp-json\/wp\/v2\/product"}],"about":[{"href":"https:\/\/gpl-love.com\/es\/wp-json\/wp\/v2\/types\/product"}],"replies":[{"embeddable":true,"href":"https:\/\/gpl-love.com\/es\/wp-json\/wp\/v2\/comments?post=110765"}],"wp:featuredmedia":[{"embeddable":true,"href":"https:\/\/gpl-love.com\/es\/wp-json\/wp\/v2\/media\/168471"}],"wp:attachment":[{"href":"https:\/\/gpl-love.com\/es\/wp-json\/wp\/v2\/media?parent=110765"}],"wp:term":[{"taxonomy":"product_brand","embeddable":true,"href":"https:\/\/gpl-love.com\/es\/wp-json\/wp\/v2\/product_brand?post=110765"},{"taxonomy":"product_cat","embeddable":true,"href":"https:\/\/gpl-love.com\/es\/wp-json\/wp\/v2\/product_cat?post=110765"},{"taxonomy":"product_tag","embeddable":true,"href":"https:\/\/gpl-love.com\/es\/wp-json\/wp\/v2\/product_tag?post=110765"}],"curies":[{"name":"wp","href":"https:\/\/api.w.org\/{rel}","templated":true}]}}