{"id":110763,"date":"2026-03-27T00:00:00","date_gmt":"2026-03-27T05:00:00","guid":{"rendered":"http:\/\/gpl-love.com\/es\/producto\/the-hanger-modern-classic-woocommerce-theme\/"},"modified":"2026-04-10T11:27:30","modified_gmt":"2026-04-10T16:27:30","slug":"the-hanger-modern-classic-woocommerce-theme","status":"publish","type":"product","link":"https:\/\/gpl-love.com\/es\/producto\/the-hanger-modern-classic-woocommerce-theme\/","title":{"rendered":"The Hanger Modern Classic WooCommerce Theme 6.3"},"content":{"rendered":"<h3>The Hanger Modern Classic WooCommerce Theme Caracteristicas<\/h3>\n<p>El tema de WooCommerce cl\u00e1sico moderno de Hanger, un tema de WordPress exquisitamente dise\u00f1ado y vers\u00e1til, posee la capacidad de atender a una amplia gama de tiendas en l\u00ednea. Con su dise\u00f1o elegante y refinado junto con sus funcionalidades robustas y avanzadas, este tema garantiza una experiencia de compra perfecta y placentera para los clientes, lo que garantiza que su satisfacci\u00f3n siga siendo primordial. Adem\u00e1s, su capacidad de respuesta completa y su naturaleza amigable para los dispositivos m\u00f3viles garantizan que su tienda en l\u00ednea aparecer\u00e1 visualmente impresionante y cautivadora en todos los dispositivos, sin dejar espacio para la decepci\u00f3n. Adem\u00e1s, la percha viene equipada con una variedad de opciones de personalizaci\u00f3n, lo que le otorga la capacidad de adaptar sin esfuerzo su tienda para alinearse perfectamente con su identidad de marca \u00fanica y su estilo individual. Aprovechando la potencia del complemento WooCommerce, este tema respalda con \u00e9xito todas las principales opciones de pasarela y env\u00edo, simplificando as\u00ed el proceso de gesti\u00f3n de pedidos y transacciones de manera eficiente. Por lo tanto, independientemente de si se est\u00e1 aventurando en el mundo del comercio minorista en l\u00ednea por primera vez o contemplando una actualizaci\u00f3n para su tienda existente, el tema de WooCommerce cl\u00e1sico moderno de colgadores sin duda se erige como la opci\u00f3n por excelencia para establecer un sitio web de comercio electr\u00f3nico contempor\u00e1neo y profesional.<\/p>\n<ul>\n<li>Dise\u00f1o elegante y moderno perfecto para cualquier moda o tienda de ropa<\/li>\n<li>Construida con la plataforma WooCommerce muy popular y personalizable<\/li>\n<li>Cuenta con opciones de personalizaci\u00f3n f\u00e1cil de usar, con un potente constructor de p\u00e1ginas de arrastrar y soltar<\/li>\n<li>Optimizado para dispositivos m\u00f3viles, con un dise\u00f1o receptivo que se ve muy bien en cualquier tama\u00f1o de pantalla<\/li>\n<li>Opciones de dise\u00f1o m\u00faltiples para p\u00e1ginas de productos, incluidas la red, la lista y las plantillas de productos \u00fanicos<\/li>\n<li>Opciones avanzadas de b\u00fasqueda y filtrado para ayudar a los clientes a encontrar exactamente lo que est\u00e1n buscando<\/li>\n<li>Integraci\u00f3n perfecta con las redes sociales, incluidas Instagram, para ayudar a impulsar el tr\u00e1fico y las ventas<\/li>\n<li>Optimizaci\u00f3n de SEO incorporada para ayudar a mejorar las clasificaciones de los motores de b\u00fasqueda<\/li>\n<li>Actualizaciones de temas regulares y atenci\u00f3n al cliente dedicada para garantizar que su tienda funcione sin problemas y eficientemente.<\/li>\n<\/ul>\n","protected":false},"excerpt":{"rendered":"<p>Presentando el tema de WooCommerce cl\u00e1sico moderno de la colgadora, una soluci\u00f3n revolucionaria y sofisticada meticulosamente elaborada para empoderarlo en la elaboraci\u00f3n de un emporio en l\u00ednea visualmente cautivador y sin problemas. Con una exquisita fusi\u00f3n de est\u00e9tica contempor\u00e1nea y una facilidad de uso incomparable, este tema resplandeciente sirve como la plataforma por excelencia para las estimadas marcas que anhelan irradiar su mercanc\u00eda con un avi\u00f3n de opulencia y refinamiento sin pretensiones. Imbuido de tecnolog\u00edas web de vanguardia y dotado de una compatibilidad perfecta con WooCommerce, el colgador le otorga el invaluable regalo de una encuentro altamente receptivo, expeditante, impregnable y que lo abarca para su apreciada clientela. Por lo tanto, con tal cornucopia de beneficios a su disposici\u00f3n, \u00bfpor qu\u00e9 languidecer en la procrastinaci\u00f3n? Aproveche el momento y emprenda su viaje de comercio pr\u00f3spero aprovechando el tema de WooCommerce cl\u00e1sico moderno de la percha en este mismo instante.<\/p>\n","protected":false},"featured_media":167711,"comment_status":"open","ping_status":"open","template":"","meta":[],"product_brand":[2337],"product_cat":[1263,1264,1237],"product_tag":[1391],"class_list":{"0":"post-110763","1":"product","2":"type-product","3":"status-publish","4":"has-post-thumbnail","6":"product_brand-themeforest","7":"product_cat-comercio-electronico-temas","8":"product_cat-negocio","9":"product_cat-temas","10":"product_tag-themeforest","11":"member-discount","12":"discount-restricted","14":"first","15":"instock","16":"sale","17":"downloadable","18":"virtual","19":"sold-individually","20":"purchasable","21":"product-type-simple"},"_links":{"self":[{"href":"https:\/\/gpl-love.com\/es\/wp-json\/wp\/v2\/product\/110763","targetHints":{"allow":["GET"]}}],"collection":[{"href":"https:\/\/gpl-love.com\/es\/wp-json\/wp\/v2\/product"}],"about":[{"href":"https:\/\/gpl-love.com\/es\/wp-json\/wp\/v2\/types\/product"}],"replies":[{"embeddable":true,"href":"https:\/\/gpl-love.com\/es\/wp-json\/wp\/v2\/comments?post=110763"}],"wp:featuredmedia":[{"embeddable":true,"href":"https:\/\/gpl-love.com\/es\/wp-json\/wp\/v2\/media\/167711"}],"wp:attachment":[{"href":"https:\/\/gpl-love.com\/es\/wp-json\/wp\/v2\/media?parent=110763"}],"wp:term":[{"taxonomy":"product_brand","embeddable":true,"href":"https:\/\/gpl-love.com\/es\/wp-json\/wp\/v2\/product_brand?post=110763"},{"taxonomy":"product_cat","embeddable":true,"href":"https:\/\/gpl-love.com\/es\/wp-json\/wp\/v2\/product_cat?post=110763"},{"taxonomy":"product_tag","embeddable":true,"href":"https:\/\/gpl-love.com\/es\/wp-json\/wp\/v2\/product_tag?post=110763"}],"curies":[{"name":"wp","href":"https:\/\/api.w.org\/{rel}","templated":true}]}}