{"id":110750,"date":"2021-12-14T00:00:00","date_gmt":"2021-12-14T05:00:00","guid":{"rendered":"http:\/\/gpl-love.com\/es\/producto\/wordpress-gdpr-ccpa-dpa-compliance\/"},"modified":"2026-03-09T08:27:19","modified_gmt":"2026-03-09T13:27:19","slug":"wordpress-gdpr-ccpa-dpa-compliance","status":"publish","type":"product","link":"https:\/\/gpl-love.com\/es\/producto\/wordpress-gdpr-ccpa-dpa-compliance\/","title":{"rendered":"WordPress GDPR + CCPA + DPA Compliance 2.6.1"},"content":{"rendered":"<h3>WordPress GDPR + CCPA + DPA Compliance Caracteristicas<\/h3>\n<p>La herramienta de cumplimiento de WordPress GDPR + CCPA + DPA es una soluci\u00f3n incre\u00edblemente robusta y efectiva que permite a los propietarios de sitios web garantizar la adherencia de su sitio web a la Regulaci\u00f3n General de Protecci\u00f3n de Datos (GDPR), la Ley de Privacidad del Consumidor de California (CCPA) y la Ley de Protecci\u00f3n de Datos (( Dpa). Al emplear esta herramienta, los propietarios de sitios web pueden incorporar sin esfuerzo todas las caracter\u00edsticas y funcionalidades necesarias para el cumplimiento de estas leyes. Estos abarcan elementos cruciales como el consentimiento de cookies, solicitudes de acceso al sujeto de datos, solicitudes de borrado de datos y otras variadas. Adem\u00e1s, esta herramienta cuenta con una interfaz f\u00e1cil de usar y puede integrarse perfectamente en cualquier sitio web de WordPress, solidificando as\u00ed su estado como un activo indispensable para los propietarios de sitios web que buscan garantizar el cumplimiento total de estas regulaciones vitales de protecci\u00f3n de datos.<\/p>\n<ul>\n<li>Complete el cumplimiento de las regulaciones GDPR, CCPA y DPA para su sitio web de WordPress<\/li>\n<li>Instalaci\u00f3n e integraci\u00f3n f\u00e1cil con su configuraci\u00f3n existente de WordPress<\/li>\n<li>Controles integrales de protecci\u00f3n de datos para datos de usuario recopilados en su sitio web<\/li>\n<li>Gesti\u00f3n segura de consentimiento de usuario para actividades de recopilaci\u00f3n y procesamiento de datos<\/li>\n<li>Anonimato o eliminaci\u00f3n de datos autom\u00e1ticos del usuario a pedido<\/li>\n<li>Caracter\u00edsticas detalladas de informes y auditor\u00eda para garantizar el cumplimiento<\/li>\n<li>Actualizaciones y apoyo continuos para mantener el cumplimiento de las regulaciones cambiantes<\/li>\n<\/ul>\n","protected":false},"excerpt":{"rendered":"<p>Con la introducci\u00f3n de esta poderosa herramienta, se ha vuelto cada vez m\u00e1s conveniente garantizar el cumplimiento de GDPR, CCPA y DPA en su sitio web de WordPress. Las empresas que buscan priorizar la protecci\u00f3n de la privacidad de sus clientes ahora pueden depender de este complemento, lo que aborda sin problemas todas sus necesidades al proporcionar pol\u00edticas de privacidad compatibles, gesti\u00f3n eficiente de cookies y acuerdos de procesamiento de datos exhaustivos, entre otras caracter\u00edsticas. Al utilizar este complemento, puede estar seguro de que su sitio web se adhiere impecablemente a todas las regulaciones esenciales de protecci\u00f3n de datos, ofreciendo as\u00ed a sus visitantes la tranquilidad que merecen con raz\u00f3n. Mantenga el m\u00e1ximo nivel de seguridad y cumplimiento en su sitio web con la ayuda de esta herramienta integral de cumplimiento de WordPress GDPR + CCPA + DPA.<\/p>\n","protected":false},"featured_media":168346,"comment_status":"open","ping_status":"open","template":"","meta":[],"product_brand":[2339],"product_cat":[1212,1206,1211],"product_tag":[1256],"class_list":{"0":"post-110750","1":"product","2":"type-product","3":"status-publish","4":"has-post-thumbnail","6":"product_brand-codecanyon","7":"product_cat-administracion-wordpress-plugins","8":"product_cat-plugins","9":"product_cat-wordpress-plugins","10":"product_tag-codecanyon","11":"member-discount","12":"discount-restricted","14":"first","15":"instock","16":"sale","17":"downloadable","18":"virtual","19":"sold-individually","20":"purchasable","21":"product-type-simple"},"_links":{"self":[{"href":"https:\/\/gpl-love.com\/es\/wp-json\/wp\/v2\/product\/110750","targetHints":{"allow":["GET"]}}],"collection":[{"href":"https:\/\/gpl-love.com\/es\/wp-json\/wp\/v2\/product"}],"about":[{"href":"https:\/\/gpl-love.com\/es\/wp-json\/wp\/v2\/types\/product"}],"replies":[{"embeddable":true,"href":"https:\/\/gpl-love.com\/es\/wp-json\/wp\/v2\/comments?post=110750"}],"wp:featuredmedia":[{"embeddable":true,"href":"https:\/\/gpl-love.com\/es\/wp-json\/wp\/v2\/media\/168346"}],"wp:attachment":[{"href":"https:\/\/gpl-love.com\/es\/wp-json\/wp\/v2\/media?parent=110750"}],"wp:term":[{"taxonomy":"product_brand","embeddable":true,"href":"https:\/\/gpl-love.com\/es\/wp-json\/wp\/v2\/product_brand?post=110750"},{"taxonomy":"product_cat","embeddable":true,"href":"https:\/\/gpl-love.com\/es\/wp-json\/wp\/v2\/product_cat?post=110750"},{"taxonomy":"product_tag","embeddable":true,"href":"https:\/\/gpl-love.com\/es\/wp-json\/wp\/v2\/product_tag?post=110750"}],"curies":[{"name":"wp","href":"https:\/\/api.w.org\/{rel}","templated":true}]}}