{"id":110748,"date":"2022-01-11T00:00:00","date_gmt":"2022-01-11T05:00:00","guid":{"rendered":"http:\/\/gpl-love.com\/es\/producto\/hongo-modern-multipurpose-woocommerce-wordpress-theme\/"},"modified":"2026-03-13T17:22:11","modified_gmt":"2026-03-13T22:22:11","slug":"hongo-modern-multipurpose-woocommerce-wordpress-theme","status":"publish","type":"product","link":"https:\/\/gpl-love.com\/es\/producto\/hongo-modern-multipurpose-woocommerce-wordpress-theme\/","title":{"rendered":"Hongo Modern y Multipurpose WooCommerce WordPress Theme 2.3"},"content":{"rendered":"<h3>Hongo Modern y Multipurpose WooCommerce WordPress Theme Caracteristicas<\/h3>\n<p>El tema de WordPress de Hongo moderno y multiprop\u00f3sito, un recurso altamente vers\u00e1til y multifac\u00e9tico, demuestra ser un activo invaluable cuando se trata de construir sitios web de comercio electr\u00f3nico sin esfuerzo. Esta herramienta excepcional ofrece una gran cantidad de dise\u00f1os y plantillas diversos y personalizables, lo que permite a los usuarios adaptar sus plataformas en l\u00ednea a sus preferencias individuales con la m\u00e1xima precisi\u00f3n. Adem\u00e1s, el tema de Hongo cuenta con un impresionante grado de facilidad de uso y capacidad de respuesta, lo que lo hace sin problemas en todo tipo de dispositivos. Para aumentar a\u00fan m\u00e1s la experiencia de navegaci\u00f3n de los clientes, este tema notable incorpora una variedad de caracter\u00edsticas notables, incluidos filtros de productos, vistas r\u00e1pidas del producto y una funcionalidad de b\u00fasqueda AJAX altamente eficiente. Adem\u00e1s, el tema de Hongo abarca convenientemente el contenido de demostraci\u00f3n predise\u00f1ado, que puede importarse sin esfuerzo con un simple clic \u00fanico. En esencia, Hongo se erige con orgullo como una soluci\u00f3n todo en uno excepcional, revolucionando el proceso de establecer una tienda en l\u00ednea con facilidad sin igual y una est\u00e9tica innegablemente profesional.<\/p>\n<ul>\n<li>Dise\u00f1o receptivo que se ve muy bien en cualquier dispositivo<\/li>\n<li>M\u00faltiples dise\u00f1os de p\u00e1gina de inicio y p\u00e1gina interior para elegir<\/li>\n<li>Construido con la \u00faltima tecnolog\u00eda de WooCommerce para una f\u00e1cil gesti\u00f3n de tiendas en l\u00ednea<\/li>\n<li>Incluye una gama de complementos premium, como Visual Composer y Slider Revolution<\/li>\n<li>F\u00e1cil de personalizar con la funcionalidad de arrastrar y soltar y opciones de color ilimitadas<\/li>\n<li>Admite una gama de complementos populares, que incluyen el Formulario de contacto 7 y MailChimp para WordPress<\/li>\n<li>SEO optimizado para mejorar la clasificaci\u00f3n y la visibilidad del motor de b\u00fasqueda<\/li>\n<li>Incluye la integraci\u00f3n de las redes sociales para un f\u00e1cil intercambio y promoci\u00f3n<\/li>\n<li>Viene con documentaci\u00f3n integral y apoyo dedicado de los autores tem\u00e1ticos.<\/li>\n<\/ul>\n","protected":false},"excerpt":{"rendered":"<p>Hongo, un tema de WordPress de comercio electr\u00f3nico de vanguardia y altamente flexible, ha sido meticulosamente elaborado para satisfacer las necesidades de las tiendas de WooCommerce. Con su amplia gama de opciones de temas personalizables, este tema sofisticado y multifac\u00e9tico es ideal para una amplia gama de negocios en l\u00ednea, que abarca varias industrias, incluidas, entre otros, moda y electr\u00f3nica. Sus atributos excepcionales abarcan un dise\u00f1o receptivo, capacidades de personalizaci\u00f3n sin esfuerzo y una velocidad de carga impecable, asegurando as\u00ed una experiencia de usuario perfectamente inmersiva tanto para comerciantes como para los consumidores. Armado con plantillas predise\u00f1adas y un editor visual intuitivo que emplea una conveniente funcionalidad de arrastrar y soltar, Hongo le permite dise\u00f1ar una tienda en l\u00ednea visualmente cautivadora que incorpora y amplifica la esencia de su marca y estilo distintivos, todo lo que Aumentando sus ventas digitales.<\/p>\n","protected":false},"featured_media":166424,"comment_status":"open","ping_status":"open","template":"","meta":[],"product_brand":[2337],"product_cat":[1239,1237,1238],"product_tag":[1391],"class_list":{"0":"post-110748","1":"product","2":"type-product","3":"status-publish","4":"has-post-thumbnail","6":"product_brand-themeforest","7":"product_cat-de-multiples-fines","8":"product_cat-temas","9":"product_cat-wordpress-temas","10":"product_tag-themeforest","11":"member-discount","12":"discount-restricted","14":"first","15":"instock","16":"sale","17":"downloadable","18":"virtual","19":"sold-individually","20":"purchasable","21":"product-type-simple"},"_links":{"self":[{"href":"https:\/\/gpl-love.com\/es\/wp-json\/wp\/v2\/product\/110748","targetHints":{"allow":["GET"]}}],"collection":[{"href":"https:\/\/gpl-love.com\/es\/wp-json\/wp\/v2\/product"}],"about":[{"href":"https:\/\/gpl-love.com\/es\/wp-json\/wp\/v2\/types\/product"}],"replies":[{"embeddable":true,"href":"https:\/\/gpl-love.com\/es\/wp-json\/wp\/v2\/comments?post=110748"}],"wp:featuredmedia":[{"embeddable":true,"href":"https:\/\/gpl-love.com\/es\/wp-json\/wp\/v2\/media\/166424"}],"wp:attachment":[{"href":"https:\/\/gpl-love.com\/es\/wp-json\/wp\/v2\/media?parent=110748"}],"wp:term":[{"taxonomy":"product_brand","embeddable":true,"href":"https:\/\/gpl-love.com\/es\/wp-json\/wp\/v2\/product_brand?post=110748"},{"taxonomy":"product_cat","embeddable":true,"href":"https:\/\/gpl-love.com\/es\/wp-json\/wp\/v2\/product_cat?post=110748"},{"taxonomy":"product_tag","embeddable":true,"href":"https:\/\/gpl-love.com\/es\/wp-json\/wp\/v2\/product_tag?post=110748"}],"curies":[{"name":"wp","href":"https:\/\/api.w.org\/{rel}","templated":true}]}}