{"id":110746,"date":"2026-04-27T00:00:00","date_gmt":"2026-04-27T05:00:00","guid":{"rendered":"http:\/\/gpl-love.com\/es\/producto\/edumall-professional-lms-education-center-wordpress-theme\/"},"modified":"2026-04-27T17:15:32","modified_gmt":"2026-04-27T22:15:32","slug":"edumall-professional-lms-education-center-wordpress-theme","status":"publish","type":"product","link":"https:\/\/gpl-love.com\/es\/producto\/edumall-professional-lms-education-center-wordpress-theme\/","title":{"rendered":"EduMall Professional LMS Education Center WordPress Theme 4.5.3"},"content":{"rendered":"<h3>EduMall Professional LMS Education Center WordPress Theme Caracteristicas<\/h3>\n<p>El tema de WordPress del Centro de Educaci\u00f3n LMS de Edumall LMS sirve como un instrumento formidable para educadores e instituciones que deseen establecer un entorno de aprendizaje en l\u00ednea que exude profesionalismo y facilidad de uso. Este tema presenta a los usuarios una interfaz intuitiva que facilita la personalizaci\u00f3n f\u00e1cil del contenido, los perfiles de usuario y los materiales del curso. Distinguido por una gran cantidad de caracter\u00edsticas robustas, como planes de lecciones, cuestionarios y seguimiento de progreso, Edumall presenta a los profesionales de la educaci\u00f3n una soluci\u00f3n integral que les permite ofrecer una experiencia de aprendizaje excepcional a sus estudiantes. Independientemente de si usted es un maestro individual o una instituci\u00f3n completa, este tema ha sido meticulosamente elaborado para satisfacer sus necesidades y aumentar su presencia en l\u00ednea. Al adoptar Edumall, puede racionalizar su flujo de trabajo, involucrar activamente a sus alumnos y ofrecer instrucciones personalizadas que se adapte a sus necesidades individuales, allanando el camino para su viaje acad\u00e9mico triunfante.<\/p>\n<ul>\n<li>Tema de WordPress LMS totalmente personalizable dise\u00f1ado espec\u00edficamente para sitios web relacionados con la educaci\u00f3n<\/li>\n<li>Viene con varias plantillas de p\u00e1gina y dise\u00f1os preconstruidos, lo que facilita la creaci\u00f3n de nuevas p\u00e1ginas y secciones para su sitio web<\/li>\n<li>Incluye un potente constructor de p\u00e1ginas de arrastrar y soltar, lo que le permite crear f\u00e1cilmente dise\u00f1os complejos y dise\u00f1os personalizados sin ninguna experiencia de codificaci\u00f3n<\/li>\n<li>Cuenta con un sistema de gesti\u00f3n de cursos incorporado con soporte para m\u00faltiples instructores y clases, lo que le permite administrar f\u00e1cilmente el contenido del curso y rastrear el progreso de los estudiantes.<\/li>\n<li>Cuenta con una interfaz f\u00e1cil de usar, facilitando tanto a los estudiantes como a los instructores navegar y usar la plataforma<\/li>\n<li>Admite m\u00faltiples pasarelas de pago, lo que facilita la aceptaci\u00f3n de pagos para cursos, membres\u00edas y otros productos y servicios<\/li>\n<li>Se integra con populares herramientas de automatizaci\u00f3n de marketing y correo electr\u00f3nico, lo que le permite promocionar f\u00e1cilmente sus cursos y mantenerse en contacto con sus alumnos y suscriptores.<\/li>\n<li>Viene con documentaci\u00f3n completa y tutoriales, as\u00ed como apoyo dedicado del equipo de Edumall, asegurando que tenga todo lo que necesita para aprovechar al m\u00e1ximo el tema.<\/li>\n<\/ul>\n","protected":false},"excerpt":{"rendered":"<p>Edumall, un tema de WordPress de primer nivel dise\u00f1ado espec\u00edficamente para centros de educaci\u00f3n y cursos en l\u00ednea, est\u00e1 equipado con una variedad de caracter\u00edsticas impresionantes. Estos incluyen un sistema de gesti\u00f3n de aprendizaje s\u00f3lido (LMS), capacidades de gesti\u00f3n de cursos avanzados, opciones de dise\u00f1o personalizables y una gran cantidad de plantillas preconstruidas. Este tema le permite establecer una plataforma de aprendizaje en l\u00ednea cautivadora que facilite efectivamente el alojamiento de cursos y la gesti\u00f3n de estudiantes. En particular, Edumall demuestra ser una soluci\u00f3n ideal para el aprendizaje electr\u00f3nico, las escuelas en l\u00ednea e instituciones educativas que buscan ofrecer una educaci\u00f3n excepcional a sus alumnos de manera f\u00e1cil y perfecta. No pierda el tiempo en la adquisici\u00f3n de Edumall hoy y se embarca en el viaje de construir una pr\u00f3spera empresa de aprendizaje electr\u00f3nico.<\/p>\n","protected":false},"featured_media":165916,"comment_status":"open","ping_status":"open","template":"","meta":[],"product_brand":[2337],"product_cat":[1307,1237,1238],"product_tag":[1391],"class_list":{"0":"post-110746","1":"product","2":"type-product","3":"status-publish","4":"has-post-thumbnail","6":"product_brand-themeforest","7":"product_cat-negocio-wordpress-temas","8":"product_cat-temas","9":"product_cat-wordpress-temas","10":"product_tag-themeforest","11":"member-discount","12":"discount-restricted","14":"first","15":"instock","16":"sale","17":"downloadable","18":"virtual","19":"sold-individually","20":"purchasable","21":"product-type-simple"},"_links":{"self":[{"href":"https:\/\/gpl-love.com\/es\/wp-json\/wp\/v2\/product\/110746","targetHints":{"allow":["GET"]}}],"collection":[{"href":"https:\/\/gpl-love.com\/es\/wp-json\/wp\/v2\/product"}],"about":[{"href":"https:\/\/gpl-love.com\/es\/wp-json\/wp\/v2\/types\/product"}],"replies":[{"embeddable":true,"href":"https:\/\/gpl-love.com\/es\/wp-json\/wp\/v2\/comments?post=110746"}],"wp:featuredmedia":[{"embeddable":true,"href":"https:\/\/gpl-love.com\/es\/wp-json\/wp\/v2\/media\/165916"}],"wp:attachment":[{"href":"https:\/\/gpl-love.com\/es\/wp-json\/wp\/v2\/media?parent=110746"}],"wp:term":[{"taxonomy":"product_brand","embeddable":true,"href":"https:\/\/gpl-love.com\/es\/wp-json\/wp\/v2\/product_brand?post=110746"},{"taxonomy":"product_cat","embeddable":true,"href":"https:\/\/gpl-love.com\/es\/wp-json\/wp\/v2\/product_cat?post=110746"},{"taxonomy":"product_tag","embeddable":true,"href":"https:\/\/gpl-love.com\/es\/wp-json\/wp\/v2\/product_tag?post=110746"}],"curies":[{"name":"wp","href":"https:\/\/api.w.org\/{rel}","templated":true}]}}