{"id":110742,"date":"2022-02-11T00:00:00","date_gmt":"2022-02-11T05:00:00","guid":{"rendered":"http:\/\/gpl-love.com\/es\/producto\/emage-image-hover-effects-for-elementor\/"},"modified":"2026-03-09T07:31:42","modified_gmt":"2026-03-09T12:31:42","slug":"emage-image-hover-effects-for-elementor","status":"publish","type":"product","link":"https:\/\/gpl-love.com\/es\/producto\/emage-image-hover-effects-for-elementor\/","title":{"rendered":"Emage Image Hover Effects para Elementor 4.3.5"},"content":{"rendered":"<h3>Emage Image Hover Effects para Elementor Caracteristicas<\/h3>\n<p>El Emage Image Hover Effects para Elementor Plugin es una herramienta incre\u00edblemente robusta y din\u00e1mica que le otorga la capacidad de modelar los impresionantes efectos de la imagen directamente en su sitio web. Su interfaz f\u00e1cil de usar y su extensa gama de opciones personalizables facilitan sin esfuerzo la adici\u00f3n de un toque profesional a las im\u00e1genes de su sitio web. Independientemente de si desea una animaci\u00f3n sutil y matizada o un efecto atrevido y llamativo, tenga la seguridad de que los efectos de la imagen de emage para el elemento lo han cubierto. Su adaptabilidad y capacidad de respuesta aseguran que sus efectos de desplazamiento se vean excepcionales en cualquier dispositivo, mientras que su integraci\u00f3n perfecta con Elementor garantiza una incorporaci\u00f3n sin esfuerzo en el dise\u00f1o actual de su sitio web. En conclusi\u00f3n, EMAGE Image Hover Effects para Elementor es un recurso indispensable para cualquier propietario del sitio web que aspira a elevar el impacto visual de sus im\u00e1genes y hacer que se destaquen realmente entre la multitud.<\/p>\n<ul>\n<li>Un potente y personalizable complemento de efectos flotantes de imagen para Elementor.<\/li>\n<li>M\u00e1s de m\u00e1s de 100 efectos impresionantes de la imagen para elegir, incluidas animaciones, subt\u00edtulos y m\u00e1s.<\/li>\n<li>Cree im\u00e1genes cautivadoras que llamen la atenci\u00f3n de su audiencia y las mantengan comprometidas.<\/li>\n<li>No se requiere codificaci\u00f3n, simplemente arrastre y suelte para agregar los efectos a sus p\u00e1ginas de elementor.<\/li>\n<li>Altamente receptivo y compatible con todos los dispositivos, asegurando que sus im\u00e1genes se vean impresionantes en cualquier tama\u00f1o de pantalla.<\/li>\n<li>Actualizaciones regulares y atenci\u00f3n al cliente dedicada para garantizar que aproveche al m\u00e1ximo el complemento.<\/li>\n<li>Compatible con todos los principales navegadores, asegurando la m\u00e1xima compatibilidad con su sitio web.<\/li>\n<li>Interfaz f\u00e1cil de usar que simplifica para los principiantes crear efectos de calidad profesional.<\/li>\n<li>Proporciona una forma intuitiva de agregar interactividad a su sitio y hacer que las im\u00e1genes se destaquen.<\/li>\n<\/ul>\n","protected":false},"excerpt":{"rendered":"<p>Los efectos de la imagen Emage para el complemento Elementor son altamente beneficiosos, ya que amplifica el atractivo visual de su sitio web a trav\u00e9s de su incorporaci\u00f3n de impresionantes efectos de flujo de im\u00e1genes. Este complemento f\u00e1cil de usar ofrece una amplia gama de m\u00e1s de 40 efectos exquisitos de desplazamiento que cautivan sin esfuerzo a sus visitantes, inst\u00e1ndolos a prolongar su estad\u00eda en su p\u00e1gina. Al utilizar EMAGE, posee la capacidad de personalizar y aplicar sin esfuerzo estos efectos a cualquier elemento de imagen dentro de su sitio web basado en el elemento meticulosamente elaborado. Independientemente de si se identifica como blogger, fot\u00f3grafo o propietario de negocios, este complemento es una necesidad absoluta si aspira a infundir su sitio con un toque de brillantez art\u00edstica.<\/p>\n","protected":false},"featured_media":165973,"comment_status":"open","ping_status":"open","template":"","meta":[],"product_brand":[2339],"product_cat":[1214,1206,1211],"product_tag":[1256],"class_list":{"0":"post-110742","1":"product","2":"type-product","3":"status-publish","4":"has-post-thumbnail","6":"product_brand-codecanyon","7":"product_cat-personalizacion","8":"product_cat-plugins","9":"product_cat-wordpress-plugins","10":"product_tag-codecanyon","11":"member-discount","12":"discount-restricted","14":"first","15":"instock","16":"sale","17":"downloadable","18":"virtual","19":"sold-individually","20":"purchasable","21":"product-type-simple"},"_links":{"self":[{"href":"https:\/\/gpl-love.com\/es\/wp-json\/wp\/v2\/product\/110742","targetHints":{"allow":["GET"]}}],"collection":[{"href":"https:\/\/gpl-love.com\/es\/wp-json\/wp\/v2\/product"}],"about":[{"href":"https:\/\/gpl-love.com\/es\/wp-json\/wp\/v2\/types\/product"}],"replies":[{"embeddable":true,"href":"https:\/\/gpl-love.com\/es\/wp-json\/wp\/v2\/comments?post=110742"}],"wp:featuredmedia":[{"embeddable":true,"href":"https:\/\/gpl-love.com\/es\/wp-json\/wp\/v2\/media\/165973"}],"wp:attachment":[{"href":"https:\/\/gpl-love.com\/es\/wp-json\/wp\/v2\/media?parent=110742"}],"wp:term":[{"taxonomy":"product_brand","embeddable":true,"href":"https:\/\/gpl-love.com\/es\/wp-json\/wp\/v2\/product_brand?post=110742"},{"taxonomy":"product_cat","embeddable":true,"href":"https:\/\/gpl-love.com\/es\/wp-json\/wp\/v2\/product_cat?post=110742"},{"taxonomy":"product_tag","embeddable":true,"href":"https:\/\/gpl-love.com\/es\/wp-json\/wp\/v2\/product_tag?post=110742"}],"curies":[{"name":"wp","href":"https:\/\/api.w.org\/{rel}","templated":true}]}}