{"id":110740,"date":"2026-02-18T00:00:00","date_gmt":"2026-02-18T05:00:00","guid":{"rendered":"http:\/\/gpl-love.com\/es\/producto\/ultimate-addons-for-wpbakery-page-builder\/"},"modified":"2026-04-10T11:29:18","modified_gmt":"2026-04-10T16:29:18","slug":"ultimate-addons-for-wpbakery-page-builder","status":"publish","type":"product","link":"https:\/\/gpl-love.com\/es\/producto\/ultimate-addons-for-wpbakery-page-builder\/","title":{"rendered":"Ultimate Addons para WPBakery Page Builder 3.21.3"},"content":{"rendered":"<h3>Ultimate Addons para WPBakery Page Builder Caracteristicas<\/h3>\n<p>El mejor complemento de WPbakery Page Builder sirve como una herramienta incre\u00edblemente robusta, aumentando la funcionalidad del complemento de construcci\u00f3n de p\u00e1ginas ampliamente aclamado. Al integrar este complemento fenomenal, a las personas se les otorga acceso a una amplia gama de m\u00e1s de 100 elementos y plantillas de p\u00e1gina incomparables, cada una de las cuales posee sus propias opciones de personalizaci\u00f3n \u00fanicas. En consecuencia, el \u00e1mbito de las posibilidades para elaborar p\u00e1ginas web visualmente cautivadoras y atractivas din\u00e1micamente se vuelve pr\u00e1cticamente ilimitada. Adem\u00e1s, adem\u00e1s de estas ofertas impresionantes, el complemento Ultimate incorpora un builder popup modal excepcional, opciones de tipograf\u00eda altamente avanzadas, as\u00ed como un panel de control de configuraci\u00f3n receptivo incre\u00edblemente vers\u00e1til. En consecuencia, este complemento en particular demuestra ser un activo indispensable para dise\u00f1adores y desarrolladores web que aspiran a ascender a nuevas alturas en sus proyectos de WPBakery Page Builder.<\/p>\n<ul>\n<li>Agrega docenas de nuevos elementos y m\u00f3dulos a su WPBakery Page Builder<\/li>\n<li>Ahorra tiempo y esfuerzo en el dise\u00f1o y la creaci\u00f3n de p\u00e1ginas web complejas<\/li>\n<li>Ofrece m\u00e1s de 700 plantillas personalizadas para elegir<\/li>\n<li>Permite una f\u00e1cil personalizaci\u00f3n de las plantillas existentes para satisfacer sus necesidades perfectamente<\/li>\n<li>Incluye elementos \u00fanicos e innovadores como tarjetas Flip, diapositivas de contenido y pancartas interactivas<\/li>\n<li>Compatible con todos los principales temas y complementos de WordPress<\/li>\n<li>El dise\u00f1o totalmente receptivo garantiza una experiencia perfecta en dispositivos m\u00f3viles y de escritorio<\/li>\n<li>Proporciona un soporte t\u00e9cnico r\u00e1pido y confiable para ayudarlo a aprovechar al m\u00e1ximo el producto<\/li>\n<li>Asequible y f\u00e1cil de instalar; No se necesita conocimiento de codificaci\u00f3n.<\/li>\n<\/ul>\n","protected":false},"excerpt":{"rendered":"<p>La entrada Ultimate Addon para WPBakery Page Builder, una herramienta incre\u00edblemente robusta, sirve como una extensi\u00f3n de la funcionalidad ya formidable de WPBakery Page Builder. Al integrar este complemento, la ardua tarea de construir sitios web impresionantes se vuelve notablemente m\u00e1s simple. Ofreciendo una extensa variedad de m\u00e1s de 100 elementos distintos y personalizables, este complemento permite a los usuarios manifestar sus visiones creativas, independientemente de si requieren p\u00e1ginas de aterrizaje relativamente sencillas o intrincadas plataformas de comercio electr\u00f3nico. Hecho a mano con la m\u00e1xima consideraci\u00f3n para la experiencia del usuario, la entrada Ultimate Addon personifica la facilidad de uso y se complementa con una abundancia de tutoriales y un soporte integral, asegurando un proceso de iniciaci\u00f3n sin problemas. Este complemento indispensable merece un lugar en el juego de herramientas de los novatos y desarrolladores experimentados, ya que ofrece inequ\u00edvocamente una oportunidad transformadora para las personas que buscan elevar su presencia en l\u00ednea a alturas sin precedentes.<\/p>\n","protected":false},"featured_media":167867,"comment_status":"open","ping_status":"open","template":"","meta":[],"product_brand":[2339],"product_cat":[1214,1206,1211],"product_tag":[1256],"class_list":{"0":"post-110740","1":"product","2":"type-product","3":"status-publish","4":"has-post-thumbnail","6":"product_brand-codecanyon","7":"product_cat-personalizacion","8":"product_cat-plugins","9":"product_cat-wordpress-plugins","10":"product_tag-codecanyon","11":"member-discount","12":"discount-restricted","14":"first","15":"instock","16":"sale","17":"downloadable","18":"virtual","19":"sold-individually","20":"purchasable","21":"product-type-simple"},"_links":{"self":[{"href":"https:\/\/gpl-love.com\/es\/wp-json\/wp\/v2\/product\/110740","targetHints":{"allow":["GET"]}}],"collection":[{"href":"https:\/\/gpl-love.com\/es\/wp-json\/wp\/v2\/product"}],"about":[{"href":"https:\/\/gpl-love.com\/es\/wp-json\/wp\/v2\/types\/product"}],"replies":[{"embeddable":true,"href":"https:\/\/gpl-love.com\/es\/wp-json\/wp\/v2\/comments?post=110740"}],"wp:featuredmedia":[{"embeddable":true,"href":"https:\/\/gpl-love.com\/es\/wp-json\/wp\/v2\/media\/167867"}],"wp:attachment":[{"href":"https:\/\/gpl-love.com\/es\/wp-json\/wp\/v2\/media?parent=110740"}],"wp:term":[{"taxonomy":"product_brand","embeddable":true,"href":"https:\/\/gpl-love.com\/es\/wp-json\/wp\/v2\/product_brand?post=110740"},{"taxonomy":"product_cat","embeddable":true,"href":"https:\/\/gpl-love.com\/es\/wp-json\/wp\/v2\/product_cat?post=110740"},{"taxonomy":"product_tag","embeddable":true,"href":"https:\/\/gpl-love.com\/es\/wp-json\/wp\/v2\/product_tag?post=110740"}],"curies":[{"name":"wp","href":"https:\/\/api.w.org\/{rel}","templated":true}]}}