{"id":110738,"date":"2026-03-25T00:00:00","date_gmt":"2026-03-25T05:00:00","guid":{"rendered":"http:\/\/gpl-love.com\/es\/producto\/wp-optimize-premium-wordpress-plugin\/"},"modified":"2026-03-25T17:16:52","modified_gmt":"2026-03-25T22:16:52","slug":"wp-optimize-premium-wordpress-plugin","status":"publish","type":"product","link":"https:\/\/gpl-love.com\/es\/producto\/wp-optimize-premium-wordpress-plugin\/","title":{"rendered":"WP Optimize Premium WordPress Plugin 4.5.1"},"content":{"rendered":"<h3>WP Optimize Premium WordPress Plugin Caracteristicas<\/h3>\n<p>WP Optimize Premium WordPress Plugin es una soluci\u00f3n incre\u00edblemente robusta y eficiente que est\u00e1 espec\u00edficamente dise\u00f1ada para mejorar y mejorar el rendimiento general y la velocidad de su sitio web de WordPress. Este notable complemento funciona diligentemente para optimizar y optimizar la base de datos de su sitio web, reduciendo significativamente el tama\u00f1o de sus im\u00e1genes, almacenando en cach\u00e9 de efectivo sus p\u00e1ginas y eliminando eficientemente cualquier archivo innecesario que pueda obstaculizar el rendimiento \u00f3ptimo de su sitio web. Adem\u00e1s, WP Optimize incorpora la caracter\u00edstica invaluable de permitirle programar convenientemente las limpiezas regulares, asegurando que el rendimiento de su sitio web sea consistentemente excepcional a largo plazo. La interfaz de usuario de WP Optimize no solo es notablemente intuitiva sino tambi\u00e9n incre\u00edblemente f\u00e1cil de usar, satisfaciendo las necesidades de los usuarios novatos y experimentados por igual. Es sin duda que WP Optimize es un complemento indispensable para cualquier persona que desee elevar la funcionalidad y el rendimiento de su sitio web a alturas incomparables.<\/p>\n<ul>\n<li>Proporciona optimizaci\u00f3n de sitios web de WordPress f\u00e1cil y eficiente<\/li>\n<li>Disminuye el tiempo de carga del sitio web y aumenta la velocidad de la p\u00e1gina<\/li>\n<li>Reduce el tama\u00f1o de la base de datos del sitio web con optimizaci\u00f3n autom\u00e1tica<\/li>\n<li>Elimina datos innecesarios del sitio web, como revisiones posteriores a las publicaciones y comentarios de spam.<\/li>\n<li>Optimiza las im\u00e1genes sin perder calidad<\/li>\n<li>Mejora la clasificaci\u00f3n del motor de b\u00fasqueda del sitio web con una mejor velocidad y rendimiento del sitio web<\/li>\n<li>Proporciona an\u00e1lisis detallados e informes de mejoras de optimizaci\u00f3n del sitio web<\/li>\n<li>Compatible con todos los principales temas y complementos de WordPress<\/li>\n<li>Ofrece actualizaciones autom\u00e1ticas y soporte de desarrolladores experimentados<\/li>\n<li>Se puede personalizar para adaptarse a las necesidades y preferencias espec\u00edficas de optimizaci\u00f3n del sitio web<\/li>\n<\/ul>\n","protected":false},"excerpt":{"rendered":"<p>WP Optimize, un complemento excepcional de WordPress disponible por una tarifa, brinda asistencia valiosa en la optimizaci\u00f3n y el desorden de la base de datos de su sitio web, aumentando as\u00ed su velocidad y eficiencia. Distinguido por sus funcionalidades de vanguardia, este complemento no solo facilita las limpiezas autom\u00e1ticas semanalmente, sino que tambi\u00e9n ofrece capacidades de compresi\u00f3n de im\u00e1genes y la aptitud para erradicar datos redundantes como revisiones posteriores a la publicaci\u00f3n y comentarios de spam, entre otros elementos superfluos. Al incorporar WP Optimize en el marco de su sitio web, puede mejorar significativamente su rendimiento y fluidez, lo que lleva a una experiencia de usuario mejorada para su estimada audiencia.<\/p>\n","protected":false},"featured_media":168422,"comment_status":"open","ping_status":"open","template":"","meta":[],"product_brand":[2630],"product_cat":[1206,1579,1211],"product_tag":[1666],"class_list":{"0":"post-110738","1":"product","2":"type-product","3":"status-publish","4":"has-post-thumbnail","6":"product_brand-wp-optimize","7":"product_cat-plugins","8":"product_cat-rendimiento","9":"product_cat-wordpress-plugins","10":"product_tag-wp-optimize","11":"member-discount","12":"discount-restricted","14":"first","15":"instock","16":"sale","17":"downloadable","18":"virtual","19":"sold-individually","20":"purchasable","21":"product-type-simple"},"_links":{"self":[{"href":"https:\/\/gpl-love.com\/es\/wp-json\/wp\/v2\/product\/110738","targetHints":{"allow":["GET"]}}],"collection":[{"href":"https:\/\/gpl-love.com\/es\/wp-json\/wp\/v2\/product"}],"about":[{"href":"https:\/\/gpl-love.com\/es\/wp-json\/wp\/v2\/types\/product"}],"replies":[{"embeddable":true,"href":"https:\/\/gpl-love.com\/es\/wp-json\/wp\/v2\/comments?post=110738"}],"wp:featuredmedia":[{"embeddable":true,"href":"https:\/\/gpl-love.com\/es\/wp-json\/wp\/v2\/media\/168422"}],"wp:attachment":[{"href":"https:\/\/gpl-love.com\/es\/wp-json\/wp\/v2\/media?parent=110738"}],"wp:term":[{"taxonomy":"product_brand","embeddable":true,"href":"https:\/\/gpl-love.com\/es\/wp-json\/wp\/v2\/product_brand?post=110738"},{"taxonomy":"product_cat","embeddable":true,"href":"https:\/\/gpl-love.com\/es\/wp-json\/wp\/v2\/product_cat?post=110738"},{"taxonomy":"product_tag","embeddable":true,"href":"https:\/\/gpl-love.com\/es\/wp-json\/wp\/v2\/product_tag?post=110738"}],"curies":[{"name":"wp","href":"https:\/\/api.w.org\/{rel}","templated":true}]}}