{"id":110736,"date":"2021-02-20T00:00:00","date_gmt":"2021-02-20T05:00:00","guid":{"rendered":"http:\/\/gpl-love.com\/es\/producto\/smart-content-protector-pro-wp-copy-protection\/"},"modified":"2026-04-10T11:25:02","modified_gmt":"2026-04-10T16:25:02","slug":"smart-content-protector-pro-wp-copy-protection","status":"publish","type":"product","link":"https:\/\/gpl-love.com\/es\/producto\/smart-content-protector-pro-wp-copy-protection\/","title":{"rendered":"Smart Content Protector Pro WP Copy Protection 8.3"},"content":{"rendered":"<h3>Smart Content Protector Pro WP Copy Protection Caracteristicas<\/h3>\n<p>Smart Content Content Protector Pro WP Copy Protection es una herramienta robusta y altamente efectiva que ha sido meticulosamente dise\u00f1ada para proporcionar el m\u00e1ximo nivel de protecci\u00f3n para el valioso contenido de su sitio web, asegurando que sea inaccesible para las personas no autorizadas que podr\u00edan intentar copiar o distribuir sin obtener Su permiso expl\u00edcito. Al aprovechar las capacidades excepcionales de este complemento notable, no solo podr\u00e1 impedir sin esfuerzo la capacidad de los usuarios para copiar y difundir texto, im\u00e1genes, videos y otros archivos multimedia de su sitio web, sino que tambi\u00e9n se le otorgar\u00e1 acceso a Una amplia gama de caracter\u00edsticas avanzadas que incluyen deshabilitar la funcionalidad con el clic derecho, la prevenci\u00f3n de acciones de arrastrar y soltar, y la erradicaci\u00f3n de los atajos de teclado. Adem\u00e1s, este complemento extraordinario le brinda la oportunidad de salvaguardar sus alimentos RSS y fortalecer su indexaci\u00f3n de motor de b\u00fasqueda. Adem\u00e1s, la inclusi\u00f3n de la marca de agua personalizable asegura que pueda imbuir su contenido con un toque personal distintivo e inimitable. En consecuencia, al confiar su contenido a las manos capaces de la protecci\u00f3n de copias Smart Content Content Protector Pro WP, puede reposar sobre el conocimiento de que sus esfuerzos diligentes y propiedad intelectual estar\u00e1n seguros y protegidos de cualquier da\u00f1o o explotaci\u00f3n potencial.<\/p>\n<ul>\n<li>Protege el contenido de su sitio web de WordPress de ser copiado sin su permiso<\/li>\n<li>Utiliza algoritmos de cifrado avanzado para evitar el acceso no autorizado y la copia de su contenido<\/li>\n<li>Verifica y detecta autom\u00e1ticamente cualquier intento de copiar su contenido y los bloquea en tiempo real<\/li>\n<li>Funciona sin problemas con una amplia gama de temas y complementos de WordPress<\/li>\n<li>Interfaz y configuraci\u00f3n f\u00e1cil de usar, sin requerido conocimiento de codificaci\u00f3n<\/li>\n<li>Le brinda un control completo sobre c\u00f3mo est\u00e1 protegido su contenido, lo que le permite personalizar la configuraci\u00f3n para satisfacer sus necesidades<\/li>\n<li>Proporciona informes detallados sobre todos los intentos de robo de contenido, lo que le brinda informaci\u00f3n valiosa sobre qui\u00e9n est\u00e1 tratando de robar su contenido<\/li>\n<li>Dise\u00f1ado para ser totalmente receptivo y amigable para los dispositivos m\u00f3viles, asegurando que su contenido est\u00e9 protegido en todos los dispositivos<\/li>\n<li>Proporciona una excelente atenci\u00f3n al cliente, con un equipo de expertos disponibles para ayudarlo con cualquier problema o pregunta que pueda tener.<\/li>\n<\/ul>\n","protected":false},"excerpt":{"rendered":"<p>El complemento Smart Content Content Protector Pro WP Copy Protection es una herramienta incre\u00edblemente robusta y formidable dise\u00f1ada para proteger el precioso contenido de su sitio de WordPress de cualquier intento de duplicaci\u00f3n o robo. Equipado con funcionalidades de vanguardia, como la protecci\u00f3n de la imagen, la desactivaci\u00f3n de las capacidades de clic derecho y la prevenci\u00f3n de la selecci\u00f3n de texto, este complemento garantiza la mayor seguridad y seguridad para su contenido valioso, lo que lo hace impermeable incluso a los ladrones m\u00e1s implacables. El proceso de instalaci\u00f3n y configuraci\u00f3n es notablemente sencillo y sin problemas, proporcion\u00e1ndole la seguridad y la tranquilidad mental de que sus esfuerzos diligentes est\u00e1n debidamente protegidos. No pierda el tiempo y adquiere el complemento de protecci\u00f3n de copia de Smart Content Content Protector Pro WP hoy para fortalecer su contenido con cualquier duplicaci\u00f3n no autorizada.<\/p>\n","protected":false},"featured_media":167506,"comment_status":"open","ping_status":"open","template":"","meta":[],"product_brand":[2339],"product_cat":[1212,1206,1211],"product_tag":[1256],"class_list":{"0":"post-110736","1":"product","2":"type-product","3":"status-publish","4":"has-post-thumbnail","6":"product_brand-codecanyon","7":"product_cat-administracion-wordpress-plugins","8":"product_cat-plugins","9":"product_cat-wordpress-plugins","10":"product_tag-codecanyon","11":"member-discount","12":"discount-restricted","14":"first","15":"instock","16":"sale","17":"downloadable","18":"virtual","19":"sold-individually","20":"purchasable","21":"product-type-simple"},"_links":{"self":[{"href":"https:\/\/gpl-love.com\/es\/wp-json\/wp\/v2\/product\/110736","targetHints":{"allow":["GET"]}}],"collection":[{"href":"https:\/\/gpl-love.com\/es\/wp-json\/wp\/v2\/product"}],"about":[{"href":"https:\/\/gpl-love.com\/es\/wp-json\/wp\/v2\/types\/product"}],"replies":[{"embeddable":true,"href":"https:\/\/gpl-love.com\/es\/wp-json\/wp\/v2\/comments?post=110736"}],"wp:featuredmedia":[{"embeddable":true,"href":"https:\/\/gpl-love.com\/es\/wp-json\/wp\/v2\/media\/167506"}],"wp:attachment":[{"href":"https:\/\/gpl-love.com\/es\/wp-json\/wp\/v2\/media?parent=110736"}],"wp:term":[{"taxonomy":"product_brand","embeddable":true,"href":"https:\/\/gpl-love.com\/es\/wp-json\/wp\/v2\/product_brand?post=110736"},{"taxonomy":"product_cat","embeddable":true,"href":"https:\/\/gpl-love.com\/es\/wp-json\/wp\/v2\/product_cat?post=110736"},{"taxonomy":"product_tag","embeddable":true,"href":"https:\/\/gpl-love.com\/es\/wp-json\/wp\/v2\/product_tag?post=110736"}],"curies":[{"name":"wp","href":"https:\/\/api.w.org\/{rel}","templated":true}]}}