{"id":110734,"date":"2025-10-21T00:00:00","date_gmt":"2025-10-21T05:00:00","guid":{"rendered":"http:\/\/gpl-love.com\/es\/producto\/marketo-marketplace-woocommerce-wordpress-theme\/"},"modified":"2026-03-13T17:24:05","modified_gmt":"2026-03-13T22:24:05","slug":"marketo-marketplace-woocommerce-wordpress-theme","status":"publish","type":"product","link":"https:\/\/gpl-love.com\/es\/producto\/marketo-marketplace-woocommerce-wordpress-theme\/","title":{"rendered":"Marketo Marketplace Woocommerce WordPress Theme 5.3.2"},"content":{"rendered":"<h3>Marketo Marketplace Woocommerce WordPress Theme Caracteristicas<\/h3>\n<p>El tema de WordPress de WooCommerce de Marketo, con sus caracter\u00edsticas avanzadas y su plataforma integral, surge como una soluci\u00f3n primordial meticulosamente dise\u00f1ada para facilitar el establecimiento de presencia en l\u00ednea para las empresas de todas las magnitudes. Este tema excepcional atiende perfectamente a las empresas que buscan vender sus productos y servicios a trav\u00e9s del \u00e1mbito digital, cortes\u00eda de su dise\u00f1o contempor\u00e1neo y centrado en el usuario, que puede personalizarse perfectamente para adaptarse a los requisitos distintivos de cualquier empresa. Permitiendo a las empresas administrar eficazmente sus tiendas virtuales y los pedidos de procesos sin esfuerzo, el tema de Marketo Marketplace WooCommerce WordPress se integra sin esfuerzo con el robusto complemento de WooCommerce, asegurando una experiencia de usuario perfecta. Adem\u00e1s, este tema abarca una extensa variedad de alternativas de dise\u00f1o receptivas que atienden las aspiraciones de las empresas que se esfuerzan por involucrarse y conectarse con sus consumidores en movimiento. En esencia, este tema justifica indudablemente una posici\u00f3n de m\u00e1xima prioridad para cualquier negocio ansioso por establecer una presencia formidable en l\u00ednea y fomentar la expansi\u00f3n de su marca.<\/p>\n<ul>\n<li>Tema personalizado espec\u00edficamente para empresas que utilizan Marketo y WooCommerce en WordPress<\/li>\n<li>Dise\u00f1ado con un aspecto elegante y moderno para atraer a clientes potenciales<\/li>\n<li>Dise\u00f1o totalmente receptivo que es f\u00e1cilmente personalizable para adaptarse a la marca y las preferencias<\/li>\n<li>Construido con SEO en mente para ayudar a las empresas a clasificarse m\u00e1s alto en los motores de b\u00fasqueda<\/li>\n<li>Compatible con todos los principales navegadores, asegurando una experiencia perfecta para todos los usuarios<\/li>\n<li>Integrado con los botones de intercambio de redes sociales para fomentar el intercambio social y una mayor visibilidad<\/li>\n<li>Incluye varias plantillas de p\u00e1gina, que incluye un control deslizante de p\u00e1gina de inicio, p\u00e1ginas de productos y p\u00e1ginas de contacto, ahorro de tiempo y esfuerzo en desarrollo<\/li>\n<li>Incluye soporte para complementos de terceros para expandir la funcionalidad y mejorar la experiencia del usuario<\/li>\n<li>Documentaci\u00f3n y soporte detallados proporcionados para garantizar un proceso de instalaci\u00f3n y configuraci\u00f3n sin problemas<\/li>\n<li>Actualizaciones regulares y correcciones de errores para mejorar el rendimiento y garantizar la compatibilidad con futuras actualizaciones de WordPress.<\/li>\n<\/ul>\n","protected":false},"excerpt":{"rendered":"<p>El tema de WordPress de WooCommerce de Marketo, exuda una est\u00e9tica sofisticada y contempor\u00e1nea, brindando a los minoristas en l\u00ednea la oportunidad de exhibir su mercanc\u00eda de manera est\u00e9ticamente cautivadora. Este tema notable es perfectamente compatible con WooCommerce, asegurando una integraci\u00f3n perfecta que facilite el uso y la personalizaci\u00f3n sin esfuerzo. Los usuarios est\u00e1n facultados con la capacidad de adaptar sin esfuerzo los colores, las fuentes y los dise\u00f1os para alinearse con su identidad de marca distintiva. Con funcionalidades de vanguardia, como el filtrado de productos, las capacidades de b\u00fasqueda en vivo y un dise\u00f1o receptivo, este tema extraordinario surge como la elecci\u00f3n inequ\u00edvoca para las personas que buscan establecer un emporio de comercio electr\u00f3nico incomparable.<\/p>\n","protected":false},"featured_media":166694,"comment_status":"open","ping_status":"open","template":"","meta":[],"product_brand":[2337],"product_cat":[1263,1264,1237],"product_tag":[1391],"class_list":{"0":"post-110734","1":"product","2":"type-product","3":"status-publish","4":"has-post-thumbnail","6":"product_brand-themeforest","7":"product_cat-comercio-electronico-temas","8":"product_cat-negocio","9":"product_cat-temas","10":"product_tag-themeforest","11":"member-discount","12":"discount-restricted","14":"first","15":"instock","16":"sale","17":"downloadable","18":"virtual","19":"sold-individually","20":"purchasable","21":"product-type-simple"},"_links":{"self":[{"href":"https:\/\/gpl-love.com\/es\/wp-json\/wp\/v2\/product\/110734","targetHints":{"allow":["GET"]}}],"collection":[{"href":"https:\/\/gpl-love.com\/es\/wp-json\/wp\/v2\/product"}],"about":[{"href":"https:\/\/gpl-love.com\/es\/wp-json\/wp\/v2\/types\/product"}],"replies":[{"embeddable":true,"href":"https:\/\/gpl-love.com\/es\/wp-json\/wp\/v2\/comments?post=110734"}],"wp:featuredmedia":[{"embeddable":true,"href":"https:\/\/gpl-love.com\/es\/wp-json\/wp\/v2\/media\/166694"}],"wp:attachment":[{"href":"https:\/\/gpl-love.com\/es\/wp-json\/wp\/v2\/media?parent=110734"}],"wp:term":[{"taxonomy":"product_brand","embeddable":true,"href":"https:\/\/gpl-love.com\/es\/wp-json\/wp\/v2\/product_brand?post=110734"},{"taxonomy":"product_cat","embeddable":true,"href":"https:\/\/gpl-love.com\/es\/wp-json\/wp\/v2\/product_cat?post=110734"},{"taxonomy":"product_tag","embeddable":true,"href":"https:\/\/gpl-love.com\/es\/wp-json\/wp\/v2\/product_tag?post=110734"}],"curies":[{"name":"wp","href":"https:\/\/api.w.org\/{rel}","templated":true}]}}