{"id":110728,"date":"2026-04-18T00:00:00","date_gmt":"2026-04-18T05:00:00","guid":{"rendered":"http:\/\/gpl-love.com\/es\/producto\/wp-media-folder-addons\/"},"modified":"2026-04-18T17:16:56","modified_gmt":"2026-04-18T22:16:56","slug":"wp-media-folder-addons","status":"publish","type":"product","link":"https:\/\/gpl-love.com\/es\/producto\/wp-media-folder-addons\/","title":{"rendered":"WP Media Folder Addon 4.1.5"},"content":{"rendered":"<h3>WP Media Folder Addon Caracteristicas<\/h3>\n<p>Los complementos de la carpeta WP Media, una herramienta incre\u00edblemente robusta dise\u00f1ada expl\u00edcitamente para los usuarios de WordPress que buscan mejorar su organizaci\u00f3n y administraci\u00f3n de archivos multimedia, es un complemento excepcional. Al ofrecer una extensa gama de capacidades, los usuarios pueden generar carpetas y subcarpetas sin esfuerzo, transferir sin problemas y duplicar archivos entre estas carpetas, modificar convenientemente los nombres de los archivos y mucho m\u00e1s. Este complemento fenomenal no solo abarca estas caracter\u00edsticas fundamentales, sino que tambi\u00e9n incorpora funcionalidades altamente avanzadas, como la capacidad de aplicar marcas de agua, cambiar el tama\u00f1o din\u00e1mico de im\u00e1genes y comprimir las im\u00e1genes efectivamente, presentando as\u00ed una soluci\u00f3n verdaderamente integral para todas las necesidades de gesti\u00f3n de medios. Adem\u00e1s, este complemento armoniza sin problemas con la gran mayor\u00eda de los temas de WordPress, lo que lo convierte en una opci\u00f3n instalable y f\u00e1cil de usar sin esfuerzo, incluso para personas que son nuevas en el reino de WordPress. Optimice su eficiencia, economice su valioso tiempo y racionalice sus esfuerzos de gesti\u00f3n de medios con los excepcionales complementos de la carpeta WP.<\/p>\n<ul>\n<li>Mejora la funcionalidad de la carpeta de medios WP con una variedad de nuevas caracter\u00edsticas y opciones<\/li>\n<li>Permite a los usuarios organizar f\u00e1cilmente archivos multimedia dentro de su sitio de WordPress<\/li>\n<li>Permite la creaci\u00f3n de carpetas m\u00faltiples y la organizaci\u00f3n de subcarpetas<\/li>\n<li>Proporciona opciones de filtrado avanzadas para localizar r\u00e1pidamente archivos multimedia espec\u00edficos<\/li>\n<li>Se integra con servicios populares de terceros como Dropbox y Google Drive<\/li>\n<li>Admite cambio de tama\u00f1o y optimizaci\u00f3n de im\u00e1genes para un rendimiento m\u00e1s r\u00e1pido del sitio web<\/li>\n<li>Ofrece una variedad de configuraciones de personalizaci\u00f3n para una experiencia de usuario personalizada<\/li>\n<li>Incluye un equipo integral de documentaci\u00f3n y apoyo para asistencia con cualquier problema o pregunta.<\/li>\n<li>Actualizado regularmente con mejoras y nuevas caracter\u00edsticas para mantenerse al d\u00eda con la tecnolog\u00eda de WordPress en evoluci\u00f3n<\/li>\n<li>Compatible con todos los principales temas y complementos de WordPress para una integraci\u00f3n perfecta en cualquier sitio web.<\/li>\n<\/ul>\n","protected":false},"excerpt":{"rendered":"<p>Los complementos de la carpeta WP Media es un complemento incre\u00edblemente robusto que amplifica significativamente la funcionalidad de la carpeta WP Media, la herramienta de administraci\u00f3n de medios Premier para WordPress. Este notable complemento ofrece una variedad de caracter\u00edsticas complementarias, incluida la capacidad de crear listas de reproducci\u00f3n de audio y video cautivadoras, aplicar convenientemente marcas de agua a granel, cambiar el tama\u00f1o de las im\u00e1genes autom\u00e1ticamente y mucho m\u00e1s. Al integrar perfectamente los complementos de la carpeta de medios WP en su sitio de WordPress, el proceso de supervisar y organizar sus archivos multimedia se convierte en una brisa absoluta, con una eficiencia y conveniencia incomparables.<\/p>\n","protected":false},"featured_media":168413,"comment_status":"open","ping_status":"open","template":"","meta":[],"product_brand":[2622],"product_cat":[1212,1206,1211],"product_tag":[1493],"class_list":{"0":"post-110728","1":"product","2":"type-product","3":"status-publish","4":"has-post-thumbnail","6":"product_brand-joomunited","7":"product_cat-administracion-wordpress-plugins","8":"product_cat-plugins","9":"product_cat-wordpress-plugins","10":"product_tag-joomunited","11":"member-discount","12":"discount-restricted","14":"first","15":"instock","16":"sale","17":"downloadable","18":"virtual","19":"sold-individually","20":"purchasable","21":"product-type-simple"},"_links":{"self":[{"href":"https:\/\/gpl-love.com\/es\/wp-json\/wp\/v2\/product\/110728","targetHints":{"allow":["GET"]}}],"collection":[{"href":"https:\/\/gpl-love.com\/es\/wp-json\/wp\/v2\/product"}],"about":[{"href":"https:\/\/gpl-love.com\/es\/wp-json\/wp\/v2\/types\/product"}],"replies":[{"embeddable":true,"href":"https:\/\/gpl-love.com\/es\/wp-json\/wp\/v2\/comments?post=110728"}],"wp:featuredmedia":[{"embeddable":true,"href":"https:\/\/gpl-love.com\/es\/wp-json\/wp\/v2\/media\/168413"}],"wp:attachment":[{"href":"https:\/\/gpl-love.com\/es\/wp-json\/wp\/v2\/media?parent=110728"}],"wp:term":[{"taxonomy":"product_brand","embeddable":true,"href":"https:\/\/gpl-love.com\/es\/wp-json\/wp\/v2\/product_brand?post=110728"},{"taxonomy":"product_cat","embeddable":true,"href":"https:\/\/gpl-love.com\/es\/wp-json\/wp\/v2\/product_cat?post=110728"},{"taxonomy":"product_tag","embeddable":true,"href":"https:\/\/gpl-love.com\/es\/wp-json\/wp\/v2\/product_tag?post=110728"}],"curies":[{"name":"wp","href":"https:\/\/api.w.org\/{rel}","templated":true}]}}