{"id":110726,"date":"2026-04-18T00:00:00","date_gmt":"2026-04-18T05:00:00","guid":{"rendered":"http:\/\/gpl-love.com\/es\/producto\/wp-media-folder-folders-in-wordpress-media-library\/"},"modified":"2026-04-18T17:16:57","modified_gmt":"2026-04-18T22:16:57","slug":"wp-media-folder-folders-in-wordpress-media-library","status":"publish","type":"product","link":"https:\/\/gpl-love.com\/es\/producto\/wp-media-folder-folders-in-wordpress-media-library\/","title":{"rendered":"WP Media Folder in WordPress Media Library 6.2.2"},"content":{"rendered":"<h3>WP Media Folder in WordPress Media Library Caracteristicas<\/h3>\n<p>La carpeta WP Media, un complemento de WordPress altamente eficiente, mejora significativamente la funcionalidad de la biblioteca de medios organizando h\u00e1bilmente archivos multimedia en carpetas meticulosamente estructuradas y convenientemente accesibles. La versatilidad de este complemento extraordinario permite a los usuarios crear sin esfuerzo un n\u00famero ilimitado de carpetas y subcarpetas, facilitando la administraci\u00f3n de archivos sin problemas. En particular, la carpeta WP Media incluso ofrece la notable capacidad para mover y copiar archivos entre carpetas, mientras se sincroniza sin problemas con servicios de almacenamiento remoto eminentes como Dropbox y Google Drive. Adem\u00e1s, la carpeta WP Media cuenta con una impresionante variedad de caracter\u00edsticas avanzadas, que incluyen compresi\u00f3n de im\u00e1genes, marca de agua y cambio de tama\u00f1o de im\u00e1genes, lo que lo convierte en una soluci\u00f3n que lo abarca todo para la gesti\u00f3n meticulosa de sus valiosos archivos multimedia. La interfaz de arrastrar y soltar altamente intuitiva, junto con su configuraci\u00f3n extremadamente f\u00e1cil de usar, culmina en una experiencia de usuario incomparable, simplificando la ardua tarea de administrar el contenido de los medios en su ilustre sitio web de WordPress.<\/p>\n<ul>\n<li>Biblioteca de medios organizada con carpetas para administrar y encontrar archivos f\u00e1cilmente<\/li>\n<li>Interfaz de arrastrar y soltar f\u00e1cilmente de uso de usuarios para organizar medios<\/li>\n<li>Capacidad para crear carpetas ilimitadas para la organizaci\u00f3n de medios<\/li>\n<li>Busque r\u00e1pidamente im\u00e1genes basadas en carpeta o palabra clave<\/li>\n<li>Soporte para m\u00faltiples tipos de archivos que incluyen im\u00e1genes, videos y audio<\/li>\n<li>Compatible con constructores de p\u00e1ginas populares para una integraci\u00f3n perfecta<\/li>\n<li>Opci\u00f3n para agregar metadatos personalizados para archivos individuales<\/li>\n<li>Rendimiento mejorado del sitio web con tiempos de carga m\u00e1s r\u00e1pidos para los medios<\/li>\n<li>Control de acceso seguro con permisos de carpeta para diferentes roles de usuario<\/li>\n<li>Sincronizaci\u00f3n autom\u00e1tica con servicios de almacenamiento en la nube como Google Drive y Dropbox.<\/li>\n<\/ul>\n","protected":false},"excerpt":{"rendered":"<p>Actualice su biblioteca de medios de WordPress con el complemento de carpeta WP Media, una herramienta notablemente robusta que le permite mejorar la organizaci\u00f3n y la administraci\u00f3n de sus archivos multimedia a trav\u00e9s de la creaci\u00f3n de carpetas personalizadas, sincronizaci\u00f3n perfecta con servicios en la nube y la capacidad de incorporar metadatos en sus im\u00e1genes y videos. D\u00e9jate despedir con la tediosa tarea de examinar innumerables archivos y revolucionar tu destreza de gesti\u00f3n de medios con las capacidades incomparables que ofrecen la carpeta de WP Media.<\/p>\n","protected":false},"featured_media":168415,"comment_status":"open","ping_status":"open","template":"","meta":[],"product_brand":[2622],"product_cat":[1212,1206,1211],"product_tag":[1493],"class_list":{"0":"post-110726","1":"product","2":"type-product","3":"status-publish","4":"has-post-thumbnail","6":"product_brand-joomunited","7":"product_cat-administracion-wordpress-plugins","8":"product_cat-plugins","9":"product_cat-wordpress-plugins","10":"product_tag-joomunited","11":"member-discount","12":"discount-restricted","14":"first","15":"instock","16":"sale","17":"downloadable","18":"virtual","19":"sold-individually","20":"purchasable","21":"product-type-simple"},"_links":{"self":[{"href":"https:\/\/gpl-love.com\/es\/wp-json\/wp\/v2\/product\/110726","targetHints":{"allow":["GET"]}}],"collection":[{"href":"https:\/\/gpl-love.com\/es\/wp-json\/wp\/v2\/product"}],"about":[{"href":"https:\/\/gpl-love.com\/es\/wp-json\/wp\/v2\/types\/product"}],"replies":[{"embeddable":true,"href":"https:\/\/gpl-love.com\/es\/wp-json\/wp\/v2\/comments?post=110726"}],"wp:featuredmedia":[{"embeddable":true,"href":"https:\/\/gpl-love.com\/es\/wp-json\/wp\/v2\/media\/168415"}],"wp:attachment":[{"href":"https:\/\/gpl-love.com\/es\/wp-json\/wp\/v2\/media?parent=110726"}],"wp:term":[{"taxonomy":"product_brand","embeddable":true,"href":"https:\/\/gpl-love.com\/es\/wp-json\/wp\/v2\/product_brand?post=110726"},{"taxonomy":"product_cat","embeddable":true,"href":"https:\/\/gpl-love.com\/es\/wp-json\/wp\/v2\/product_cat?post=110726"},{"taxonomy":"product_tag","embeddable":true,"href":"https:\/\/gpl-love.com\/es\/wp-json\/wp\/v2\/product_tag?post=110726"}],"curies":[{"name":"wp","href":"https:\/\/api.w.org\/{rel}","templated":true}]}}