{"id":110721,"date":"2025-11-14T00:00:00","date_gmt":"2025-11-14T05:00:00","guid":{"rendered":"http:\/\/gpl-love.com\/es\/producto\/jnews-wordpress-newspaper-magazine-blog-amp-theme\/"},"modified":"2026-03-13T17:22:55","modified_gmt":"2026-03-13T22:22:55","slug":"jnews-wordpress-newspaper-magazine-blog-amp-theme","status":"publish","type":"product","link":"https:\/\/gpl-love.com\/es\/producto\/jnews-wordpress-newspaper-magazine-blog-amp-theme\/","title":{"rendered":"JNews WordPress Newspaper Magazine Blog AMP Theme 12.0.2"},"content":{"rendered":"<h3>JNews WordPress Newspaper Magazine Blog AMP Theme Caracteristicas<\/h3>\n<p>JNews, un tema de WordPress incre\u00edblemente vers\u00e1til, ha sido intrincadamente dise\u00f1ado para satisfacer espec\u00edficamente a las necesidades de los peri\u00f3dicos, revistas y blogs por igual. Con una gran cantidad de caracter\u00edsticas y funcionalidades avanzadas, este tema le permite ofrecer contenido rico y fascinante a sus estimados lectores. Una de sus cualidades destacadas es su inquebrantable apoyo para la tecnolog\u00eda de Google AMP muy solicitada, lo que garantiza que su sitio web se cargue r\u00e1pido y sin problemas en una gran cantidad de dispositivos m\u00f3viles. Esta capacidad es de suma importancia cuando se trata de retener a los usuarios, ya que los sitios web de carga lenta a menudo se encuentran con frustraci\u00f3n y se abandonan r\u00e1pidamente. Adem\u00e1s, JNews viene equipado con una mir\u00edada de plantillas y dise\u00f1os predeterminados personalizables, que le ofrece la invaluable oportunidad de elaborar un sitio web que sea verdaderamente \u00fanico y exuda profesionalismo sin la necesidad de ninguna destreza de codificaci\u00f3n. Como si eso no fuera lo suficientemente impresionante, este tema impecable tambi\u00e9n se ha optimizado meticulosamente para fines de SEO, lo que significa que los motores de b\u00fasqueda indexar\u00e1n sin esfuerzo su contenido cautivador, lo que lleva a un aumento sustancial en el tr\u00e1fico a su preciada morada en l\u00ednea. Ya sea que se identifique como un editor distinguido, un periodista experimentado o un blogger apasionado, JNews se destaca como una elecci\u00f3n ejemplar cuando se trata de crear un sitio web exquisitamente din\u00e1mico e infalitamente receptivo que se distingue sin esfuerzo de la competencia.<\/p>\n<ul>\n<li>Un tema de WordPress visualmente impresionante dise\u00f1ado espec\u00edficamente para sitios web de noticias, revistas y blogs.<\/li>\n<li>Cuenta con un dise\u00f1o totalmente personalizable que le permite crear un sitio web \u00fanico y din\u00e1mico.<\/li>\n<li>Incluye un constructor de p\u00e1ginas incorporado que le permite crear p\u00e1ginas complejas sin ninguna experiencia de codificaci\u00f3n.<\/li>\n<li>Viene con m\u00e1s de 120 dise\u00f1os de p\u00e1gina de inicio, lo que le permite crear un dise\u00f1o profesional que coincida con su marca.<\/li>\n<li>Optimizado para el rendimiento, asegurando que su sitio web se cargue de manera r\u00e1pida y eficiente.<\/li>\n<li>Admite el formato de p\u00e1ginas m\u00f3viles aceleradas (AMP), asegurando que su sitio web est\u00e9 accesible en dispositivos m\u00f3viles.<\/li>\n<li>Incluye una variedad de plantillas incorporadas para varias p\u00e1ginas, incluidas p\u00e1ginas de autor, p\u00e1ginas de categor\u00edas y p\u00e1ginas de b\u00fasqueda.<\/li>\n<li>Proporciona una gama de opciones de personalizaci\u00f3n para fuentes, colores y marca, lo que le permite crear un dise\u00f1o cohesivo que coincida con su marca.<\/li>\n<li>Incluye una gu\u00eda de documentaci\u00f3n completa y actualizaciones regulares, asegurando que su sitio web permanezca actualizado y optimizado.<\/li>\n<\/ul>\n","protected":false},"excerpt":{"rendered":"<p>Si est\u00e1 buscando una soluci\u00f3n confiable y pulida para lanzar un peri\u00f3dico, revista o blog en l\u00ednea profesional, el tema JNews WordPress se presenta como una selecci\u00f3n \u00f3ptima. Exhibiendo un dise\u00f1o adaptable que se adapte perfectamente a varios dispositivos, incluidos tel\u00e9fonos m\u00f3viles, tabletas y computadoras de escritorio, este tema se distingue a\u00fan m\u00e1s por sus tiempos de carga acelerados, como resultado de sus caracter\u00edsticas integradas de AMP. Adem\u00e1s, el tema JNews WordPress ofrece a los usuarios opciones de personalizaci\u00f3n sin esfuerzo, otorg\u00e1ndole la capacidad de adaptar la est\u00e9tica y la atm\u00f3sfera de su sitio web para alinearse perfectamente con sus distintas preferencias y estilo. Ya sea que se encuentre en las primeras etapas de una carrera de periodismo, un escritor independiente con una ferviente pasi\u00f3n por los blogs o un editor veterano con una amplia experiencia, tenga la seguridad de que el tema de JNews WordPress abarca todos los elementos esenciales necesarios para impulsar su presencia en l\u00ednea a sin precedentes sin precedentes. alturas.<\/p>\n","protected":false},"featured_media":166523,"comment_status":"open","ping_status":"open","template":"","meta":[],"product_brand":[2337],"product_cat":[1245,1237,1238],"product_tag":[1391],"class_list":{"0":"post-110721","1":"product","2":"type-product","3":"status-publish","4":"has-post-thumbnail","6":"product_brand-themeforest","7":"product_cat-blog-revista","8":"product_cat-temas","9":"product_cat-wordpress-temas","10":"product_tag-themeforest","11":"member-discount","12":"discount-restricted","14":"first","15":"instock","16":"sale","17":"downloadable","18":"virtual","19":"sold-individually","20":"purchasable","21":"product-type-simple"},"_links":{"self":[{"href":"https:\/\/gpl-love.com\/es\/wp-json\/wp\/v2\/product\/110721","targetHints":{"allow":["GET"]}}],"collection":[{"href":"https:\/\/gpl-love.com\/es\/wp-json\/wp\/v2\/product"}],"about":[{"href":"https:\/\/gpl-love.com\/es\/wp-json\/wp\/v2\/types\/product"}],"replies":[{"embeddable":true,"href":"https:\/\/gpl-love.com\/es\/wp-json\/wp\/v2\/comments?post=110721"}],"wp:featuredmedia":[{"embeddable":true,"href":"https:\/\/gpl-love.com\/es\/wp-json\/wp\/v2\/media\/166523"}],"wp:attachment":[{"href":"https:\/\/gpl-love.com\/es\/wp-json\/wp\/v2\/media?parent=110721"}],"wp:term":[{"taxonomy":"product_brand","embeddable":true,"href":"https:\/\/gpl-love.com\/es\/wp-json\/wp\/v2\/product_brand?post=110721"},{"taxonomy":"product_cat","embeddable":true,"href":"https:\/\/gpl-love.com\/es\/wp-json\/wp\/v2\/product_cat?post=110721"},{"taxonomy":"product_tag","embeddable":true,"href":"https:\/\/gpl-love.com\/es\/wp-json\/wp\/v2\/product_tag?post=110721"}],"curies":[{"name":"wp","href":"https:\/\/api.w.org\/{rel}","templated":true}]}}