{"id":110719,"date":"2024-06-25T00:00:00","date_gmt":"2024-06-25T05:00:00","guid":{"rendered":"http:\/\/gpl-love.com\/es\/producto\/totaldesk-helpdesk-live-chat-knowledge-base-and-ticket-system\/"},"modified":"2026-04-10T11:28:58","modified_gmt":"2026-04-10T16:28:58","slug":"totaldesk-helpdesk-live-chat-knowledge-base-and-ticket-system","status":"publish","type":"product","link":"https:\/\/gpl-love.com\/es\/producto\/totaldesk-helpdesk-live-chat-knowledge-base-and-ticket-system\/","title":{"rendered":"TotalDesk Helpdesk Live Chat Knowledge Base y Ticket System 1.8.1"},"content":{"rendered":"<h3>TotalDesk Helpdesk Live Chat Knowledge Base y Ticket System Caracteristicas<\/h3>\n<p>Totaldesk es una soluci\u00f3n multifuncional de atenci\u00f3n al cliente que abarca una amplia gama de caracter\u00edsticas, como HelpDesk, Live Chat, Knowledge Base y System. El objetivo principal de esta plataforma es optimizar las operaciones de atenci\u00f3n al cliente y mejorar la satisfacci\u00f3n del cliente mediante la entrega de respuestas r\u00e1pidas y asistencia personalizada. A trav\u00e9s de Totaldesk, las empresas est\u00e1n facultadas para manejar sin esfuerzo las consultas de los clientes y las solicitudes de soporte, al tiempo que ofrecen simult\u00e1neamente capacidades de autoservicio a trav\u00e9s de la base de conocimiento. La funcionalidad de chat en vivo permite la comunicaci\u00f3n en tiempo real entre las empresas y sus clientes, mientras que el sistema de boletos garantiza un seguimiento y organizaci\u00f3n meticulosos de todas las interacciones. En esencia, Totaldesk es una soluci\u00f3n integral de atenci\u00f3n al cliente que atiende a empresas de diversos tama\u00f1os, facilitando la provisi\u00f3n de un servicio al cliente excepcional.<\/p>\n<ul>\n<li>Soluci\u00f3n de atenci\u00f3n al cliente todo en uno<\/li>\n<li>Chat en vivo en tiempo real para asistencia inmediata al cliente<\/li>\n<li>Base de conocimiento f\u00e1cilmente b\u00fasqueda para ayuda de autoservicio<\/li>\n<li>Sistema de boletos eficiente para consultas organizadas de clientes<\/li>\n<li>Personalizable con opciones de marca y dise\u00f1o<\/li>\n<li>Interfaz f\u00e1cil de usar tanto para clientes como para agentes de soporte<\/li>\n<li>Responsable m\u00f3vil para la accesibilidad en m\u00faltiples dispositivos<\/li>\n<li>Integraci\u00f3n con CRM populares y plataformas de correo electr\u00f3nico<\/li>\n<li>Informes y an\u00e1lisis integrales para un mejor rendimiento de soporte<\/li>\n<li>Soporte de varios idiomas para clientes internacionales.<\/li>\n<\/ul>\n","protected":false},"excerpt":{"rendered":"<p>El Desk Totaldesk se erige como una soluci\u00f3n multifac\u00e9tica y que lo abarca todo, que atiende a las intrincadas necesidades de las empresas que buscan un sistema de boletos robusto, soporte de chat en vivo y una gran cantidad de recursos de base de conocimiento. Una plataforma inventiva y con visi\u00f3n de futuro, sirve como un conducto para acelerar y racionalizar las operaciones de atenci\u00f3n al cliente, brindando a las empresas la oportunidad de navegar sin esfuerzo el laberinto de las consultas y las preocupaciones de los clientes. Su interfaz f\u00e1cil de usar faculta a los equipos para administrar de manera r\u00e1pida y r\u00e1pida las entradas de los clientes, abordar r\u00e1pidamente las consultas de chat en vivo y mantener meticulosamente una base de conocimiento en constante evoluci\u00f3n para una f\u00e1cil referencia. Sin lugar a dudas, el Totaldesk Help -Desk surge como una resoluci\u00f3n inigualable e ideal para las empresas que se esfuerzan por ejecutar pr\u00e1cticas de servicio al cliente eficientes y eficaces.<\/p>\n","protected":false},"featured_media":167840,"comment_status":"open","ping_status":"open","template":"","meta":[],"product_brand":[2339],"product_cat":[1212,1206,1211],"product_tag":[1256],"class_list":{"0":"post-110719","1":"product","2":"type-product","3":"status-publish","4":"has-post-thumbnail","6":"product_brand-codecanyon","7":"product_cat-administracion-wordpress-plugins","8":"product_cat-plugins","9":"product_cat-wordpress-plugins","10":"product_tag-codecanyon","11":"member-discount","12":"discount-restricted","14":"first","15":"instock","16":"sale","17":"downloadable","18":"virtual","19":"sold-individually","20":"purchasable","21":"product-type-simple"},"_links":{"self":[{"href":"https:\/\/gpl-love.com\/es\/wp-json\/wp\/v2\/product\/110719","targetHints":{"allow":["GET"]}}],"collection":[{"href":"https:\/\/gpl-love.com\/es\/wp-json\/wp\/v2\/product"}],"about":[{"href":"https:\/\/gpl-love.com\/es\/wp-json\/wp\/v2\/types\/product"}],"replies":[{"embeddable":true,"href":"https:\/\/gpl-love.com\/es\/wp-json\/wp\/v2\/comments?post=110719"}],"wp:featuredmedia":[{"embeddable":true,"href":"https:\/\/gpl-love.com\/es\/wp-json\/wp\/v2\/media\/167840"}],"wp:attachment":[{"href":"https:\/\/gpl-love.com\/es\/wp-json\/wp\/v2\/media?parent=110719"}],"wp:term":[{"taxonomy":"product_brand","embeddable":true,"href":"https:\/\/gpl-love.com\/es\/wp-json\/wp\/v2\/product_brand?post=110719"},{"taxonomy":"product_cat","embeddable":true,"href":"https:\/\/gpl-love.com\/es\/wp-json\/wp\/v2\/product_cat?post=110719"},{"taxonomy":"product_tag","embeddable":true,"href":"https:\/\/gpl-love.com\/es\/wp-json\/wp\/v2\/product_tag?post=110719"}],"curies":[{"name":"wp","href":"https:\/\/api.w.org\/{rel}","templated":true}]}}