{"id":110717,"date":"2026-03-16T00:00:00","date_gmt":"2026-03-16T05:00:00","guid":{"rendered":"http:\/\/gpl-love.com\/es\/producto\/powerpack-for-beaver-builder\/"},"modified":"2026-04-10T11:21:53","modified_gmt":"2026-04-10T16:21:53","slug":"powerpack-for-beaver-builder","status":"publish","type":"product","link":"https:\/\/gpl-love.com\/es\/producto\/powerpack-for-beaver-builder\/","title":{"rendered":"PowerPack para Beaver Builder 2.42.0"},"content":{"rendered":"<h3>PowerPack para Beaver Builder Caracteristicas<\/h3>\n<p>El PowerPack for Beaver Builder es un complemento indispensable para las personas que utilizan Beaver Builder como su plataforma de referencia para construir sitios web de WordPress. Este complemento notablemente potente incorpora una extensa variedad de m\u00e1s de 70 m\u00f3dulos personalizados, plantillas y complementos, que se integran sin problemas con Beaver Builder, lo que brinda a los usuarios un mayor nivel de adaptabilidad y autoridad en su sitio web. Armado con una variedad de caracter\u00edsticas impresionantes, como el m\u00f3dulo de publicaciones avanzadas, el m\u00f3dulo de mesa de precios y una variedad de elementos de dise\u00f1o \u00fanicos como la caja de flip y el temporizador de cuenta regresiva, uno puede moda sin esfuerzo en sitios web visualmente y altamente funcionales sin pelear tiempo precioso. Adem\u00e1s, el PowerPack para Beaver Builder est\u00e1 dise\u00f1ado de manera inteligente para ser totalmente receptivo, asegurando un atractivo visual \u00f3ptimo en una mir\u00edada de tipos de dispositivos. Ya sea que uno cuenta con una amplia experiencia en el desarrollo web o sea un ne\u00f3fito en este \u00e1mbito, el Powerpack para Beaver Builder, sin duda, sigue siendo un recurso indispensable para sitios web de calibre profesionales de fabricaci\u00f3n de calibre profesional.<\/p>\n<ul>\n<li>Mejore el rendimiento de la p\u00e1gina web utilizando el PowerPack para Beaver Builder.<\/li>\n<li>Mejore la funcionalidad de Beaver Builder con m\u00f3dulos y plantillas adicionales.<\/li>\n<li>Acceda a caracter\u00edsticas avanzadas como botones de intercambio social, tablas de precios y un temporizador de cuenta regresiva.<\/li>\n<li>Optimice su p\u00e1gina web para los motores de b\u00fasqueda con soporte de marcado de esquema incorporado.<\/li>\n<li>Personalice a\u00fan m\u00e1s su p\u00e1gina web con la capacidad de establecer fondos personalizados, gradientes y efectos de desplazamiento.<\/li>\n<li>Guarde tiempo con plantillas preconstruidas para p\u00e1ginas y secciones, lo que permite una creaci\u00f3n de p\u00e1gina r\u00e1pida y f\u00e1cil.<\/li>\n<li>Agilice su flujo de trabajo con el dise\u00f1o receptivo, asegurando que su p\u00e1gina web se vea muy bien en cualquier dispositivo.<\/li>\n<li>Agregue f\u00e1cilmente el c\u00f3digo CSS y JavaScript personalizado a su p\u00e1gina web para obtener opciones de personalizaci\u00f3n a\u00fan m\u00e1s avanzadas.<\/li>\n<li>Reciba actualizaciones y mejoras peri\u00f3dicas al PowerPack para Beaver Builder para la optimizaci\u00f3n y el soporte continuos.<\/li>\n<\/ul>\n","protected":false},"excerpt":{"rendered":"<p>El PowerPack para Beaver Builder, un complemento premium altamente estimado, amplifica en gran medida la funcionalidad del reconocido Beaver Builder Page Builder espec\u00edficamente adaptado para WordPress. Con un repertorio impresionante de m\u00e1s de 60 m\u00f3dulos avanzados intrincadamente dise\u00f1ados y plantillas meticulosamente elaboradas, este complemento extraordinario permite que incluso los desarrolladores web m\u00e1s exigentes fabriquen sitios web visualmente sorprendentes. Dentro del arsenal expansivo del PowerPack, a los usuarios se les otorga un acceso incomparable a una gran cantidad de caracter\u00edsticas de vanguardia, incluida, entre otras, tipograf\u00eda sofisticada, cautivadores de efectos de imagen, contenido sin costuras, integraci\u00f3n sin interrupciones con varias plataformas de redes sociales y una cornucopia de cornucopia de la cornucopia de Otras herramientas invaluables. Independientemente del nivel de competencia de uno, ya sea que se embarque en el emocionante viaje de la construcci\u00f3n del sitio web o que posee un dominio experimentado de la nave, el Powerpack para Beaver Builder sirve inequ\u00edvocamente como un instrumento indispensable, lo que permite a las personas que fabrican plataformas web dominantes y completamente a pesta\u00f1as.<\/p>\n","protected":false},"featured_media":167243,"comment_status":"open","ping_status":"open","template":"","meta":[],"product_brand":[2533],"product_cat":[1214,1206,1211],"product_tag":[2178],"class_list":{"0":"post-110717","1":"product","2":"type-product","3":"status-publish","4":"has-post-thumbnail","6":"product_brand-beaver-addons","7":"product_cat-personalizacion","8":"product_cat-plugins","9":"product_cat-wordpress-plugins","10":"product_tag-beaver-addons","11":"member-discount","12":"discount-restricted","14":"first","15":"instock","16":"sale","17":"downloadable","18":"virtual","19":"sold-individually","20":"purchasable","21":"product-type-simple"},"_links":{"self":[{"href":"https:\/\/gpl-love.com\/es\/wp-json\/wp\/v2\/product\/110717","targetHints":{"allow":["GET"]}}],"collection":[{"href":"https:\/\/gpl-love.com\/es\/wp-json\/wp\/v2\/product"}],"about":[{"href":"https:\/\/gpl-love.com\/es\/wp-json\/wp\/v2\/types\/product"}],"replies":[{"embeddable":true,"href":"https:\/\/gpl-love.com\/es\/wp-json\/wp\/v2\/comments?post=110717"}],"wp:featuredmedia":[{"embeddable":true,"href":"https:\/\/gpl-love.com\/es\/wp-json\/wp\/v2\/media\/167243"}],"wp:attachment":[{"href":"https:\/\/gpl-love.com\/es\/wp-json\/wp\/v2\/media?parent=110717"}],"wp:term":[{"taxonomy":"product_brand","embeddable":true,"href":"https:\/\/gpl-love.com\/es\/wp-json\/wp\/v2\/product_brand?post=110717"},{"taxonomy":"product_cat","embeddable":true,"href":"https:\/\/gpl-love.com\/es\/wp-json\/wp\/v2\/product_cat?post=110717"},{"taxonomy":"product_tag","embeddable":true,"href":"https:\/\/gpl-love.com\/es\/wp-json\/wp\/v2\/product_tag?post=110717"}],"curies":[{"name":"wp","href":"https:\/\/api.w.org\/{rel}","templated":true}]}}