{"id":110715,"date":"2025-07-31T00:00:00","date_gmt":"2025-07-31T05:00:00","guid":{"rendered":"http:\/\/gpl-love.com\/es\/producto\/simple-link-directory-pro-wordpress-plugin\/"},"modified":"2026-04-10T11:24:50","modified_gmt":"2026-04-10T16:24:50","slug":"simple-link-directory-pro-wordpress-plugin","status":"publish","type":"product","link":"https:\/\/gpl-love.com\/es\/producto\/simple-link-directory-pro-wordpress-plugin\/","title":{"rendered":"Simple Link Directory Pro Wordpress Plugin 14.8.4"},"content":{"rendered":"<h3>Simple Link Directory Pro Wordpress Plugin Caracteristicas<\/h3>\n<p>El complemento Simple Link Directory Pro WordPress, reconocido por sus poderosas capacidades, ofrece a los propietarios de sitios web la oportunidad de establecer directorios de enlaces con todo abogado en sus respectivos sitios web. Al proporcionar la capacidad de incorporar m\u00faltiples categor\u00edas, personalizar campos e incluso modificar los estilos de CSS, este notable complemento simplifica la tarea de organizar y exhibir enlaces de una manera que exude profesionalismo y atractivo visual. Adem\u00e1s, superando el funcionamiento del directorio de enlaces rudimentario mero, el complemento Simple Link Directory Pro tambi\u00e9n cuenta con atributos adicionales, como el seguimiento de enlaces, la optimizaci\u00f3n de motores de b\u00fasqueda y la validaci\u00f3n de enlaces, lo que le da un activo invaluable para cualquier propietario del sitio web que busque mejorar sus esfuerzos de gesti\u00f3n de enlaces y el aumento la credibilidad de su sitio web. Independientemente de si se identifica como blogger, vendedor o propietario de un negocio, la indispensabilidad del complemento de WordPress Pro Directory Pro Simple Link no puede ser exagerado, ya que es una herramienta indispensable para optimizar el valor de enlace de su sitio web.<\/p>\n<ul>\n<li>Un complemento de WordPress f\u00e1cil de usar que le permite crear y administrar directorios de enlaces en su sitio web<\/li>\n<li>Plantillas y estilos personalizables para que coincidan con la apariencia de su sitio web<\/li>\n<li>Permite env\u00edos de usuarios y moderaci\u00f3n, lo que le brinda control sobre los enlaces que se muestran en su sitio<\/li>\n<li>Soporte de varios idiomas, lo que lo hace accesible para usuarios de todo el mundo<\/li>\n<li>Caracter\u00edsticas amigables con SEO, incluidos meta t\u00edtulos y descripciones personalizados para sus enlaces y categor\u00edas<\/li>\n<li>Estad\u00edsticas y seguimiento incorporados para medir el rendimiento de su directorio de enlaces<\/li>\n<li>Se integra con temas populares de WordPress y otros complementos para una funcionalidad perfecta<\/li>\n<li>Actualizaciones regulares y atenci\u00f3n al cliente para garantizar que el complemento funcione sin problemas y satisfaga sus necesidades.<\/li>\n<\/ul>\n","protected":false},"excerpt":{"rendered":"<p>Simple Link Directory Pro, un complemento de WordPress altamente robusto y rico en funciones, ofrece a los propietarios de sitios una soluci\u00f3n perfecta y sin esfuerzo para la creaci\u00f3n y gesti\u00f3n de los directorios de enlaces. En virtud de su interfaz f\u00e1cil e intuitiva, las personas pueden incorporar y organizar sin esfuerzo una amplia gama de enlaces, establecer y configurar categor\u00edas y etiquetas, as\u00ed como personalizar la apariencia general y el ambiente de su directorio para alinearse impecablemente con su marca \u00fanica. Ya sea que uno se esfuerza por construir un extenso dep\u00f3sito de recursos valiosos, seleccione una lista extensa de productos o servicios recomendados, o simplemente seleccione una variedad de enlaces pertinentes para el beneficio de su p\u00fablico objetivo, el directorio de enlaces simples pro se pare como la herramienta incomparable de elecci\u00f3n de la elecci\u00f3n. Esos anhelados a infundir su sitio web con un aire de m\u00e1xima profesionalidad.<\/p>\n","protected":false},"featured_media":167491,"comment_status":"open","ping_status":"open","template":"","meta":[],"product_brand":[2339],"product_cat":[1214,1206,1211],"product_tag":[1256],"class_list":{"0":"post-110715","1":"product","2":"type-product","3":"status-publish","4":"has-post-thumbnail","6":"product_brand-codecanyon","7":"product_cat-personalizacion","8":"product_cat-plugins","9":"product_cat-wordpress-plugins","10":"product_tag-codecanyon","11":"member-discount","12":"discount-restricted","14":"first","15":"instock","16":"sale","17":"downloadable","18":"virtual","19":"sold-individually","20":"purchasable","21":"product-type-simple"},"_links":{"self":[{"href":"https:\/\/gpl-love.com\/es\/wp-json\/wp\/v2\/product\/110715","targetHints":{"allow":["GET"]}}],"collection":[{"href":"https:\/\/gpl-love.com\/es\/wp-json\/wp\/v2\/product"}],"about":[{"href":"https:\/\/gpl-love.com\/es\/wp-json\/wp\/v2\/types\/product"}],"replies":[{"embeddable":true,"href":"https:\/\/gpl-love.com\/es\/wp-json\/wp\/v2\/comments?post=110715"}],"wp:featuredmedia":[{"embeddable":true,"href":"https:\/\/gpl-love.com\/es\/wp-json\/wp\/v2\/media\/167491"}],"wp:attachment":[{"href":"https:\/\/gpl-love.com\/es\/wp-json\/wp\/v2\/media?parent=110715"}],"wp:term":[{"taxonomy":"product_brand","embeddable":true,"href":"https:\/\/gpl-love.com\/es\/wp-json\/wp\/v2\/product_brand?post=110715"},{"taxonomy":"product_cat","embeddable":true,"href":"https:\/\/gpl-love.com\/es\/wp-json\/wp\/v2\/product_cat?post=110715"},{"taxonomy":"product_tag","embeddable":true,"href":"https:\/\/gpl-love.com\/es\/wp-json\/wp\/v2\/product_tag?post=110715"}],"curies":[{"name":"wp","href":"https:\/\/api.w.org\/{rel}","templated":true}]}}